{"id":214,"date":"2022-12-26T23:01:49","date_gmt":"2022-12-26T23:01:49","guid":{"rendered":"https:\/\/manantialdelasflores.com\/?post_type=product&#038;p=214"},"modified":"2026-02-26T21:10:23","modified_gmt":"2026-02-26T21:10:23","slug":"limonado-para-te","status":"publish","type":"product","link":"https:\/\/manantialdelasflores.com\/en\/shop\/limonado-para-te\/","title":{"rendered":"Hierbas Limonadas deshidratadas para T\u00e9"},"content":{"rendered":"<p>Seleccionamos cuidadosamente las hierbas para nuestras mezclas de t\u00e9s, las deshidratamos y las empacamos, para que guarden sus propiedades y sus aromas.<\/p>\n<p>Depurador, refrescante, rico en vitamina C, antiviral.<\/p>\n<p><strong>Modo de preparar:<\/strong> Verter una taza de agua hirviendo sobre una cucharadita de las hierbas, dejar reposar colar y servir frio o caliente.<\/p>\n<p><strong>Ingredientes: <\/strong>Cymbopogon citratus (zacate lim\u00f3n),Pelargonium graveolens (geranio lim\u00f3n), Ocimun basilicum (albahaca lim\u00f3n),Cymbopogon nardus (citronela), hojas y frutas de (Citrus limon)lim\u00f3n. Todo cultivado en el Rancho Agroecol\u00f3gico Agua Escondida.<\/p>\n","protected":false},"excerpt":{"rendered":"<p>Deliciosa mezcla eneg\u00e9tica y refrescante, para tomar caliente o helada.<\/p>\n","protected":false},"featured_media":208,"comment_status":"open","ping_status":"closed","template":"","meta":[],"product_brand":[],"product_cat":[72,73],"product_tag":[75,74],"class_list":{"0":"post-214","1":"product","2":"type-product","3":"status-publish","4":"has-post-thumbnail","6":"product_cat-alimentacion","7":"product_cat-tes-y-cafes","8":"product_tag-limondado","9":"product_tag-te","11":"first","12":"instock","13":"shipping-taxable","14":"purchasable","15":"product-type-simple"},"_links":{"self":[{"href":"https:\/\/manantialdelasflores.com\/en\/wp-json\/wp\/v2\/product\/214","targetHints":{"allow":["GET"]}}],"collection":[{"href":"https:\/\/manantialdelasflores.com\/en\/wp-json\/wp\/v2\/product"}],"about":[{"href":"https:\/\/manantialdelasflores.com\/en\/wp-json\/wp\/v2\/types\/product"}],"replies":[{"embeddable":true,"href":"https:\/\/manantialdelasflores.com\/en\/wp-json\/wp\/v2\/comments?post=214"}],"wp:featuredmedia":[{"embeddable":true,"href":"https:\/\/manantialdelasflores.com\/en\/wp-json\/wp\/v2\/media\/208"}],"wp:attachment":[{"href":"https:\/\/manantialdelasflores.com\/en\/wp-json\/wp\/v2\/media?parent=214"}],"wp:term":[{"taxonomy":"product_brand","embeddable":true,"href":"https:\/\/manantialdelasflores.com\/en\/wp-json\/wp\/v2\/product_brand?post=214"},{"taxonomy":"product_cat","embeddable":true,"href":"https:\/\/manantialdelasflores.com\/en\/wp-json\/wp\/v2\/product_cat?post=214"},{"taxonomy":"product_tag","embeddable":true,"href":"https:\/\/manantialdelasflores.com\/en\/wp-json\/wp\/v2\/product_tag?post=214"}],"curies":[{"name":"wp","href":"https:\/\/api.w.org\/{rel}","templated":true}]}}