{"id":215,"date":"2022-12-26T23:05:36","date_gmt":"2022-12-26T23:05:36","guid":{"rendered":"https:\/\/manantialdelasflores.com\/?post_type=product&#038;p=215"},"modified":"2026-02-26T21:19:24","modified_gmt":"2026-02-26T21:19:24","slug":"ortiga-para-te","status":"publish","type":"product","link":"https:\/\/manantialdelasflores.com\/en\/shop\/ortiga-para-te\/","title":{"rendered":"Ortiga deshidratada para T\u00e9"},"content":{"rendered":"<div class=\"short-description\">\n<div class=\"std\">Seleccionamos cuidadosamente las hierbas para nuestras mezclas de t\u00e9s, las deshidratamos y las empacamos, para que guarden sus propiedades y sus aromas.<\/div>\n<div>Disminuya la retenci\u00f3n de\u00a0 l\u00edquidos y ayuda a eliminar la grasa, desintoxica, baja los niveles de az\u00facar y apoya una pr\u00f3stata sana.<\/div>\n<div><\/div>\n<div><strong>Modo de preparar:<\/strong> Verter una taza de agua hirviendo sobre 2 cucharaditas de la hierba tapar y dejar reposar 4 minutos.<\/div>\n<div><\/div>\n<\/div>\n<div class=\"sku\"><strong>Ingredientes:<\/strong> Urtica dioica (Ortiga) cultivada en el rancho Agroecol\u00f3gico Agua Escondida.<\/div>\n","protected":false},"excerpt":{"rendered":"<p>Una taza en ayunas media hora antes del desayuno y una \u00f3 dos m\u00e1s distribuidas durante el d\u00eda a la temperatura que se te antoje te dar\u00e1 m\u00e1s vigor en tu vida cotidiana. El T\u00c9 DE ORTIGA\u00a0 nunca debe hervirse (prep\u00e1ralo de acuerdo a las instrucciones del paquete), ni endulzarse con az\u00facar. Para quien no le agrade el sabor puede a\u00f1adir una pizca de menta para mejorarlo.<\/p>\n","protected":false},"featured_media":200,"comment_status":"open","ping_status":"closed","template":"","meta":[],"product_brand":[],"product_cat":[72,73],"product_tag":[31,74],"class_list":{"0":"post-215","1":"product","2":"type-product","3":"status-publish","4":"has-post-thumbnail","6":"product_cat-alimentacion","7":"product_cat-tes-y-cafes","8":"product_tag-ortiga","9":"product_tag-te","11":"first","12":"instock","13":"shipping-taxable","14":"purchasable","15":"product-type-simple"},"_links":{"self":[{"href":"https:\/\/manantialdelasflores.com\/en\/wp-json\/wp\/v2\/product\/215","targetHints":{"allow":["GET"]}}],"collection":[{"href":"https:\/\/manantialdelasflores.com\/en\/wp-json\/wp\/v2\/product"}],"about":[{"href":"https:\/\/manantialdelasflores.com\/en\/wp-json\/wp\/v2\/types\/product"}],"replies":[{"embeddable":true,"href":"https:\/\/manantialdelasflores.com\/en\/wp-json\/wp\/v2\/comments?post=215"}],"wp:featuredmedia":[{"embeddable":true,"href":"https:\/\/manantialdelasflores.com\/en\/wp-json\/wp\/v2\/media\/200"}],"wp:attachment":[{"href":"https:\/\/manantialdelasflores.com\/en\/wp-json\/wp\/v2\/media?parent=215"}],"wp:term":[{"taxonomy":"product_brand","embeddable":true,"href":"https:\/\/manantialdelasflores.com\/en\/wp-json\/wp\/v2\/product_brand?post=215"},{"taxonomy":"product_cat","embeddable":true,"href":"https:\/\/manantialdelasflores.com\/en\/wp-json\/wp\/v2\/product_cat?post=215"},{"taxonomy":"product_tag","embeddable":true,"href":"https:\/\/manantialdelasflores.com\/en\/wp-json\/wp\/v2\/product_tag?post=215"}],"curies":[{"name":"wp","href":"https:\/\/api.w.org\/{rel}","templated":true}]}}