{"id":216,"date":"2022-12-26T23:42:03","date_gmt":"2022-12-26T23:42:03","guid":{"rendered":"https:\/\/manantialdelasflores.com\/?post_type=product&#038;p=216"},"modified":"2026-02-26T21:11:48","modified_gmt":"2026-02-26T21:11:48","slug":"menta-para-te","status":"publish","type":"product","link":"https:\/\/manantialdelasflores.com\/en\/shop\/menta-para-te\/","title":{"rendered":"Mentas deshidratadas para T\u00e9"},"content":{"rendered":"<div class=\"short-description\">\n<div class=\"std\">Seleccionamos cuidadosamente las hierbas para nuestras mezclas de t\u00e9s, las deshidratamos y las empacamos, para que guarden sus propiedades y sus aromas.<\/div>\n<div><\/div>\n<div>Refrescante, mejora la digesti\u00f3n la memoria, problemas estomacales y dolor de cabeza.<\/div>\n<div><\/div>\n<div><strong>Modo de Preparar:<\/strong> Verter una cucharadita de las hierbas en una taza de agua hirviendo, dejar reposar 4 minutos. Colar y servir<\/div>\n<div><\/div>\n<\/div>\n<div class=\"sku\"><strong>Ingredientes:<\/strong> Menthas spp (menta piperina y hierbabuena)<\/div>\n","protected":false},"excerpt":{"rendered":"<p>Contiene menta y hierbabuena\u00a0 para que puedas preparar una deliciosa infusi\u00f3n a tu gusto: fr\u00eda \u00f3 caliente a cualquier hora del d\u00eda.<\/p>\n","protected":false},"featured_media":253,"comment_status":"open","ping_status":"closed","template":"","meta":[],"product_brand":[],"product_cat":[72,73],"product_tag":[34,74],"class_list":{"0":"post-216","1":"product","2":"type-product","3":"status-publish","4":"has-post-thumbnail","6":"product_cat-alimentacion","7":"product_cat-tes-y-cafes","8":"product_tag-menta","9":"product_tag-te","11":"first","12":"instock","13":"shipping-taxable","14":"purchasable","15":"product-type-simple"},"_links":{"self":[{"href":"https:\/\/manantialdelasflores.com\/en\/wp-json\/wp\/v2\/product\/216","targetHints":{"allow":["GET"]}}],"collection":[{"href":"https:\/\/manantialdelasflores.com\/en\/wp-json\/wp\/v2\/product"}],"about":[{"href":"https:\/\/manantialdelasflores.com\/en\/wp-json\/wp\/v2\/types\/product"}],"replies":[{"embeddable":true,"href":"https:\/\/manantialdelasflores.com\/en\/wp-json\/wp\/v2\/comments?post=216"}],"wp:featuredmedia":[{"embeddable":true,"href":"https:\/\/manantialdelasflores.com\/en\/wp-json\/wp\/v2\/media\/253"}],"wp:attachment":[{"href":"https:\/\/manantialdelasflores.com\/en\/wp-json\/wp\/v2\/media?parent=216"}],"wp:term":[{"taxonomy":"product_brand","embeddable":true,"href":"https:\/\/manantialdelasflores.com\/en\/wp-json\/wp\/v2\/product_brand?post=216"},{"taxonomy":"product_cat","embeddable":true,"href":"https:\/\/manantialdelasflores.com\/en\/wp-json\/wp\/v2\/product_cat?post=216"},{"taxonomy":"product_tag","embeddable":true,"href":"https:\/\/manantialdelasflores.com\/en\/wp-json\/wp\/v2\/product_tag?post=216"}],"curies":[{"name":"wp","href":"https:\/\/api.w.org\/{rel}","templated":true}]}}