{"id":376,"date":"2023-04-18T22:27:42","date_gmt":"2023-04-18T22:27:42","guid":{"rendered":"https:\/\/manantialdelasflores.com\/?post_type=product&#038;p=376"},"modified":"2025-03-19T21:34:47","modified_gmt":"2025-03-19T21:34:47","slug":"pomada-para-manos-2","status":"publish","type":"product","link":"https:\/\/manantialdelasflores.com\/en\/shop\/pomada-para-manos-2\/","title":{"rendered":"Pomada para manos"},"content":{"rendered":"<p><strong>Uso:<\/strong> Masajear las manos limpias con la pomada desp\u00faes de trabajar.<\/p>\n<p><strong>Ingredientes:<\/strong> Aceite de coco, aceite de jojoba, aceite de ajonjol\u00ed, manteca de karit\u00e9, manteca de cacao, consuelda, cal\u00e9ndula org\u00e1nicas, cera de candelilla, aceites esenciales de lavanda, alhucema, eucalipto y naranja y aceite de semilla de toronja.<\/p>\n<p><strong>Presentaci\u00f3n: <\/strong><span class=\"s1\">Tarro de cristal biodegradable y retornable con 60g.<\/span><\/p>\n","protected":false},"excerpt":{"rendered":"<p class=\"p1\"><span class=\"s1\">Suaviza, nutre y humecta. <\/span>Dise\u00f1amos esta pomada pensando en manos que trabajan y que necesitan apapacho. Con cal\u00e9ndula para desinflamarlas y consuelda para reparar los tejidos. 100% natural y vegana.<\/p>\n","protected":false},"featured_media":378,"comment_status":"open","ping_status":"closed","template":"","meta":[],"product_brand":[],"product_cat":[50,18,217],"product_tag":[48,108,54,107],"class_list":{"0":"post-376","1":"product","2":"type-product","3":"status-publish","4":"has-post-thumbnail","6":"product_cat-cremas","7":"product_cat-cuidado-corporal","8":"product_cat-cuidado-de-la-piel","9":"product_tag-calendula","10":"product_tag-consuelda","11":"product_tag-pomada","12":"product_tag-pomada-para-manos","14":"first","15":"instock","16":"shipping-taxable","17":"purchasable","18":"product-type-simple"},"_links":{"self":[{"href":"https:\/\/manantialdelasflores.com\/en\/wp-json\/wp\/v2\/product\/376","targetHints":{"allow":["GET"]}}],"collection":[{"href":"https:\/\/manantialdelasflores.com\/en\/wp-json\/wp\/v2\/product"}],"about":[{"href":"https:\/\/manantialdelasflores.com\/en\/wp-json\/wp\/v2\/types\/product"}],"replies":[{"embeddable":true,"href":"https:\/\/manantialdelasflores.com\/en\/wp-json\/wp\/v2\/comments?post=376"}],"wp:featuredmedia":[{"embeddable":true,"href":"https:\/\/manantialdelasflores.com\/en\/wp-json\/wp\/v2\/media\/378"}],"wp:attachment":[{"href":"https:\/\/manantialdelasflores.com\/en\/wp-json\/wp\/v2\/media?parent=376"}],"wp:term":[{"taxonomy":"product_brand","embeddable":true,"href":"https:\/\/manantialdelasflores.com\/en\/wp-json\/wp\/v2\/product_brand?post=376"},{"taxonomy":"product_cat","embeddable":true,"href":"https:\/\/manantialdelasflores.com\/en\/wp-json\/wp\/v2\/product_cat?post=376"},{"taxonomy":"product_tag","embeddable":true,"href":"https:\/\/manantialdelasflores.com\/en\/wp-json\/wp\/v2\/product_tag?post=376"}],"curies":[{"name":"wp","href":"https:\/\/api.w.org\/{rel}","templated":true}]}}