{"id":388,"date":"2023-04-18T22:43:14","date_gmt":"2023-04-18T22:43:14","guid":{"rendered":"https:\/\/manantialdelasflores.com\/?post_type=product&#038;p=388"},"modified":"2025-03-19T21:34:46","modified_gmt":"2025-03-19T21:34:46","slug":"enjuague-bucal-arbol-de-te-y-manzanilla","status":"publish","type":"product","link":"https:\/\/manantialdelasflores.com\/en\/shop\/enjuague-bucal-arbol-de-te-y-manzanilla\/","title":{"rendered":"Enjuague bucal \u00e1rbol de t\u00e9 y manzanilla"},"content":{"rendered":"<p>Despu\u00e9s del cepillado nada mejor que este enjuague bucal. <span class=\"s1\">Lo preparamos con nuestras hierbas antis\u00e9pticas, bactericidas y desinflamantes por excelencia.<\/span><\/p>\n<p><strong>Uso:<\/strong> Basta una cucharada en medio vaso de agua para prepararlo y enjuagar varias veces la boca o bien para dejar remojando el cepillo dental y desinfectarlo.<\/p>\n<p><strong>Ingredientes:<\/strong> Tintura madre de \u00e1rbol del t\u00e9, manzanilla, para\u00edso, salvia y c\u00farcuma org\u00e1nicas, agua destilada y aceites esenciales de \u00e1rbol del t\u00e9 y menta.<\/p>\n<p><strong>Presentaci\u00f3n:\u00a0<\/strong>Botella PET reciclable y retornable de 120 ml.<\/p>\n","protected":false},"excerpt":{"rendered":"<p><span class=\"s1\">Ademas de completar la limpieza bucal ayuda a prevenir <\/span>y controlar procesos infecciosos. <span class=\"s1\">100% natural y vegano.<\/span><\/p>\n","protected":false},"featured_media":391,"comment_status":"open","ping_status":"closed","template":"","meta":[],"product_brand":[],"product_cat":[18,45],"product_tag":[159,112,113,209,35,161],"class_list":{"0":"post-388","1":"product","2":"type-product","3":"status-publish","4":"has-post-thumbnail","6":"product_cat-cuidado-corporal","7":"product_cat-higiene-bucal","8":"product_tag-antiseptico","9":"product_tag-arbol-de-te","10":"product_tag-enjuague-bucal","11":"product_tag-limpieza-bucal","12":"product_tag-manzanilla","13":"product_tag-refrescante","15":"first","16":"instock","17":"shipping-taxable","18":"purchasable","19":"product-type-simple"},"_links":{"self":[{"href":"https:\/\/manantialdelasflores.com\/en\/wp-json\/wp\/v2\/product\/388","targetHints":{"allow":["GET"]}}],"collection":[{"href":"https:\/\/manantialdelasflores.com\/en\/wp-json\/wp\/v2\/product"}],"about":[{"href":"https:\/\/manantialdelasflores.com\/en\/wp-json\/wp\/v2\/types\/product"}],"replies":[{"embeddable":true,"href":"https:\/\/manantialdelasflores.com\/en\/wp-json\/wp\/v2\/comments?post=388"}],"wp:featuredmedia":[{"embeddable":true,"href":"https:\/\/manantialdelasflores.com\/en\/wp-json\/wp\/v2\/media\/391"}],"wp:attachment":[{"href":"https:\/\/manantialdelasflores.com\/en\/wp-json\/wp\/v2\/media?parent=388"}],"wp:term":[{"taxonomy":"product_brand","embeddable":true,"href":"https:\/\/manantialdelasflores.com\/en\/wp-json\/wp\/v2\/product_brand?post=388"},{"taxonomy":"product_cat","embeddable":true,"href":"https:\/\/manantialdelasflores.com\/en\/wp-json\/wp\/v2\/product_cat?post=388"},{"taxonomy":"product_tag","embeddable":true,"href":"https:\/\/manantialdelasflores.com\/en\/wp-json\/wp\/v2\/product_tag?post=388"}],"curies":[{"name":"wp","href":"https:\/\/api.w.org\/{rel}","templated":true}]}}