{"id":434,"date":"2023-04-19T00:14:58","date_gmt":"2023-04-19T00:14:58","guid":{"rendered":"https:\/\/manantialdelasflores.com\/?post_type=product&#038;p=434"},"modified":"2025-03-19T21:34:44","modified_gmt":"2025-03-19T21:34:44","slug":"harina-de-sorgo-integral","status":"publish","type":"product","link":"https:\/\/manantialdelasflores.com\/en\/shop\/harina-de-sorgo-integral\/","title":{"rendered":"Harina de sorgo integral"},"content":{"rendered":"<p>El sorgo es un cereal que ha formado parte de las dietas de \u00c1frica, Asia y Sudam\u00e9rica. Puede ser una opci\u00f3n para sustituir el trigo en diversos productos de panificaci\u00f3n libre de gluten; es rico en vitaminas B y contiene m\u00e1s prote\u00edna que el ma\u00edz.<\/p>\n<p><strong>Ingredientes: <\/strong>Sorghum bicolor (sorgo) cultivado agroecol\u00f3gicamente en las faldas del Cofre de Perote.<\/p>\n<p><strong>Presentaci\u00f3n:<\/strong> Bolsa de 500g<\/p>\n","protected":false},"excerpt":{"rendered":"<p>Molemos el sorgo entero en un molino de productos sin gluten para que puedas hacer pan, hot cakes y galletas libres de \u00e9l.<\/p>\n","protected":false},"featured_media":435,"comment_status":"open","ping_status":"closed","template":"","meta":[],"product_brand":[],"product_cat":[72,128],"product_tag":[129,138],"class_list":{"0":"post-434","1":"product","2":"type-product","3":"status-publish","4":"has-post-thumbnail","6":"product_cat-alimentacion","7":"product_cat-harinas-y-cereales","8":"product_tag-harina","9":"product_tag-sorgo-integral","11":"first","12":"instock","13":"shipping-taxable","14":"purchasable","15":"product-type-simple"},"_links":{"self":[{"href":"https:\/\/manantialdelasflores.com\/en\/wp-json\/wp\/v2\/product\/434","targetHints":{"allow":["GET"]}}],"collection":[{"href":"https:\/\/manantialdelasflores.com\/en\/wp-json\/wp\/v2\/product"}],"about":[{"href":"https:\/\/manantialdelasflores.com\/en\/wp-json\/wp\/v2\/types\/product"}],"replies":[{"embeddable":true,"href":"https:\/\/manantialdelasflores.com\/en\/wp-json\/wp\/v2\/comments?post=434"}],"wp:featuredmedia":[{"embeddable":true,"href":"https:\/\/manantialdelasflores.com\/en\/wp-json\/wp\/v2\/media\/435"}],"wp:attachment":[{"href":"https:\/\/manantialdelasflores.com\/en\/wp-json\/wp\/v2\/media?parent=434"}],"wp:term":[{"taxonomy":"product_brand","embeddable":true,"href":"https:\/\/manantialdelasflores.com\/en\/wp-json\/wp\/v2\/product_brand?post=434"},{"taxonomy":"product_cat","embeddable":true,"href":"https:\/\/manantialdelasflores.com\/en\/wp-json\/wp\/v2\/product_cat?post=434"},{"taxonomy":"product_tag","embeddable":true,"href":"https:\/\/manantialdelasflores.com\/en\/wp-json\/wp\/v2\/product_tag?post=434"}],"curies":[{"name":"wp","href":"https:\/\/api.w.org\/{rel}","templated":true}]}}