{"id":437,"date":"2023-04-19T00:15:48","date_gmt":"2023-04-19T00:15:48","guid":{"rendered":"https:\/\/manantialdelasflores.com\/?post_type=product&#038;p=437"},"modified":"2025-09-12T19:35:24","modified_gmt":"2025-09-12T19:35:24","slug":"harina-para-hot-cakes","status":"publish","type":"product","link":"https:\/\/manantialdelasflores.com\/en\/shop\/harina-para-hot-cakes\/","title":{"rendered":"Harina para hot cakes"},"content":{"rendered":"<p>Aunque los hot cakes no son tradicionalmente mexicanos, se consumen muchisismo en nuestro pa\u00eds en el desayuno. En Manantial de las Flores siempre estamos inform\u00e1ndonos para seguir ofreciendo alternativas de alimentaci\u00f3n, as\u00ed que para personas intolerantes al gluten, elaboramos a base de harina de pl\u00e1tano verde y nuestro propio polvo de hornear \"Manantial de las Flores\" SIN ALUMINIO preparado con arrurruz ( Maranta arundinacea) que cultivamos en el Rancho Agroecologico Agua Escondida. Una deliciosa opci\u00f3n GLUTEN-FREE para hacer hot cakes.<\/p>\n<p><strong>Ingredientes:<\/strong> Harina de pl\u00e1tano verde cultivado por nosotros en el Rancho Agroecologico Agua Escondida, piloncillo, polvo de hornear con arrurruz Mananatial de las Flores y sal marina.<\/p>\n","protected":false},"excerpt":{"rendered":"<p>Para hacerlos veganos sustituye el huevo por linaza o ch\u00eda molidas y usa leche vegetal ( almendras,macadamia, coco o avellanas),seg\u00fan la receta de la etiqueta .<\/p>\n","protected":false},"featured_media":441,"comment_status":"open","ping_status":"closed","template":"","meta":[],"product_brand":[],"product_cat":[72,128],"product_tag":[129,141,140],"class_list":{"0":"post-437","1":"product","2":"type-product","3":"status-publish","4":"has-post-thumbnail","6":"product_cat-alimentacion","7":"product_cat-harinas-y-cereales","8":"product_tag-harina","9":"product_tag-harina-de-platano","10":"product_tag-hot-cakes","12":"first","13":"outofstock","14":"shipping-taxable","15":"purchasable","16":"product-type-simple"},"_links":{"self":[{"href":"https:\/\/manantialdelasflores.com\/en\/wp-json\/wp\/v2\/product\/437","targetHints":{"allow":["GET"]}}],"collection":[{"href":"https:\/\/manantialdelasflores.com\/en\/wp-json\/wp\/v2\/product"}],"about":[{"href":"https:\/\/manantialdelasflores.com\/en\/wp-json\/wp\/v2\/types\/product"}],"replies":[{"embeddable":true,"href":"https:\/\/manantialdelasflores.com\/en\/wp-json\/wp\/v2\/comments?post=437"}],"wp:featuredmedia":[{"embeddable":true,"href":"https:\/\/manantialdelasflores.com\/en\/wp-json\/wp\/v2\/media\/441"}],"wp:attachment":[{"href":"https:\/\/manantialdelasflores.com\/en\/wp-json\/wp\/v2\/media?parent=437"}],"wp:term":[{"taxonomy":"product_brand","embeddable":true,"href":"https:\/\/manantialdelasflores.com\/en\/wp-json\/wp\/v2\/product_brand?post=437"},{"taxonomy":"product_cat","embeddable":true,"href":"https:\/\/manantialdelasflores.com\/en\/wp-json\/wp\/v2\/product_cat?post=437"},{"taxonomy":"product_tag","embeddable":true,"href":"https:\/\/manantialdelasflores.com\/en\/wp-json\/wp\/v2\/product_tag?post=437"}],"curies":[{"name":"wp","href":"https:\/\/api.w.org\/{rel}","templated":true}]}}