{"id":460,"date":"2023-04-25T00:13:18","date_gmt":"2023-04-25T00:13:18","guid":{"rendered":"https:\/\/manantialdelasflores.com\/?post_type=product&#038;p=460"},"modified":"2025-03-19T21:34:40","modified_gmt":"2025-03-19T21:34:40","slug":"agua-destilada-lavanda","status":"publish","type":"product","link":"https:\/\/manantialdelasflores.com\/en\/shop\/agua-destilada-lavanda\/","title":{"rendered":"Agua destilada lavanda"},"content":{"rendered":"<p>Esta agua destilada o hidrolato se obtiene a partir de la destilaci\u00f3n por vapor de las flores de lavanda, es anti-inflamatoria y calmante.<\/p>\n<p><strong>Uso:<\/strong> Interno y externo. Puede asperjarse en ambientes tensos y sobre todo el cuerpo despu\u00e9s del ba\u00f1o nocturno para dormir bien. Para un t\u00e9 calmante y equilibrador diluir, una cucharadita en una taza de agua a la temperatura deseada.<\/p>\n<p><strong>Ingredientes:<\/strong> Lavanda angustifolia (Lavanda), aceite de semilla de toronja.<\/p>\n<p><strong>Presentaci\u00f3n:<\/strong> frasco de cristal de 100 ml con aspersor.<\/p>\n","protected":false},"excerpt":{"rendered":"<p>Para cualquier problema de la piel, especialmente para piel grasa, sensible, irritada, quemaduras y piquetes. Excelente para la ros\u00e1cea.<\/p>\n","protected":false},"featured_media":456,"comment_status":"open","ping_status":"closed","template":"","meta":[],"product_brand":[],"product_cat":[18,217,111],"product_tag":[144,371,44,388,389,311,387,390],"class_list":{"0":"post-460","1":"product","2":"type-product","3":"status-publish","4":"has-post-thumbnail","6":"product_cat-cuidado-corporal","7":"product_cat-cuidado-de-la-piel","8":"product_cat-limpieza-corporal","9":"product_tag-agua-destilada","10":"product_tag-irritada","11":"product_tag-lavanda","12":"product_tag-piel-grasa","13":"product_tag-piquetes","14":"product_tag-quemaduras","15":"product_tag-rosacea","16":"product_tag-sensible","18":"first","19":"instock","20":"shipping-taxable","21":"purchasable","22":"product-type-simple"},"_links":{"self":[{"href":"https:\/\/manantialdelasflores.com\/en\/wp-json\/wp\/v2\/product\/460","targetHints":{"allow":["GET"]}}],"collection":[{"href":"https:\/\/manantialdelasflores.com\/en\/wp-json\/wp\/v2\/product"}],"about":[{"href":"https:\/\/manantialdelasflores.com\/en\/wp-json\/wp\/v2\/types\/product"}],"replies":[{"embeddable":true,"href":"https:\/\/manantialdelasflores.com\/en\/wp-json\/wp\/v2\/comments?post=460"}],"wp:featuredmedia":[{"embeddable":true,"href":"https:\/\/manantialdelasflores.com\/en\/wp-json\/wp\/v2\/media\/456"}],"wp:attachment":[{"href":"https:\/\/manantialdelasflores.com\/en\/wp-json\/wp\/v2\/media?parent=460"}],"wp:term":[{"taxonomy":"product_brand","embeddable":true,"href":"https:\/\/manantialdelasflores.com\/en\/wp-json\/wp\/v2\/product_brand?post=460"},{"taxonomy":"product_cat","embeddable":true,"href":"https:\/\/manantialdelasflores.com\/en\/wp-json\/wp\/v2\/product_cat?post=460"},{"taxonomy":"product_tag","embeddable":true,"href":"https:\/\/manantialdelasflores.com\/en\/wp-json\/wp\/v2\/product_tag?post=460"}],"curies":[{"name":"wp","href":"https:\/\/api.w.org\/{rel}","templated":true}]}}