{"id":463,"date":"2023-04-25T00:28:29","date_gmt":"2023-04-25T00:28:29","guid":{"rendered":"https:\/\/manantialdelasflores.com\/?post_type=product&#038;p=463"},"modified":"2025-03-19T21:34:39","modified_gmt":"2025-03-19T21:34:39","slug":"agua-destilada-geranio","status":"publish","type":"product","link":"https:\/\/manantialdelasflores.com\/en\/shop\/agua-destilada-geranio\/","title":{"rendered":"Agua destilada geranio"},"content":{"rendered":"<p>Para despu\u00e9s del ba\u00f1o sobre todo durante la menopausia. Como loci\u00f3n t\u00f3nica para la regeneraci\u00f3n celular de la piel, equilibra todo tipo de cutis (seco, graso y mixto). Esta agua destilada o hidrolato se obtiene a partir de la destilaci\u00f3n por vapor de las hojas de geranio de olor.<\/p>\n<p><strong>Uso:<\/strong> Es uno de los pocos hidrolatos que pueden usarse directamente asperjados en las mascotas caseras para eliminar sus malos olores. Asperjado en el cuerpo y cara alivia los bochornos de la menopausia. Puede tomarse como t\u00f3nico diluido en agua para balance hormonal femenino.<\/p>\n<p><strong>Ingredientes:<\/strong> Hojas de Pelargonium graveolens (geranio), aceite de semilla de toronja.<\/p>\n<p><strong>Presentaci\u00f3n:<\/strong> frasco de 100 ml con aspersor.<\/p>\n<p>&nbsp;<\/p>\n","protected":false},"excerpt":{"rendered":"<p>Para asperjarse como un delicioso aroma en todo cuerpo. Como loci\u00f3n t\u00f3nica equilibra todo tipo de cutis.<\/p>\n","protected":false},"featured_media":459,"comment_status":"open","ping_status":"closed","template":"","meta":[],"product_brand":[],"product_cat":[18,217,111],"product_tag":[144,20],"class_list":{"0":"post-463","1":"product","2":"type-product","3":"status-publish","4":"has-post-thumbnail","6":"product_cat-cuidado-corporal","7":"product_cat-cuidado-de-la-piel","8":"product_cat-limpieza-corporal","9":"product_tag-agua-destilada","10":"product_tag-geranio","12":"first","13":"instock","14":"shipping-taxable","15":"purchasable","16":"product-type-simple"},"_links":{"self":[{"href":"https:\/\/manantialdelasflores.com\/en\/wp-json\/wp\/v2\/product\/463","targetHints":{"allow":["GET"]}}],"collection":[{"href":"https:\/\/manantialdelasflores.com\/en\/wp-json\/wp\/v2\/product"}],"about":[{"href":"https:\/\/manantialdelasflores.com\/en\/wp-json\/wp\/v2\/types\/product"}],"replies":[{"embeddable":true,"href":"https:\/\/manantialdelasflores.com\/en\/wp-json\/wp\/v2\/comments?post=463"}],"wp:featuredmedia":[{"embeddable":true,"href":"https:\/\/manantialdelasflores.com\/en\/wp-json\/wp\/v2\/media\/459"}],"wp:attachment":[{"href":"https:\/\/manantialdelasflores.com\/en\/wp-json\/wp\/v2\/media?parent=463"}],"wp:term":[{"taxonomy":"product_brand","embeddable":true,"href":"https:\/\/manantialdelasflores.com\/en\/wp-json\/wp\/v2\/product_brand?post=463"},{"taxonomy":"product_cat","embeddable":true,"href":"https:\/\/manantialdelasflores.com\/en\/wp-json\/wp\/v2\/product_cat?post=463"},{"taxonomy":"product_tag","embeddable":true,"href":"https:\/\/manantialdelasflores.com\/en\/wp-json\/wp\/v2\/product_tag?post=463"}],"curies":[{"name":"wp","href":"https:\/\/api.w.org\/{rel}","templated":true}]}}