{"id":464,"date":"2023-04-25T00:29:50","date_gmt":"2023-04-25T00:29:50","guid":{"rendered":"https:\/\/manantialdelasflores.com\/?post_type=product&#038;p=464"},"modified":"2025-03-25T17:20:31","modified_gmt":"2025-03-25T17:20:31","slug":"agua-destilada-rosas","status":"publish","type":"product","link":"https:\/\/manantialdelasflores.com\/en\/shop\/agua-destilada-rosas\/","title":{"rendered":"Agua destilada rosas"},"content":{"rendered":"<div class=\"short-description\">\n<div class=\"std\">Uso interno y externo. Para asperjarse como el mejor t\u00f3nico para todos los tipos y edades de la piel. Asperjado en el cuerpo y en la ropa de cama antes de acostarse como afrodisiaco. Para compresas de los ojos, \u00fasala bien fr\u00eda.<\/div>\n<div><\/div>\n<div class=\"std\">Presentaci\u00f3n frasco de cristal de 100 ml con aspersor.<\/div>\n<div><\/div>\n<\/div>\n<div class=\"sku\"><strong>Ingredientes:<\/strong> Rosa spp (Rosa), aceite de semilla de toronja.<\/div>\n","protected":false},"excerpt":{"rendered":"<p>Esta agua destilada o hidrolato se obtiene a partir de la destilaci\u00f3n por vapor de rosas. Humectante para piel madura. Afrod\u00edsiaco. Refrescante para despu\u00e9s de afeitarse. Para agregar a postres, gelatinas y mermeladas.<\/p>\n","protected":false},"featured_media":465,"comment_status":"open","ping_status":"closed","template":"","meta":[],"product_brand":[],"product_cat":[18,217,111],"product_tag":[144,21],"class_list":{"0":"post-464","1":"product","2":"type-product","3":"status-publish","4":"has-post-thumbnail","6":"product_cat-cuidado-corporal","7":"product_cat-cuidado-de-la-piel","8":"product_cat-limpieza-corporal","9":"product_tag-agua-destilada","10":"product_tag-rosas","12":"first","13":"outofstock","14":"shipping-taxable","15":"purchasable","16":"product-type-simple"},"_links":{"self":[{"href":"https:\/\/manantialdelasflores.com\/en\/wp-json\/wp\/v2\/product\/464","targetHints":{"allow":["GET"]}}],"collection":[{"href":"https:\/\/manantialdelasflores.com\/en\/wp-json\/wp\/v2\/product"}],"about":[{"href":"https:\/\/manantialdelasflores.com\/en\/wp-json\/wp\/v2\/types\/product"}],"replies":[{"embeddable":true,"href":"https:\/\/manantialdelasflores.com\/en\/wp-json\/wp\/v2\/comments?post=464"}],"wp:featuredmedia":[{"embeddable":true,"href":"https:\/\/manantialdelasflores.com\/en\/wp-json\/wp\/v2\/media\/465"}],"wp:attachment":[{"href":"https:\/\/manantialdelasflores.com\/en\/wp-json\/wp\/v2\/media?parent=464"}],"wp:term":[{"taxonomy":"product_brand","embeddable":true,"href":"https:\/\/manantialdelasflores.com\/en\/wp-json\/wp\/v2\/product_brand?post=464"},{"taxonomy":"product_cat","embeddable":true,"href":"https:\/\/manantialdelasflores.com\/en\/wp-json\/wp\/v2\/product_cat?post=464"},{"taxonomy":"product_tag","embeddable":true,"href":"https:\/\/manantialdelasflores.com\/en\/wp-json\/wp\/v2\/product_tag?post=464"}],"curies":[{"name":"wp","href":"https:\/\/api.w.org\/{rel}","templated":true}]}}