{"id":52,"date":"2022-11-10T19:40:37","date_gmt":"2022-11-10T19:40:37","guid":{"rendered":"https:\/\/manantialdelasflores.com\/?post_type=product&#038;p=52"},"modified":"2025-03-19T21:35:07","modified_gmt":"2025-03-19T21:35:07","slug":"jabon-de-menta","status":"publish","type":"product","link":"https:\/\/manantialdelasflores.com\/en\/shop\/jabon-de-menta\/","title":{"rendered":"Jab\u00f3n de menta"},"content":{"rendered":"<div class=\"short-description\">\n<div class=\"std\">\n<p>Hecho con hojas de menta agroecol\u00f3gicas, es antibacteriano, reconfortante y energ\u00e9tico. Delicioso para el ba\u00f1o matutino. \u00datil para cutis con acn\u00e9. Suavizante, aclarador de la piel y vigorizante. Estimula la memoria y la concentraci\u00f3n y combate el cansancio. <strong>No usar durante el embarazo y la lactancia.<\/strong><\/p>\n<p><strong>Ingredientes:<\/strong> Aceite de oliva prensado en fr\u00edo, aceite de coco, aceite de girasol, mentas cultivadas agroecol\u00f3gicamente por nosotros y aceite esencial de menta.<\/p>\n<p><strong>Presentaci\u00f3n:<\/strong> Barra de 90g envuelta en papel kraft reciclado y biodegradable.<\/p>\n<\/div>\n<\/div>\n","protected":false},"excerpt":{"rendered":"<p>Para piel normal o grasa. Ilumina el cutis opaco, estimula la circulaci\u00f3n y equilibra la grasa cut\u00e1nea. Refrescante y antis\u00e9ptico. 100% vegano y natural.<\/p>\n","protected":false},"featured_media":56,"comment_status":"open","ping_status":"closed","template":"","meta":[],"product_brand":[],"product_cat":[18,17],"product_tag":[160,159,151,163,155,162,19,34,161,150],"class_list":{"0":"post-52","1":"product","2":"type-product","3":"status-publish","4":"has-post-thumbnail","6":"product_cat-cuidado-corporal","7":"product_cat-jabones-artesanales","8":"product_tag-antbacteriano","9":"product_tag-antiseptico","10":"product_tag-artesanal","11":"product_tag-circulacion","12":"product_tag-cutis-graso","13":"product_tag-cutis-opaco","14":"product_tag-jabon","15":"product_tag-menta","16":"product_tag-refrescante","17":"product_tag-vegano","19":"first","20":"instock","21":"shipping-taxable","22":"purchasable","23":"product-type-simple"},"_links":{"self":[{"href":"https:\/\/manantialdelasflores.com\/en\/wp-json\/wp\/v2\/product\/52","targetHints":{"allow":["GET"]}}],"collection":[{"href":"https:\/\/manantialdelasflores.com\/en\/wp-json\/wp\/v2\/product"}],"about":[{"href":"https:\/\/manantialdelasflores.com\/en\/wp-json\/wp\/v2\/types\/product"}],"replies":[{"embeddable":true,"href":"https:\/\/manantialdelasflores.com\/en\/wp-json\/wp\/v2\/comments?post=52"}],"wp:featuredmedia":[{"embeddable":true,"href":"https:\/\/manantialdelasflores.com\/en\/wp-json\/wp\/v2\/media\/56"}],"wp:attachment":[{"href":"https:\/\/manantialdelasflores.com\/en\/wp-json\/wp\/v2\/media?parent=52"}],"wp:term":[{"taxonomy":"product_brand","embeddable":true,"href":"https:\/\/manantialdelasflores.com\/en\/wp-json\/wp\/v2\/product_brand?post=52"},{"taxonomy":"product_cat","embeddable":true,"href":"https:\/\/manantialdelasflores.com\/en\/wp-json\/wp\/v2\/product_cat?post=52"},{"taxonomy":"product_tag","embeddable":true,"href":"https:\/\/manantialdelasflores.com\/en\/wp-json\/wp\/v2\/product_tag?post=52"}],"curies":[{"name":"wp","href":"https:\/\/api.w.org\/{rel}","templated":true}]}}