{"id":548,"date":"2023-05-17T01:29:49","date_gmt":"2023-05-17T01:29:49","guid":{"rendered":"https:\/\/manantialdelasflores.com\/?post_type=product&#038;p=548"},"modified":"2026-04-06T19:04:03","modified_gmt":"2026-04-06T19:04:03","slug":"pasta-dental-de-calendula-en-tarro","status":"publish","type":"product","link":"https:\/\/manantialdelasflores.com\/en\/shop\/pasta-dental-de-calendula-en-tarro\/","title":{"rendered":"Pasta dental de cal\u00e9ndula en tarro"},"content":{"rendered":"<div class=\"std\">Esta pasta por su suave sabor y componentes, est\u00e1 tambi\u00e9n indicada para los ni\u00f1os, ya que ellos est\u00e1n m\u00e1s expuestos a los efectos adversos de las pastas comerciales pues en ocasiones la tragan. Es adecuada para las personas que se curan con homeopat<span class=\"mw-page-title-main\">\u00ed<\/span>a. Cubre las enc\u00edas y las protege con las aguas destiladas que contiene, los extractos mantienen desinfectada y desinflamada la zona y aceites esenciales que combaten bacterias y mitigan el dolor. Hecha <span class=\"s1\">con ingredientes naturales y bot\u00e1nicos cultivados por nosotros mismos. <\/span>Recuerda que no es necesario usar grandes cantidades de pasta dental, sino cepillar correctamente.<\/div>\n<div><strong><br \/>\nIngredientes:<\/strong> Carbonato de calcio, agua destilada, extracto e infuci\u00f3n de Calendula officinalis \u00a0(cal\u00e9ndula), glicerina vegetal, extractos Glicyrrhiza glabra (orozuz), Commiphora myrrha (mirra), goma xantana,\u00a0 s\u00edlice, stevia, xilitol, aceites esenciales de hinojo y mirra y como conservador aceite de semilla de toronja.<\/div>\n<div><strong>Presentaci\u00f3n: <\/strong><span class=\"s1\">Tarro de cristal biodegradable con 60g.<\/span><\/div>\n","protected":false},"excerpt":{"rendered":"<p>Para protecci\u00f3n de enc<span class=\"mw-page-title-main\">\u00ed<\/span>as y para ni\u00f1os.<span class=\"s1\">\u00a0100% natural y vegana.<\/span><\/p>\n","protected":false},"featured_media":544,"comment_status":"open","ping_status":"closed","template":"","meta":[],"product_brand":[],"product_cat":[18,45],"product_tag":[48,207,261,262,47,216],"class_list":{"0":"post-548","1":"product","2":"type-product","3":"status-publish","4":"has-post-thumbnail","6":"product_cat-cuidado-corporal","7":"product_cat-higiene-bucal","8":"product_tag-calendula","9":"product_tag-encias-sensible","10":"product_tag-hinojo","11":"product_tag-nino","12":"product_tag-pasta-dental","13":"product_tag-tarro","15":"first","16":"instock","17":"featured","18":"shipping-taxable","19":"purchasable","20":"product-type-simple"},"_links":{"self":[{"href":"https:\/\/manantialdelasflores.com\/en\/wp-json\/wp\/v2\/product\/548","targetHints":{"allow":["GET"]}}],"collection":[{"href":"https:\/\/manantialdelasflores.com\/en\/wp-json\/wp\/v2\/product"}],"about":[{"href":"https:\/\/manantialdelasflores.com\/en\/wp-json\/wp\/v2\/types\/product"}],"replies":[{"embeddable":true,"href":"https:\/\/manantialdelasflores.com\/en\/wp-json\/wp\/v2\/comments?post=548"}],"wp:featuredmedia":[{"embeddable":true,"href":"https:\/\/manantialdelasflores.com\/en\/wp-json\/wp\/v2\/media\/544"}],"wp:attachment":[{"href":"https:\/\/manantialdelasflores.com\/en\/wp-json\/wp\/v2\/media?parent=548"}],"wp:term":[{"taxonomy":"product_brand","embeddable":true,"href":"https:\/\/manantialdelasflores.com\/en\/wp-json\/wp\/v2\/product_brand?post=548"},{"taxonomy":"product_cat","embeddable":true,"href":"https:\/\/manantialdelasflores.com\/en\/wp-json\/wp\/v2\/product_cat?post=548"},{"taxonomy":"product_tag","embeddable":true,"href":"https:\/\/manantialdelasflores.com\/en\/wp-json\/wp\/v2\/product_tag?post=548"}],"curies":[{"name":"wp","href":"https:\/\/api.w.org\/{rel}","templated":true}]}}