{"id":553,"date":"2023-11-01T16:33:11","date_gmt":"2023-11-01T16:33:11","guid":{"rendered":"https:\/\/manantialdelasflores.com\/?post_type=product&#038;p=553"},"modified":"2025-03-19T21:34:27","modified_gmt":"2025-03-19T21:34:27","slug":"aceite-corporal-con-calendula","status":"publish","type":"product","link":"https:\/\/manantialdelasflores.com\/en\/shop\/aceite-corporal-con-calendula\/","title":{"rendered":"Aceite corporal con cal\u00e9ndula"},"content":{"rendered":"<p class=\"p1\"><span class=\"s1\">La cal\u00e9ndula es una flor a la que se le han reconocido propiedades estimulantes de la circulaci\u00f3n sangu\u00ednea y linf\u00e1tica. A esta planta hemos agregado geranio, lima y romero para lograr este aceite que desinflama y reduce el dolor causado por las v\u00e1rices.<\/span><\/p>\n<p><span class=\"s1\"><strong>Uso:<\/strong> aplicado sobre la piel ligeramente h\u00fameda y con movimientos rotatorios ascendentes, proporciona descanso y alivio de la inflamaci\u00f3n y el dolor. Para mejores resultados usar por la ma\u00f1ana y antes de acostarse. Recomendaci\u00f3n: para incrementar la acci\u00f3n del aceite, dormir con las piernas ligeramente m\u00e1s altas que el resto del cuerpo.<\/span><\/p>\n<p><strong>Ingredientes:<\/strong> Aceite de macadamia org\u00e1nico, aceite de ajonjol\u00ed, cal\u00e9ndula org\u00e1nica, lima org\u00e1nica, romero org\u00e1nico, geranio org\u00e1nico y aceites esenciales de romero, lima, geranio, cedro y lavanda.<\/p>\n<p><strong>Presentaci\u00f3n:<\/strong> Frasco de cristal de 100ml con aspersor.<\/p>\n","protected":false},"excerpt":{"rendered":"<p class=\"p1\"><span class=\"s1\">Para piernas cansadas y\/o con v\u00e1rices. Contribuye a la cicatrizaci\u00f3n y alivia la fatiga de las piernas. 100% vegano y natural.<\/span><\/p>\n","protected":false},"featured_media":554,"comment_status":"open","ping_status":"closed","template":"","meta":[],"product_brand":[],"product_cat":[218,18],"product_tag":[219,48,365,364],"class_list":{"0":"post-553","1":"product","2":"type-product","3":"status-publish","4":"has-post-thumbnail","6":"product_cat-aceites-corporales","7":"product_cat-cuidado-corporal","8":"product_tag-aceite-corporal","9":"product_tag-calendula","10":"product_tag-piernas-cansadas","11":"product_tag-varices","13":"first","14":"instock","15":"shipping-taxable","16":"purchasable","17":"product-type-simple"},"_links":{"self":[{"href":"https:\/\/manantialdelasflores.com\/en\/wp-json\/wp\/v2\/product\/553","targetHints":{"allow":["GET"]}}],"collection":[{"href":"https:\/\/manantialdelasflores.com\/en\/wp-json\/wp\/v2\/product"}],"about":[{"href":"https:\/\/manantialdelasflores.com\/en\/wp-json\/wp\/v2\/types\/product"}],"replies":[{"embeddable":true,"href":"https:\/\/manantialdelasflores.com\/en\/wp-json\/wp\/v2\/comments?post=553"}],"wp:featuredmedia":[{"embeddable":true,"href":"https:\/\/manantialdelasflores.com\/en\/wp-json\/wp\/v2\/media\/554"}],"wp:attachment":[{"href":"https:\/\/manantialdelasflores.com\/en\/wp-json\/wp\/v2\/media?parent=553"}],"wp:term":[{"taxonomy":"product_brand","embeddable":true,"href":"https:\/\/manantialdelasflores.com\/en\/wp-json\/wp\/v2\/product_brand?post=553"},{"taxonomy":"product_cat","embeddable":true,"href":"https:\/\/manantialdelasflores.com\/en\/wp-json\/wp\/v2\/product_cat?post=553"},{"taxonomy":"product_tag","embeddable":true,"href":"https:\/\/manantialdelasflores.com\/en\/wp-json\/wp\/v2\/product_tag?post=553"}],"curies":[{"name":"wp","href":"https:\/\/api.w.org\/{rel}","templated":true}]}}