{"id":560,"date":"2023-05-21T20:31:26","date_gmt":"2023-05-21T20:31:26","guid":{"rendered":"https:\/\/manantialdelasflores.com\/?post_type=product&#038;p=560"},"modified":"2025-03-19T21:34:38","modified_gmt":"2025-03-19T21:34:38","slug":"aceite-corporal-con-flores-de-azhar","status":"publish","type":"product","link":"https:\/\/manantialdelasflores.com\/en\/shop\/aceite-corporal-con-flores-de-azhar\/","title":{"rendered":"Aceite corporal con flor de azahar y Lavanda"},"content":{"rendered":"<p>Todas las plantas y aceites esenciales que contienen ayudan a combatir la angustia, la ansiedad, el insomnio y todos los desequilibrios causados por el ritmo tan agitado de la vida moderna. Tambi\u00e9n calma los trastornos emocionales y mitiga la ira, la depresi\u00f3n y el nerviosismo.<\/p>\n<p><span class=\"s1\"><strong>Uso:<\/strong> puede usarse diariamente, dos o tres veces al d\u00eda para adquirir fortaleza y el apoyo necesario para salir a flote en \u00e9pocas de dificultades. Puede usarse a cualquier edad.<\/span><\/p>\n<p><strong>Ingredientes: <\/strong>Aceite de macadamia org\u00e1nico, aceite de ajonjol\u00ed, azahares y c\u00e1scara de naranja org\u00e1nicas, lavanda org\u00e1nica, melisa org\u00e1nica y aceites esenciales de lavanda, naranja, mejorana y petigrain.<\/p>\n<p><strong>Presentaci\u00f3n:<\/strong>\u00a0Frasco de cristal de 100ml con aspersor.<\/p>\n","protected":false},"excerpt":{"rendered":"<p>Para relajar. Con este aceite podemos darnos un suave masaje en cuello y hombros antes de dormir \u00f3 cuando nos sintamos estresados. 100% vegano y natural.<\/p>\n","protected":false},"featured_media":561,"comment_status":"open","ping_status":"closed","template":"","meta":[],"product_brand":[],"product_cat":[218,18,217],"product_tag":[219,377,220,352,44,378,92],"class_list":{"0":"post-560","1":"product","2":"type-product","3":"status-publish","4":"has-post-thumbnail","6":"product_cat-aceites-corporales","7":"product_cat-cuidado-corporal","8":"product_cat-cuidado-de-la-piel","9":"product_tag-aceite-corporal","10":"product_tag-azahares","11":"product_tag-azhar","12":"product_tag-estres","13":"product_tag-lavanda","14":"product_tag-masajes","15":"product_tag-relajante","17":"first","18":"instock","19":"shipping-taxable","20":"purchasable","21":"product-type-simple"},"_links":{"self":[{"href":"https:\/\/manantialdelasflores.com\/en\/wp-json\/wp\/v2\/product\/560","targetHints":{"allow":["GET"]}}],"collection":[{"href":"https:\/\/manantialdelasflores.com\/en\/wp-json\/wp\/v2\/product"}],"about":[{"href":"https:\/\/manantialdelasflores.com\/en\/wp-json\/wp\/v2\/types\/product"}],"replies":[{"embeddable":true,"href":"https:\/\/manantialdelasflores.com\/en\/wp-json\/wp\/v2\/comments?post=560"}],"wp:featuredmedia":[{"embeddable":true,"href":"https:\/\/manantialdelasflores.com\/en\/wp-json\/wp\/v2\/media\/561"}],"wp:attachment":[{"href":"https:\/\/manantialdelasflores.com\/en\/wp-json\/wp\/v2\/media?parent=560"}],"wp:term":[{"taxonomy":"product_brand","embeddable":true,"href":"https:\/\/manantialdelasflores.com\/en\/wp-json\/wp\/v2\/product_brand?post=560"},{"taxonomy":"product_cat","embeddable":true,"href":"https:\/\/manantialdelasflores.com\/en\/wp-json\/wp\/v2\/product_cat?post=560"},{"taxonomy":"product_tag","embeddable":true,"href":"https:\/\/manantialdelasflores.com\/en\/wp-json\/wp\/v2\/product_tag?post=560"}],"curies":[{"name":"wp","href":"https:\/\/api.w.org\/{rel}","templated":true}]}}