{"id":568,"date":"2023-05-21T20:36:18","date_gmt":"2023-05-21T20:36:18","guid":{"rendered":"https:\/\/manantialdelasflores.com\/?post_type=product&#038;p=568"},"modified":"2025-03-19T21:34:37","modified_gmt":"2025-03-19T21:34:37","slug":"aceite-corporal-con-manzanilla","status":"publish","type":"product","link":"https:\/\/manantialdelasflores.com\/en\/shop\/aceite-corporal-con-manzanilla\/","title":{"rendered":"Aceite corporal con manzanilla"},"content":{"rendered":"<p>El equilibrio entre las propiedades de la manzanilla, las flores de cal\u00e9ndula, c\u00farcuma y melisa y los aceites esenciales de lavanda, mandarina y manzanilla nos dan por resultado un producto adecuado para las pieles sensibles de los beb\u00e9s y las personas de pieles delicadas o maduras.<\/p>\n<p><span class=\"s1\"><strong>Uso:<\/strong> un masaje suave sobre la piel limpia ofrece tranquilidad y bienestar, relajando a los beb\u00e9s con molestias causadas por las rozaduras de los pa\u00f1ales. Ideal para las personas de la tercera edad en el invierno.<\/span><\/p>\n<p><strong>Ingredientes:<\/strong> Aceite de macadamia org\u00e1nico, aceite de ajonjol\u00ed, flores de manzanilla org\u00e1nica, flores de cal\u00e9ndula org\u00e1nica, c\u00farcuma org\u00e1nica, lavanda org\u00e1nica, melisa org\u00e1nica y aceites esenciales de lavanda, mandarina y manzanilla.<\/p>\n<p><strong>Presentaci\u00f3n:<\/strong>\u00a0Frasco de cristal de 100ml con aspersor.<\/p>\n","protected":false},"excerpt":{"rendered":"<p>Para beb\u00e9s y pieles delicadas y sensibles. Su acci\u00f3n es regeneradora, suavizante y cicatrizante, por lo que es muy adecuado para aplicar en la piel con rozaduras o irritaciones. 100% vegano y natural.<\/p>\n","protected":false},"featured_media":569,"comment_status":"open","ping_status":"closed","template":"","meta":[],"product_brand":[],"product_cat":[218,18,217],"product_tag":[219,64,376,35,305,319,329,310],"class_list":{"0":"post-568","1":"product","2":"type-product","3":"status-publish","4":"has-post-thumbnail","6":"product_cat-aceites-corporales","7":"product_cat-cuidado-corporal","8":"product_cat-cuidado-de-la-piel","9":"product_tag-aceite-corporal","10":"product_tag-bebes","11":"product_tag-irritaciones","12":"product_tag-manzanilla","13":"product_tag-piel-delicada","14":"product_tag-piel-madura","15":"product_tag-piel-sensible","16":"product_tag-rozaduras","18":"first","19":"instock","20":"shipping-taxable","21":"purchasable","22":"product-type-simple"},"_links":{"self":[{"href":"https:\/\/manantialdelasflores.com\/en\/wp-json\/wp\/v2\/product\/568","targetHints":{"allow":["GET"]}}],"collection":[{"href":"https:\/\/manantialdelasflores.com\/en\/wp-json\/wp\/v2\/product"}],"about":[{"href":"https:\/\/manantialdelasflores.com\/en\/wp-json\/wp\/v2\/types\/product"}],"replies":[{"embeddable":true,"href":"https:\/\/manantialdelasflores.com\/en\/wp-json\/wp\/v2\/comments?post=568"}],"wp:featuredmedia":[{"embeddable":true,"href":"https:\/\/manantialdelasflores.com\/en\/wp-json\/wp\/v2\/media\/569"}],"wp:attachment":[{"href":"https:\/\/manantialdelasflores.com\/en\/wp-json\/wp\/v2\/media?parent=568"}],"wp:term":[{"taxonomy":"product_brand","embeddable":true,"href":"https:\/\/manantialdelasflores.com\/en\/wp-json\/wp\/v2\/product_brand?post=568"},{"taxonomy":"product_cat","embeddable":true,"href":"https:\/\/manantialdelasflores.com\/en\/wp-json\/wp\/v2\/product_cat?post=568"},{"taxonomy":"product_tag","embeddable":true,"href":"https:\/\/manantialdelasflores.com\/en\/wp-json\/wp\/v2\/product_tag?post=568"}],"curies":[{"name":"wp","href":"https:\/\/api.w.org\/{rel}","templated":true}]}}