{"id":572,"date":"2023-05-21T20:37:45","date_gmt":"2023-05-21T20:37:45","guid":{"rendered":"https:\/\/manantialdelasflores.com\/?post_type=product&#038;p=572"},"modified":"2025-03-19T21:34:37","modified_gmt":"2025-03-19T21:34:37","slug":"aceite-corporal-con-romero","status":"publish","type":"product","link":"https:\/\/manantialdelasflores.com\/en\/shop\/aceite-corporal-con-romero\/","title":{"rendered":"Aceite corporal con romero"},"content":{"rendered":"<p><span class=\"s1\">Relajante muscular. Alivia el cansancio y el dolor. <\/span>Sus aromas propician el equilibrio de la energ\u00eda del cuerpo, nos reaniman y fortalecen el sistema nervioso. <span class=\"s1\">La inflamaci\u00f3n de m\u00fasculos y las tensiones provocadas por malas posturas, trabajo o ejercicio excesivo y sobre todo, por las presiones de nuestra cotidianidad, encuentran un remedio adecuado en este aceite de romero.<br \/>\n<\/span><br \/>\n<span class=\"s1\"><strong>Uso:<\/strong> \u00fasalo despu\u00e9s de cualquier tipo de ejercicio una vez que hayas tomado un ba\u00f1o o masajea directamente las \u00e1reas de dolor y\/o cansancio. Recomendaci\u00f3n: no se recomienda usarlo en ni\u00f1os menores de 2 a\u00f1os.<\/span><\/p>\n<p><strong>Ingredientes:<\/strong> Aceite de macadamia org\u00e1nico, aceite de ajonjol\u00ed, romero org\u00e1nico, lavanda org\u00e1nica, geranio org\u00e1nico, pachuli org\u00e1nico, lim\u00f3n org\u00e1nico, vetiver org\u00e1nico y aceites esenciales de romero, lim\u00f3n, lavanda, wintergreen, mejorana y vetiver.<\/p>\n<p><strong>Presentaci\u00f3n:<\/strong>\u00a0Frasco de cristal de 100ml con aspersor.<\/p>\n","protected":false},"excerpt":{"rendered":"<p class=\"p1\"><span class=\"s1\">Para dolores musculares o cansancio. Para despu\u00e9s del ejercicio. <\/span>Estimula la circulaci\u00f3n, desinflama y revitaliza la piel. 100% vegano y natural.<\/p>\n","protected":false},"featured_media":575,"comment_status":"open","ping_status":"closed","template":"","meta":[],"product_brand":[],"product_cat":[218,18,217],"product_tag":[219,375,316,374,373,32],"class_list":{"0":"post-572","1":"product","2":"type-product","3":"status-publish","4":"has-post-thumbnail","6":"product_cat-aceites-corporales","7":"product_cat-cuidado-corporal","8":"product_cat-cuidado-de-la-piel","9":"product_tag-aceite-corporal","10":"product_tag-cansancio","11":"product_tag-dolores-musculares","12":"product_tag-ejercicio","13":"product_tag-musculos-cansados","14":"product_tag-romero","16":"first","17":"instock","18":"shipping-taxable","19":"purchasable","20":"product-type-simple"},"_links":{"self":[{"href":"https:\/\/manantialdelasflores.com\/en\/wp-json\/wp\/v2\/product\/572","targetHints":{"allow":["GET"]}}],"collection":[{"href":"https:\/\/manantialdelasflores.com\/en\/wp-json\/wp\/v2\/product"}],"about":[{"href":"https:\/\/manantialdelasflores.com\/en\/wp-json\/wp\/v2\/types\/product"}],"replies":[{"embeddable":true,"href":"https:\/\/manantialdelasflores.com\/en\/wp-json\/wp\/v2\/comments?post=572"}],"wp:featuredmedia":[{"embeddable":true,"href":"https:\/\/manantialdelasflores.com\/en\/wp-json\/wp\/v2\/media\/575"}],"wp:attachment":[{"href":"https:\/\/manantialdelasflores.com\/en\/wp-json\/wp\/v2\/media?parent=572"}],"wp:term":[{"taxonomy":"product_brand","embeddable":true,"href":"https:\/\/manantialdelasflores.com\/en\/wp-json\/wp\/v2\/product_brand?post=572"},{"taxonomy":"product_cat","embeddable":true,"href":"https:\/\/manantialdelasflores.com\/en\/wp-json\/wp\/v2\/product_cat?post=572"},{"taxonomy":"product_tag","embeddable":true,"href":"https:\/\/manantialdelasflores.com\/en\/wp-json\/wp\/v2\/product_tag?post=572"}],"curies":[{"name":"wp","href":"https:\/\/api.w.org\/{rel}","templated":true}]}}