{"id":576,"date":"2023-05-21T20:39:32","date_gmt":"2023-05-21T20:39:32","guid":{"rendered":"https:\/\/manantialdelasflores.com\/?post_type=product&#038;p=576"},"modified":"2025-03-19T21:34:36","modified_gmt":"2025-03-19T21:34:36","slug":"aceite-corporal-con-rosa","status":"publish","type":"product","link":"https:\/\/manantialdelasflores.com\/en\/shop\/aceite-corporal-con-rosa\/","title":{"rendered":"Aceite corporal con rosas"},"content":{"rendered":"<p>Mantiene la piel joven y evita irritaciones e inflamaciones. Es una maravilla para el piso p\u00e9lvico en las mujeres embarazadas a partir de la semana 36 (no antes pues estimula contracciones). Funciona para nutrir e hidratar la piel previniendo desgarros y episiotom\u00edas en el parto. Su exquisito aroma de ylang ylang, geranio, palmarosa, s\u00e1ndalo y mirra alivia la depresi\u00f3n y el estr\u00e9s y levanta el \u00e1nimo.<\/p>\n<p><strong>Uso:<\/strong> Para mayor efecto se aplica sobre la piel h\u00fameda y en la cara, despu\u00e9s de 20 minutos, se retira el exceso cuidadosamente con una toalla facial sin frotar. Recomendaci\u00f3n: en clima secos \u00f3 fr\u00edos usar dos veces al d\u00eda.<\/p>\n<p><strong>Ingredientes:<\/strong> Aceite de macadamia org\u00e1nico, aceite de ajonjol\u00ed, aceite de germen de trigo prensado en fr\u00edo, aceite de aguacate, aceite de jojoba, aceite de rosa mosqueta, p\u00e9talos de rosa org\u00e1nicos, geranio org\u00e1nico, flores de sa\u00faco org\u00e1nicas y aceites esenciales de ylang ylang, geranio, palmarosa, s\u00e1ndalo y mirra.<\/p>\n<p><strong>Presentaci\u00f3n:<\/strong>\u00a0Frasco de cristal de 100ml con aspersor.<\/p>\n","protected":false},"excerpt":{"rendered":"<p>Para las pieles secas, maduras \u00f3 maltratadas, da un nuevo equilibrio de elasticidad y nutrici\u00f3n as\u00ed como relajamiento y suavidad a las tensiones del cutis. 100% vegano y natural.<\/p>\n","protected":false},"featured_media":577,"comment_status":"open","ping_status":"closed","template":"","meta":[],"product_brand":[],"product_cat":[218,18],"product_tag":[219,371,372,176,319,222,370,221],"class_list":{"0":"post-576","1":"product","2":"type-product","3":"status-publish","4":"has-post-thumbnail","6":"product_cat-aceites-corporales","7":"product_cat-cuidado-corporal","8":"product_tag-aceite-corporal","9":"product_tag-irritada","10":"product_tag-maltratada","11":"product_tag-piel-joven","12":"product_tag-piel-madura","13":"product_tag-piel-seca","14":"product_tag-piso-pelvico","15":"product_tag-rosa","17":"first","18":"instock","19":"shipping-taxable","20":"purchasable","21":"product-type-simple"},"_links":{"self":[{"href":"https:\/\/manantialdelasflores.com\/en\/wp-json\/wp\/v2\/product\/576","targetHints":{"allow":["GET"]}}],"collection":[{"href":"https:\/\/manantialdelasflores.com\/en\/wp-json\/wp\/v2\/product"}],"about":[{"href":"https:\/\/manantialdelasflores.com\/en\/wp-json\/wp\/v2\/types\/product"}],"replies":[{"embeddable":true,"href":"https:\/\/manantialdelasflores.com\/en\/wp-json\/wp\/v2\/comments?post=576"}],"wp:featuredmedia":[{"embeddable":true,"href":"https:\/\/manantialdelasflores.com\/en\/wp-json\/wp\/v2\/media\/577"}],"wp:attachment":[{"href":"https:\/\/manantialdelasflores.com\/en\/wp-json\/wp\/v2\/media?parent=576"}],"wp:term":[{"taxonomy":"product_brand","embeddable":true,"href":"https:\/\/manantialdelasflores.com\/en\/wp-json\/wp\/v2\/product_brand?post=576"},{"taxonomy":"product_cat","embeddable":true,"href":"https:\/\/manantialdelasflores.com\/en\/wp-json\/wp\/v2\/product_cat?post=576"},{"taxonomy":"product_tag","embeddable":true,"href":"https:\/\/manantialdelasflores.com\/en\/wp-json\/wp\/v2\/product_tag?post=576"}],"curies":[{"name":"wp","href":"https:\/\/api.w.org\/{rel}","templated":true}]}}