{"id":580,"date":"2024-03-12T17:31:43","date_gmt":"2024-03-12T17:31:43","guid":{"rendered":"https:\/\/manantialdelasflores.com\/?post_type=product&#038;p=580"},"modified":"2025-03-19T21:34:18","modified_gmt":"2025-03-19T21:34:18","slug":"mermelada-de-guayaba","status":"publish","type":"product","link":"https:\/\/manantialdelasflores.com\/en\/shop\/mermelada-de-guayaba\/","title":{"rendered":"Mermelada de guayaba"},"content":{"rendered":"<p>El jarabe de agave es vigorizante de alta calidad nutricional y no cambia el sabor original de la fruta. \u00datil para deportistas, beb\u00e9s, ancianos, personas convalecientes, d\u00e9biles y an\u00e9micas.<br \/>\n<strong><br \/>\nIngredientes: <\/strong>Guayaba cultivada en el Rancho Agroecol\u00f3gico Agua Escondida y jarabe de agave.<\/p>\n<p><strong>Presentaci\u00f3n: <\/strong>Frasco de cristal de 280 g.<\/p>\n","protected":false},"excerpt":{"rendered":"<p>Nuestras mermeladas caseras representan una propuesta sana de comer fruta, pues est\u00e1n elaboradas con un 70% de fruta cultivada por nosotros mismos y 30% de jarabe de agave.<\/p>\n","protected":false},"featured_media":582,"comment_status":"open","ping_status":"closed","template":"","meta":[],"product_brand":[],"product_cat":[72,223],"product_tag":[225,224],"class_list":{"0":"post-580","1":"product","2":"type-product","3":"status-publish","4":"has-post-thumbnail","6":"product_cat-alimentacion","7":"product_cat-mermeladas-y-jaleas","8":"product_tag-guayaba","9":"product_tag-mermelada","11":"first","12":"instock","13":"shipping-taxable","14":"purchasable","15":"product-type-simple"},"_links":{"self":[{"href":"https:\/\/manantialdelasflores.com\/en\/wp-json\/wp\/v2\/product\/580","targetHints":{"allow":["GET"]}}],"collection":[{"href":"https:\/\/manantialdelasflores.com\/en\/wp-json\/wp\/v2\/product"}],"about":[{"href":"https:\/\/manantialdelasflores.com\/en\/wp-json\/wp\/v2\/types\/product"}],"replies":[{"embeddable":true,"href":"https:\/\/manantialdelasflores.com\/en\/wp-json\/wp\/v2\/comments?post=580"}],"wp:featuredmedia":[{"embeddable":true,"href":"https:\/\/manantialdelasflores.com\/en\/wp-json\/wp\/v2\/media\/582"}],"wp:attachment":[{"href":"https:\/\/manantialdelasflores.com\/en\/wp-json\/wp\/v2\/media?parent=580"}],"wp:term":[{"taxonomy":"product_brand","embeddable":true,"href":"https:\/\/manantialdelasflores.com\/en\/wp-json\/wp\/v2\/product_brand?post=580"},{"taxonomy":"product_cat","embeddable":true,"href":"https:\/\/manantialdelasflores.com\/en\/wp-json\/wp\/v2\/product_cat?post=580"},{"taxonomy":"product_tag","embeddable":true,"href":"https:\/\/manantialdelasflores.com\/en\/wp-json\/wp\/v2\/product_tag?post=580"}],"curies":[{"name":"wp","href":"https:\/\/api.w.org\/{rel}","templated":true}]}}