{"id":614,"date":"2023-05-22T04:30:34","date_gmt":"2023-05-22T04:30:34","guid":{"rendered":"https:\/\/manantialdelasflores.com\/?post_type=product&#038;p=614"},"modified":"2025-03-19T21:34:32","modified_gmt":"2025-03-19T21:34:32","slug":"pimienta-gorda","status":"publish","type":"product","link":"https:\/\/manantialdelasflores.com\/en\/shop\/pimienta-gorda\/","title":{"rendered":"Pimienta gorda"},"content":{"rendered":"<p>Cultivamos las especias y las hierbas con m\u00e9todos amigables con el medio ambiente y respetando la biodiversidad de nuestro espacio. Las semillas de la pimienta gorda se recolectan verdes y se secan al sol. Una vez secas se muelen justo antes de empacarse.<\/p>\n<p><strong>Ingredientes:<\/strong> Pimenta dioica (pimienta gorda).<\/p>\n<p><strong>Presentaci\u00f3n:\u00a0<\/strong>Frasco de cristal con 55 g.<\/p>\n","protected":false},"excerpt":{"rendered":"<p>Uso: en reposter\u00eda, galletas y pasteles y tambi\u00e9n en platillos \u00e9tnicos asi\u00e1ticos y africanos de verduras y carnes. Va muy bien con la calabaza de Castilla. Conocida en ingl\u00e9s como allspice.<\/p>\n","protected":false},"featured_media":601,"comment_status":"open","ping_status":"closed","template":"","meta":[],"product_brand":[],"product_cat":[72,136,227],"product_tag":[228,242],"class_list":{"0":"post-614","1":"product","2":"type-product","3":"status-publish","4":"has-post-thumbnail","6":"product_cat-alimentacion","7":"product_cat-condimentos","8":"product_cat-hierbas-y-especias","9":"product_tag-hierbas-y-especias","10":"product_tag-pimienta-gorda","12":"first","13":"instock","14":"shipping-taxable","15":"purchasable","16":"product-type-simple"},"_links":{"self":[{"href":"https:\/\/manantialdelasflores.com\/en\/wp-json\/wp\/v2\/product\/614","targetHints":{"allow":["GET"]}}],"collection":[{"href":"https:\/\/manantialdelasflores.com\/en\/wp-json\/wp\/v2\/product"}],"about":[{"href":"https:\/\/manantialdelasflores.com\/en\/wp-json\/wp\/v2\/types\/product"}],"replies":[{"embeddable":true,"href":"https:\/\/manantialdelasflores.com\/en\/wp-json\/wp\/v2\/comments?post=614"}],"wp:featuredmedia":[{"embeddable":true,"href":"https:\/\/manantialdelasflores.com\/en\/wp-json\/wp\/v2\/media\/601"}],"wp:attachment":[{"href":"https:\/\/manantialdelasflores.com\/en\/wp-json\/wp\/v2\/media?parent=614"}],"wp:term":[{"taxonomy":"product_brand","embeddable":true,"href":"https:\/\/manantialdelasflores.com\/en\/wp-json\/wp\/v2\/product_brand?post=614"},{"taxonomy":"product_cat","embeddable":true,"href":"https:\/\/manantialdelasflores.com\/en\/wp-json\/wp\/v2\/product_cat?post=614"},{"taxonomy":"product_tag","embeddable":true,"href":"https:\/\/manantialdelasflores.com\/en\/wp-json\/wp\/v2\/product_tag?post=614"}],"curies":[{"name":"wp","href":"https:\/\/api.w.org\/{rel}","templated":true}]}}