{"id":617,"date":"2024-04-01T01:54:38","date_gmt":"2024-04-01T01:54:38","guid":{"rendered":"https:\/\/manantialdelasflores.com\/?post_type=product&#038;p=617"},"modified":"2026-02-09T20:40:54","modified_gmt":"2026-02-09T20:40:54","slug":"gel-para-el-cabello","status":"publish","type":"product","link":"https:\/\/manantialdelasflores.com\/en\/shop\/gel-para-el-cabello\/","title":{"rendered":"Gel para el cabello"},"content":{"rendered":"<p><span class=\"s1\"><strong>Uso:<\/strong> Puedes asperjar en el cabello h\u00famedo o seco para darle forma o despu\u00e9s de peinarlo para que permanezca as\u00ed durante un tiempo. \u00datil para todas las edades. Evita asperjarlo en los ojos.<\/span><\/p>\n<p><strong>Ingredientes: <\/strong>Aloe barbadensis (s<span class=\"s1\">\u00e1bila), cultivada en el Rancho Agroecol\u00f3gico Agua Escondida, Lavanda angustifolia (Lavanda), aceite de jojoba, Vitamina C, t\u00e9 verde, sal de mar, aceites esenciales de lavanda y romero y aceite de semilla de toronja como conservador.<\/span><\/p>\n<p><strong>Presentaci\u00f3n: <\/strong><span class=\"s1\">Botella PET azul cobalto reciclable de 120ml con aspersor.<\/span><\/p>\n","protected":false},"excerpt":{"rendered":"<p class=\"p1\"><span class=\"s1\">Para peinar el cabello.<\/span><span class=\"s1\"> Este suave gel, no s\u00f3lo ayuda a modelar el cabello, sino que lo protege y mantiene hidratado. 100% natural y vegano.<\/span><\/p>\n","protected":false},"featured_media":618,"comment_status":"open","ping_status":"closed","template":"","meta":[],"product_brand":[],"product_cat":[18,28],"product_tag":[246,245,321,272,175,150],"class_list":{"0":"post-617","1":"product","2":"type-product","3":"status-publish","4":"has-post-thumbnail","6":"product_cat-cuidado-corporal","7":"product_cat-cuidado-del-cabello","8":"product_tag-cabello","9":"product_tag-gel","10":"product_tag-gel-cabello","11":"product_tag-hidratante","12":"product_tag-natural","13":"product_tag-vegano","14":"product_shipping_class-pickup-only","16":"first","17":"instock","18":"shipping-taxable","19":"purchasable","20":"product-type-simple"},"_links":{"self":[{"href":"https:\/\/manantialdelasflores.com\/en\/wp-json\/wp\/v2\/product\/617","targetHints":{"allow":["GET"]}}],"collection":[{"href":"https:\/\/manantialdelasflores.com\/en\/wp-json\/wp\/v2\/product"}],"about":[{"href":"https:\/\/manantialdelasflores.com\/en\/wp-json\/wp\/v2\/types\/product"}],"replies":[{"embeddable":true,"href":"https:\/\/manantialdelasflores.com\/en\/wp-json\/wp\/v2\/comments?post=617"}],"wp:featuredmedia":[{"embeddable":true,"href":"https:\/\/manantialdelasflores.com\/en\/wp-json\/wp\/v2\/media\/618"}],"wp:attachment":[{"href":"https:\/\/manantialdelasflores.com\/en\/wp-json\/wp\/v2\/media?parent=617"}],"wp:term":[{"taxonomy":"product_brand","embeddable":true,"href":"https:\/\/manantialdelasflores.com\/en\/wp-json\/wp\/v2\/product_brand?post=617"},{"taxonomy":"product_cat","embeddable":true,"href":"https:\/\/manantialdelasflores.com\/en\/wp-json\/wp\/v2\/product_cat?post=617"},{"taxonomy":"product_tag","embeddable":true,"href":"https:\/\/manantialdelasflores.com\/en\/wp-json\/wp\/v2\/product_tag?post=617"}],"curies":[{"name":"wp","href":"https:\/\/api.w.org\/{rel}","templated":true}]}}