{"id":621,"date":"2023-04-22T04:45:27","date_gmt":"2023-04-22T04:45:27","guid":{"rendered":"https:\/\/manantialdelasflores.com\/?post_type=product&#038;p=621"},"modified":"2025-03-19T21:34:43","modified_gmt":"2025-03-19T21:34:43","slug":"leche-de-sabila-para-el-bano","status":"publish","type":"product","link":"https:\/\/manantialdelasflores.com\/en\/shop\/leche-de-sabila-para-el-bano\/","title":{"rendered":"Leche de s\u00e1bila para el ba\u00f1o"},"content":{"rendered":"<p class=\"p1\"><span class=\"s1\"><b>Uso:\u00a0<\/b>\u00dasala en lugar de jab\u00f3n aplic\u00e1ndola con tu mano, esponja o fibra natural en todo tu cuerpo (salvo tus zonas \u00edntimas). Agita suavemente la botella y aplica sobre la piel de tu <\/span><span class=\"s1\">cuerpo ligeramente h\u00fameda, deja un rato para que se absorba, enjuaga y seca. Para todos los sexos.<\/span><\/p>\n<p><span class=\"s1\"><strong>Ingredientes: <\/strong>S\u00e1bila cultivada por nosotros mismos, aceite de almendras dulces, aceite de hemp, Vitaminas C y E, jab\u00f3n artesanal de toronja y jengibre Manantial de las Flores, aceites esenciales de zacate lim\u00f3n, toronja, lima, naranja prensado en fr\u00edo y aceite de semilla de toronja como conservador.<\/span><\/p>\n<p><span class=\"Apple-converted-space\"><strong>Presentaci\u00f3n:<\/strong>\u00a0<\/span>Botella PET azul cobalto reciclable con 250ml con dispensador<\/p>\n","protected":false},"excerpt":{"rendered":"<p class=\"p1\"><span class=\"s1\">Limpia, suaviza, humecta la piel y mantiene firmes los tejidos. <\/span><span class=\"s1\">Ba\u00f1arse con esta leche de s\u00e1bila es un verdadero lujo, no s\u00f3lo por las virtudes de sus ingredientes, sino por el fresco y bello aroma c\u00edtrico que deja en todo tu cuerpo despu\u00e9s de su uso. Su ingrediente estrella es la s\u00e1bila que<\/span> tiene la habilidad de acelerar la regeneraci\u00f3n de las c\u00e9lulas de la piel.\u00a0<span class=\"s1\">100% natural y vegana.<\/span><\/p>\n","protected":false},"featured_media":622,"comment_status":"open","ping_status":"closed","template":"","meta":[],"product_brand":[],"product_cat":[18,217],"product_tag":[173,287,52,285,62,286,247,275],"class_list":{"0":"post-621","1":"product","2":"type-product","3":"status-publish","4":"has-post-thumbnail","6":"product_cat-cuidado-corporal","7":"product_cat-cuidado-de-la-piel","8":"product_tag-bano","9":"product_tag-citricos","10":"product_tag-humectante","11":"product_tag-leche-bano","12":"product_tag-limpiadora","13":"product_tag-regeneradora","14":"product_tag-sabila","15":"product_tag-suavizante","17":"first","18":"instock","19":"shipping-taxable","20":"purchasable","21":"product-type-simple"},"_links":{"self":[{"href":"https:\/\/manantialdelasflores.com\/en\/wp-json\/wp\/v2\/product\/621","targetHints":{"allow":["GET"]}}],"collection":[{"href":"https:\/\/manantialdelasflores.com\/en\/wp-json\/wp\/v2\/product"}],"about":[{"href":"https:\/\/manantialdelasflores.com\/en\/wp-json\/wp\/v2\/types\/product"}],"replies":[{"embeddable":true,"href":"https:\/\/manantialdelasflores.com\/en\/wp-json\/wp\/v2\/comments?post=621"}],"wp:featuredmedia":[{"embeddable":true,"href":"https:\/\/manantialdelasflores.com\/en\/wp-json\/wp\/v2\/media\/622"}],"wp:attachment":[{"href":"https:\/\/manantialdelasflores.com\/en\/wp-json\/wp\/v2\/media?parent=621"}],"wp:term":[{"taxonomy":"product_brand","embeddable":true,"href":"https:\/\/manantialdelasflores.com\/en\/wp-json\/wp\/v2\/product_brand?post=621"},{"taxonomy":"product_cat","embeddable":true,"href":"https:\/\/manantialdelasflores.com\/en\/wp-json\/wp\/v2\/product_cat?post=621"},{"taxonomy":"product_tag","embeddable":true,"href":"https:\/\/manantialdelasflores.com\/en\/wp-json\/wp\/v2\/product_tag?post=621"}],"curies":[{"name":"wp","href":"https:\/\/api.w.org\/{rel}","templated":true}]}}