{"id":629,"date":"2023-04-22T04:47:08","date_gmt":"2023-04-22T04:47:08","guid":{"rendered":"https:\/\/manantialdelasflores.com\/?post_type=product&#038;p=629"},"modified":"2025-03-19T21:34:42","modified_gmt":"2025-03-19T21:34:42","slug":"protector-solar","status":"publish","type":"product","link":"https:\/\/manantialdelasflores.com\/en\/shop\/protector-solar\/","title":{"rendered":"Protector solar"},"content":{"rendered":"<div class=\"short-description\">\n<div class=\"std\">\n<p>Dise\u00f1amos este protector solar usando los ingredientes con mayor capacidad de filtro solar que sean a la vez nutritivos y humectantes y que no causen problemas al delicado \u00f3rgano que es la piel. Mejoran la salud y vitalidad de todo tipo de piel.<\/p>\n<p><strong>Uso:<\/strong> Agitar suavemente antes de usar; aplicar sobre todo el cuerpo antes de exponerse al sol. Aplicar las veces que sean necesarias. Evitar el contacto con los ojos, en caso de que suceda, enjuagar inmediatamente. Recomendamos aplicar despu\u00e9s de nadar o mojarte para mantener siempre protegida tu piel. Precauciones: No usar en la cara de ni\u00f1os menores de seis a\u00f1os. Mantener en un lugar oscuro y fresco.<\/p>\n<p><strong>Ingredientes:\u00a0<\/strong>Lavanda angustifolia (Lavanda), Aloe barbadensis (S\u00e1bila) cultivadas por nosotros, t\u00e9 verde, aceite de ajonjol\u00ed, aceite de aguacate, aceite de girasol, aceite de macadamia, manteca de karit\u00e9, Vitamina E y C, oxido de zinc, di\u00f3xido de titanio y aceites esenciales de lavanda y alhucema y aceite de semilla de toronja como conservador.<\/p>\n<p>El aceite de ajonjol\u00ed, usado en la cosm\u00e9tica ayurveda, posee cualidades protectoras del sol. El aceite de aguacate y la Vitamina E son protectores, antioxidantes y brindan nutrici\u00f3n antiedad a la piel; son altamente humectantes, f\u00e1ciles de absorber, regenerativos y antiinflamatorios. La s\u00e1bila es humectante y suavizante, previene y cura las quemaduras solares adem\u00e1s de proteger y regenerar la piel y la manteca de karit\u00e9 es inhibidora de los rayos ultravioletas que queman la piel.<\/p>\n<\/div>\n<\/div>\n<p><strong>Presentaci\u00f3n:<\/strong> Botella PET reciclable con 120ml con dispensador.<\/p>\n","protected":false},"excerpt":{"rendered":"<p class=\"p1\">Cremosa loci\u00f3n que protege y suaviza exitosamente la piel.<\/p>\n<p class=\"p1\">De FPS 30. 100% natural y vegano.<\/p>\n","protected":false},"featured_media":631,"comment_status":"open","ping_status":"closed","template":"","meta":[],"product_brand":[],"product_cat":[259,18,217],"product_tag":[175,23,249,250,247,265],"class_list":{"0":"post-629","1":"product","2":"type-product","3":"status-publish","4":"has-post-thumbnail","6":"product_cat-botiquin-natural","7":"product_cat-cuidado-corporal","8":"product_cat-cuidado-de-la-piel","9":"product_tag-natural","10":"product_tag-piel","11":"product_tag-protector-solar","12":"product_tag-protege","13":"product_tag-sabila","14":"product_tag-vegana","16":"first","17":"instock","18":"shipping-taxable","19":"purchasable","20":"product-type-simple"},"_links":{"self":[{"href":"https:\/\/manantialdelasflores.com\/en\/wp-json\/wp\/v2\/product\/629","targetHints":{"allow":["GET"]}}],"collection":[{"href":"https:\/\/manantialdelasflores.com\/en\/wp-json\/wp\/v2\/product"}],"about":[{"href":"https:\/\/manantialdelasflores.com\/en\/wp-json\/wp\/v2\/types\/product"}],"replies":[{"embeddable":true,"href":"https:\/\/manantialdelasflores.com\/en\/wp-json\/wp\/v2\/comments?post=629"}],"wp:featuredmedia":[{"embeddable":true,"href":"https:\/\/manantialdelasflores.com\/en\/wp-json\/wp\/v2\/media\/631"}],"wp:attachment":[{"href":"https:\/\/manantialdelasflores.com\/en\/wp-json\/wp\/v2\/media?parent=629"}],"wp:term":[{"taxonomy":"product_brand","embeddable":true,"href":"https:\/\/manantialdelasflores.com\/en\/wp-json\/wp\/v2\/product_brand?post=629"},{"taxonomy":"product_cat","embeddable":true,"href":"https:\/\/manantialdelasflores.com\/en\/wp-json\/wp\/v2\/product_cat?post=629"},{"taxonomy":"product_tag","embeddable":true,"href":"https:\/\/manantialdelasflores.com\/en\/wp-json\/wp\/v2\/product_tag?post=629"}],"curies":[{"name":"wp","href":"https:\/\/api.w.org\/{rel}","templated":true}]}}