{"id":633,"date":"2023-05-22T19:22:33","date_gmt":"2023-05-22T19:22:33","guid":{"rendered":"https:\/\/manantialdelasflores.com\/?post_type=product&#038;p=633"},"modified":"2025-05-25T12:53:11","modified_gmt":"2025-05-25T12:53:11","slug":"doble-extracto-fluido-de-albahaca-sagrada","status":"publish","type":"product","link":"https:\/\/manantialdelasflores.com\/en\/shop\/doble-extracto-fluido-de-albahaca-sagrada\/","title":{"rendered":"Doble extracto fluido de albahaca sagrada"},"content":{"rendered":"<p><strong>Modo de uso:<\/strong>\u00a0Agitar y tomar 1\/2 cucharadita en agua tres veces al d\u00eda.\u00a0<strong>No administrar a menores de 12 a\u00f1os.<\/strong>\u00a0Este producto no es un medicamento, su consumo es responsabilidad de quien lo recomienda y de quien lo toma. Conservar el frasco bien cerrado.<\/p>\n<p><strong>Ingredientes:<\/strong> Planta completa de Ocimum sanctum (albahaca sagrada) cultivada en el Rancho Agroecol\u00f3gico Agua Escondida y 30% de vodka pura de grano.<\/p>\n<p><strong>Presentaci\u00f3n:\u00a0<\/strong>Frasco de cristal con 50ml.<\/p>\n","protected":false},"excerpt":{"rendered":"<p>Auxiliar en el tratamiento de la indigesti\u00f3n, v\u00edas respiratorias congestionadas y estr\u00e9s. 100% vegano y natural.<\/p>\n","protected":false},"featured_media":638,"comment_status":"open","ping_status":"closed","template":"","meta":[],"product_brand":[],"product_cat":[72,132,134],"product_tag":[252,351,251,352,349,350],"class_list":{"0":"post-633","1":"product","2":"type-product","3":"status-publish","4":"has-post-thumbnail","6":"product_cat-alimentacion","7":"product_cat-suplementos-alimenticios","8":"product_cat-tintura-y-extractos","9":"product_tag-albahaca-sagrada","10":"product_tag-congestion","11":"product_tag-doble-extracto-fluido","12":"product_tag-estres","13":"product_tag-tratamiento-de-indigestion","14":"product_tag-vias-respiratorias","16":"first","17":"instock","18":"shipping-taxable","19":"purchasable","20":"product-type-simple"},"_links":{"self":[{"href":"https:\/\/manantialdelasflores.com\/en\/wp-json\/wp\/v2\/product\/633","targetHints":{"allow":["GET"]}}],"collection":[{"href":"https:\/\/manantialdelasflores.com\/en\/wp-json\/wp\/v2\/product"}],"about":[{"href":"https:\/\/manantialdelasflores.com\/en\/wp-json\/wp\/v2\/types\/product"}],"replies":[{"embeddable":true,"href":"https:\/\/manantialdelasflores.com\/en\/wp-json\/wp\/v2\/comments?post=633"}],"wp:featuredmedia":[{"embeddable":true,"href":"https:\/\/manantialdelasflores.com\/en\/wp-json\/wp\/v2\/media\/638"}],"wp:attachment":[{"href":"https:\/\/manantialdelasflores.com\/en\/wp-json\/wp\/v2\/media?parent=633"}],"wp:term":[{"taxonomy":"product_brand","embeddable":true,"href":"https:\/\/manantialdelasflores.com\/en\/wp-json\/wp\/v2\/product_brand?post=633"},{"taxonomy":"product_cat","embeddable":true,"href":"https:\/\/manantialdelasflores.com\/en\/wp-json\/wp\/v2\/product_cat?post=633"},{"taxonomy":"product_tag","embeddable":true,"href":"https:\/\/manantialdelasflores.com\/en\/wp-json\/wp\/v2\/product_tag?post=633"}],"curies":[{"name":"wp","href":"https:\/\/api.w.org\/{rel}","templated":true}]}}