{"id":645,"date":"2023-05-22T19:27:16","date_gmt":"2023-05-22T19:27:16","guid":{"rendered":"https:\/\/manantialdelasflores.com\/?post_type=product&#038;p=645"},"modified":"2025-03-19T21:34:31","modified_gmt":"2025-03-19T21:34:31","slug":"tintura-madre-de-de-equinacea","status":"publish","type":"product","link":"https:\/\/manantialdelasflores.com\/en\/shop\/tintura-madre-de-de-equinacea\/","title":{"rendered":"Tintura madre de equin\u00e1cea"},"content":{"rendered":"<p><strong>Modo de uso:<\/strong>\u00a0Agitar y tomar 1\/2 cucharadita en agua tres veces al d\u00eda.\u00a0<strong>No administrar a menores de 2 a\u00f1os o durante el embarazo.<\/strong>\u00a0Este producto no es un medicamento, su consumo es responsabilidad de quien lo recomienda y de quien lo toma. Conservar el frasco bien cerrado.<\/p>\n<p><strong>Ingredientes:<\/strong> Ra\u00edz de Equinacea purpurea (equin\u00e1cea) cultivada en el Rancho Agroecol\u00f3gico Agua Escondida y 30% de vodka pura de grano.<\/p>\n<p><strong>Presentaci\u00f3n:\u00a0<\/strong>Frasco de cristal con 50ml.<\/p>\n","protected":false},"excerpt":{"rendered":"<p>Auxiliar en el tratamiento para reforzar sistema inmunol\u00f3gico. Prevenci\u00f3n de la gripe y enfermedades del sistema respiratorio. 100% vegano y natural.<\/p>\n","protected":false},"featured_media":634,"comment_status":"open","ping_status":"closed","template":"","meta":[],"product_brand":[],"product_cat":[72,132,134],"product_tag":[251,255,289,353,354],"class_list":{"0":"post-645","1":"product","2":"type-product","3":"status-publish","4":"has-post-thumbnail","6":"product_cat-alimentacion","7":"product_cat-suplementos-alimenticios","8":"product_cat-tintura-y-extractos","9":"product_tag-doble-extracto-fluido","10":"product_tag-equinacea","11":"product_tag-gripe","12":"product_tag-reforzar-sistema-inmune","13":"product_tag-sistema-respiratorio","15":"first","16":"instock","17":"shipping-taxable","18":"purchasable","19":"product-type-simple"},"_links":{"self":[{"href":"https:\/\/manantialdelasflores.com\/en\/wp-json\/wp\/v2\/product\/645","targetHints":{"allow":["GET"]}}],"collection":[{"href":"https:\/\/manantialdelasflores.com\/en\/wp-json\/wp\/v2\/product"}],"about":[{"href":"https:\/\/manantialdelasflores.com\/en\/wp-json\/wp\/v2\/types\/product"}],"replies":[{"embeddable":true,"href":"https:\/\/manantialdelasflores.com\/en\/wp-json\/wp\/v2\/comments?post=645"}],"wp:featuredmedia":[{"embeddable":true,"href":"https:\/\/manantialdelasflores.com\/en\/wp-json\/wp\/v2\/media\/634"}],"wp:attachment":[{"href":"https:\/\/manantialdelasflores.com\/en\/wp-json\/wp\/v2\/media?parent=645"}],"wp:term":[{"taxonomy":"product_brand","embeddable":true,"href":"https:\/\/manantialdelasflores.com\/en\/wp-json\/wp\/v2\/product_brand?post=645"},{"taxonomy":"product_cat","embeddable":true,"href":"https:\/\/manantialdelasflores.com\/en\/wp-json\/wp\/v2\/product_cat?post=645"},{"taxonomy":"product_tag","embeddable":true,"href":"https:\/\/manantialdelasflores.com\/en\/wp-json\/wp\/v2\/product_tag?post=645"}],"curies":[{"name":"wp","href":"https:\/\/api.w.org\/{rel}","templated":true}]}}