{"id":65,"date":"2022-11-10T19:53:47","date_gmt":"2022-11-10T19:53:47","guid":{"rendered":"https:\/\/manantialdelasflores.com\/?post_type=product&#038;p=65"},"modified":"2025-03-19T21:35:06","modified_gmt":"2025-03-19T21:35:06","slug":"jabon-de-manzanilla-organica","status":"publish","type":"product","link":"https:\/\/manantialdelasflores.com\/en\/shop\/jabon-de-manzanilla-organica\/","title":{"rendered":"Jab\u00f3n de manzanilla"},"content":{"rendered":"<div class=\"short-description\">\n<div class=\"std\">\n<p>Hecho con flores de manzanilla, es suavizante, desinflamante y limpiador.\u00a0Antis\u00e9ptico y limpiador. Disminuye las arrugas. Es rico, suave y envolvente, deja una espuma densa y penetrante que limpia la piel. Cualidad arom\u00e1tica: Relajante y fortalecedor del sistema nervioso.<\/p>\n<p><strong>Ingredientes:<\/strong> Aceite de oliva prensado en fr\u00edo, aceite de coco, aceite de girasol, manzanilla, lavanda y geranio cultivados agroecol\u00f3gicamente por nosotros y aceite esencial de lim\u00f3n.<\/p>\n<\/div>\n<\/div>\n<div class=\"sku\">\n<p><strong>Presentaci\u00f3n:<\/strong> Barra de 90g envuelta en papel kraft reciclado y biodegradable.<\/p>\n<\/div>\n","protected":false},"excerpt":{"rendered":"<p>Para pieles delicadas, secas y\/o irritadas. Disminuye el enrojecimiento de la piel, humecta y nutre. Ideal para la piel de los beb\u00e9s y de los adultos mayores. 100% vegano y natural.<\/p>\n","protected":false},"featured_media":55,"comment_status":"open","ping_status":"closed","template":"","meta":[],"product_brand":[],"product_cat":[18,17],"product_tag":[164,151,64,166,19,165,35,147,150],"class_list":{"0":"post-65","1":"product","2":"type-product","3":"status-publish","4":"has-post-thumbnail","6":"product_cat-cuidado-corporal","7":"product_cat-jabones-artesanales","8":"product_tag-adultos-mayores","9":"product_tag-artesanal","10":"product_tag-bebes","11":"product_tag-desinflamante","12":"product_tag-jabon","13":"product_tag-limpia","14":"product_tag-manzanilla","15":"product_tag-organica","16":"product_tag-vegano","18":"first","19":"instock","20":"shipping-taxable","21":"purchasable","22":"product-type-simple"},"_links":{"self":[{"href":"https:\/\/manantialdelasflores.com\/en\/wp-json\/wp\/v2\/product\/65","targetHints":{"allow":["GET"]}}],"collection":[{"href":"https:\/\/manantialdelasflores.com\/en\/wp-json\/wp\/v2\/product"}],"about":[{"href":"https:\/\/manantialdelasflores.com\/en\/wp-json\/wp\/v2\/types\/product"}],"replies":[{"embeddable":true,"href":"https:\/\/manantialdelasflores.com\/en\/wp-json\/wp\/v2\/comments?post=65"}],"wp:featuredmedia":[{"embeddable":true,"href":"https:\/\/manantialdelasflores.com\/en\/wp-json\/wp\/v2\/media\/55"}],"wp:attachment":[{"href":"https:\/\/manantialdelasflores.com\/en\/wp-json\/wp\/v2\/media?parent=65"}],"wp:term":[{"taxonomy":"product_brand","embeddable":true,"href":"https:\/\/manantialdelasflores.com\/en\/wp-json\/wp\/v2\/product_brand?post=65"},{"taxonomy":"product_cat","embeddable":true,"href":"https:\/\/manantialdelasflores.com\/en\/wp-json\/wp\/v2\/product_cat?post=65"},{"taxonomy":"product_tag","embeddable":true,"href":"https:\/\/manantialdelasflores.com\/en\/wp-json\/wp\/v2\/product_tag?post=65"}],"curies":[{"name":"wp","href":"https:\/\/api.w.org\/{rel}","templated":true}]}}