{"id":651,"date":"2024-04-01T00:18:45","date_gmt":"2024-04-01T00:18:45","guid":{"rendered":"https:\/\/manantialdelasflores.com\/?post_type=product&#038;p=651"},"modified":"2025-03-19T21:34:09","modified_gmt":"2025-03-19T21:34:09","slug":"locion-de-ruda","status":"publish","type":"product","link":"https:\/\/manantialdelasflores.com\/en\/shop\/locion-de-ruda\/","title":{"rendered":"Loci\u00f3n de ruda"},"content":{"rendered":"<p class=\"p1\"><span class=\"s1\">El ingrediente estrella es la Ruda, olorosa planta que cultivamos nosotros mismos. La convertimos en destilado y en tintura madre unidos para duplicar su fuerza y reforzadas con aceites esenciales puros con cualidades antiparasitarias (eucalipto, alhucema, \u00e1rbol del t\u00e9 y romero) logramos erradicar al indeseable par\u00e1sito con s\u00f3lo una aplicaci\u00f3n.<b><\/b><\/span><\/p>\n<p><strong>Uso:<\/strong> asperjar directamente en el cuero cabelludo y de ah\u00ed extender al resto del cabello masajeando. Envolver el pelo con una bolsa reciclada de pl\u00e1stico y luego una toalla. Dejar dos horas, pasar el peine de piojos y luego lavar el cabello con nuestro <i>Champ\u00fa de \u00e1rbol del t\u00e9<\/i>. Para mantener libre de par\u00e1sitos el pelo, aplicar cada semana al cabello y peinar. Evitar el contacto con los ojos, en caso de que suceda, enjuagar inmediatamente.<\/p>\n<p><strong>Ingredientes:\u00a0<\/strong>Destilado de Ruta graveolens (ruda), tintura madre de Ruta graveolens ( ruda), aceites esenciales de eucalipto, alhucema, \u00e1rbol del t\u00e9 y romero.<\/p>\n<p><span class=\"s1\"><strong>Presentaci\u00f3n:<\/strong> Botella PET reciclable de 120ml con aspersor y peine para piojos en cajita de cart\u00f3n biodegradable.<\/span><\/p>\n","protected":false},"excerpt":{"rendered":"<p class=\"p1\"><span class=\"s1\">Para erradicar los par\u00e1sitos del cuero cabelludo. <\/span><span class=\"s1\">100% natural y vegano.<\/span><\/p>\n","protected":false},"featured_media":657,"comment_status":"open","ping_status":"closed","template":"","meta":[],"product_brand":[],"product_cat":[18,28],"product_tag":[246,210,267,260],"class_list":{"0":"post-651","1":"product","2":"type-product","3":"status-publish","4":"has-post-thumbnail","6":"product_cat-cuidado-corporal","7":"product_cat-cuidado-del-cabello","8":"product_tag-cabello","9":"product_tag-locion","10":"product_tag-parasitos","11":"product_tag-ruda","13":"first","14":"instock","15":"shipping-taxable","16":"purchasable","17":"product-type-simple"},"_links":{"self":[{"href":"https:\/\/manantialdelasflores.com\/en\/wp-json\/wp\/v2\/product\/651","targetHints":{"allow":["GET"]}}],"collection":[{"href":"https:\/\/manantialdelasflores.com\/en\/wp-json\/wp\/v2\/product"}],"about":[{"href":"https:\/\/manantialdelasflores.com\/en\/wp-json\/wp\/v2\/types\/product"}],"replies":[{"embeddable":true,"href":"https:\/\/manantialdelasflores.com\/en\/wp-json\/wp\/v2\/comments?post=651"}],"wp:featuredmedia":[{"embeddable":true,"href":"https:\/\/manantialdelasflores.com\/en\/wp-json\/wp\/v2\/media\/657"}],"wp:attachment":[{"href":"https:\/\/manantialdelasflores.com\/en\/wp-json\/wp\/v2\/media?parent=651"}],"wp:term":[{"taxonomy":"product_brand","embeddable":true,"href":"https:\/\/manantialdelasflores.com\/en\/wp-json\/wp\/v2\/product_brand?post=651"},{"taxonomy":"product_cat","embeddable":true,"href":"https:\/\/manantialdelasflores.com\/en\/wp-json\/wp\/v2\/product_cat?post=651"},{"taxonomy":"product_tag","embeddable":true,"href":"https:\/\/manantialdelasflores.com\/en\/wp-json\/wp\/v2\/product_tag?post=651"}],"curies":[{"name":"wp","href":"https:\/\/api.w.org\/{rel}","templated":true}]}}