{"id":66,"date":"2022-11-10T19:56:21","date_gmt":"2022-11-10T19:56:21","guid":{"rendered":"https:\/\/manantialdelasflores.com\/?post_type=product&#038;p=66"},"modified":"2025-03-19T21:35:06","modified_gmt":"2025-03-19T21:35:06","slug":"jabon-de-lima-organica-y-alga-espirulina","status":"publish","type":"product","link":"https:\/\/manantialdelasflores.com\/en\/shop\/jabon-de-lima-organica-y-alga-espirulina\/","title":{"rendered":"Jab\u00f3n de lima y alga espirulina"},"content":{"rendered":"<div class=\"short-description\">\n<div class=\"std\">\n<div dir=\"auto\">\n<p>Hecho con c\u00e1scara de lima y alga espirulina, es astringente y refrescante. Dise\u00f1ado para dar una nutrici\u00f3n completa a la piel de todo el cuerpo. Cualidad arom\u00e1tica: Mitiga la ansiedad y la apat\u00eda. Debido a su gran cantidad de clorofila, el alga\u00a0 espirulina ayuda a desintoxicarse de las radiaciones solares y qu\u00edmicas, de la contaminaci\u00f3n ambiental y de los metales pesados. La c\u00e1scara de lima es exfoliante, antibacteriana y ayuda a conservar joven la piel reafirm\u00e1ndola y promoviendo la renovaci\u00f3n celular. Es rico y envolvente, deja una espuma densa y penetrante en la piel que la hace sentir limpia y fresca.<\/p>\n<p><strong>Ingredientes:<\/strong> Aceite de oliva prensado en fr\u00edo, aceite de coco, aceite de girasol, alga espirulina, Citrus medica (lima), Rosmarinus officinalis (romero) y Pogostemon cablin (pachul\u00ed) cultivados agroecol\u00f3gicamente por nosotros y aceites esenciales de lima, romero y cedro.<\/p>\n<\/div>\n<p><strong>Presentaci\u00f3n:<\/strong> Barra de 90g envuelta en papel kraft reciclado y biodegradable.<\/p>\n<\/div>\n<\/div>\n","protected":false},"excerpt":{"rendered":"<p>Previene y combate la celulitis y ayuda a reducir la grasa corporal. Refuerza el sistema inmunol\u00f3gico y mejora la circulaci\u00f3n. 100% vegano y natural.<\/p>\n","protected":false},"featured_media":53,"comment_status":"open","ping_status":"closed","template":"","meta":[],"product_brand":[],"product_cat":[18,17],"product_tag":[149,151,167,332,333,19,148,147,161],"class_list":{"0":"post-66","1":"product","2":"type-product","3":"status-publish","4":"has-post-thumbnail","6":"product_cat-cuidado-corporal","7":"product_cat-jabones-artesanales","8":"product_tag-alga-espirulina","9":"product_tag-artesanal","10":"product_tag-astringente","11":"product_tag-celulitis","12":"product_tag-grasa-corporal","13":"product_tag-jabon","14":"product_tag-lima","15":"product_tag-organica","16":"product_tag-refrescante","18":"first","19":"instock","20":"shipping-taxable","21":"purchasable","22":"product-type-simple"},"_links":{"self":[{"href":"https:\/\/manantialdelasflores.com\/en\/wp-json\/wp\/v2\/product\/66","targetHints":{"allow":["GET"]}}],"collection":[{"href":"https:\/\/manantialdelasflores.com\/en\/wp-json\/wp\/v2\/product"}],"about":[{"href":"https:\/\/manantialdelasflores.com\/en\/wp-json\/wp\/v2\/types\/product"}],"replies":[{"embeddable":true,"href":"https:\/\/manantialdelasflores.com\/en\/wp-json\/wp\/v2\/comments?post=66"}],"wp:featuredmedia":[{"embeddable":true,"href":"https:\/\/manantialdelasflores.com\/en\/wp-json\/wp\/v2\/media\/53"}],"wp:attachment":[{"href":"https:\/\/manantialdelasflores.com\/en\/wp-json\/wp\/v2\/media?parent=66"}],"wp:term":[{"taxonomy":"product_brand","embeddable":true,"href":"https:\/\/manantialdelasflores.com\/en\/wp-json\/wp\/v2\/product_brand?post=66"},{"taxonomy":"product_cat","embeddable":true,"href":"https:\/\/manantialdelasflores.com\/en\/wp-json\/wp\/v2\/product_cat?post=66"},{"taxonomy":"product_tag","embeddable":true,"href":"https:\/\/manantialdelasflores.com\/en\/wp-json\/wp\/v2\/product_tag?post=66"}],"curies":[{"name":"wp","href":"https:\/\/api.w.org\/{rel}","templated":true}]}}