{"id":660,"date":"2023-12-28T14:21:29","date_gmt":"2023-12-28T14:21:29","guid":{"rendered":"https:\/\/manantialdelasflores.com\/?post_type=product&#038;p=660"},"modified":"2025-03-19T21:34:26","modified_gmt":"2025-03-19T21:34:26","slug":"pomada-de-albahaca-sagrada","status":"publish","type":"product","link":"https:\/\/manantialdelasflores.com\/en\/shop\/pomada-de-albahaca-sagrada\/","title":{"rendered":"Pomada de albahaca sagrada"},"content":{"rendered":"<p class=\"p1\"><span class=\"s1\">Es un magn\u00edfico remedio para la psoriasis en cualquier parte del cuerpo ya que tiene un potente efecto regenerador rico en \u00e1cidos grasos y Vitamina A. La albahaca sagrada mejora la piel sensible, seca y ayuda en los procesos de cicatrizaci\u00f3n y enfermedades de la piel en general.<\/span><\/p>\n<p><span class=\"s1\"><strong>Uso: <\/strong>Extender sobre la piel limpia. <\/span><span class=\"s1\">Puede usarse varias <\/span><span class=\"s1\">veces al d\u00eda. <\/span><span class=\"s1\">Recomendamos utilizar el Jab\u00f3n artesanal de cal\u00e9ndula y c\u00farcuma Manantial de las Flores en el ba\u00f1o y lavado de la cara para completar su acci\u00f3n.<\/span><\/p>\n<p><strong>Ingredientes:<\/strong> Aceite de almendras dulces, aceite de coco, aceite de rosa mosqueta, aceite de karit\u00e9, Ocimum sanctum (albahaca sagrada), Centella asiatica (gotu kola), Calendula officinalis (cal\u00e9ndula) y Melisa officinalis (melisa) cultivadas por nosotros; cera de candelilla y aceites esenciales de tomillo y alhucema.<\/p>\n<p><strong>Presentaci\u00f3n:<\/strong> Tarro de cristal con 60g<\/p>\n","protected":false},"excerpt":{"rendered":"<p class=\"p1\"><span class=\"s1\">Para piel enrojecida, reseca y psoriasis. Especial para piel sensible o delicada que se inflama con facilidad.<\/span><\/p>\n","protected":false},"featured_media":670,"comment_status":"open","ping_status":"closed","template":"","meta":[],"product_brand":[],"product_cat":[259,18],"product_tag":[252,268,305,304,306,307,54,308],"class_list":{"0":"post-660","1":"product","2":"type-product","3":"status-publish","4":"has-post-thumbnail","6":"product_cat-botiquin-natural","7":"product_cat-cuidado-corporal","8":"product_tag-albahaca-sagrada","9":"product_tag-botiquin-natural","10":"product_tag-piel-delicada","11":"product_tag-piel-enrojecida","12":"product_tag-piel-inflamada","13":"product_tag-piel-reseca","14":"product_tag-pomada","15":"product_tag-psoriasis","17":"first","18":"instock","19":"shipping-taxable","20":"purchasable","21":"product-type-simple"},"_links":{"self":[{"href":"https:\/\/manantialdelasflores.com\/en\/wp-json\/wp\/v2\/product\/660","targetHints":{"allow":["GET"]}}],"collection":[{"href":"https:\/\/manantialdelasflores.com\/en\/wp-json\/wp\/v2\/product"}],"about":[{"href":"https:\/\/manantialdelasflores.com\/en\/wp-json\/wp\/v2\/types\/product"}],"replies":[{"embeddable":true,"href":"https:\/\/manantialdelasflores.com\/en\/wp-json\/wp\/v2\/comments?post=660"}],"wp:featuredmedia":[{"embeddable":true,"href":"https:\/\/manantialdelasflores.com\/en\/wp-json\/wp\/v2\/media\/670"}],"wp:attachment":[{"href":"https:\/\/manantialdelasflores.com\/en\/wp-json\/wp\/v2\/media?parent=660"}],"wp:term":[{"taxonomy":"product_brand","embeddable":true,"href":"https:\/\/manantialdelasflores.com\/en\/wp-json\/wp\/v2\/product_brand?post=660"},{"taxonomy":"product_cat","embeddable":true,"href":"https:\/\/manantialdelasflores.com\/en\/wp-json\/wp\/v2\/product_cat?post=660"},{"taxonomy":"product_tag","embeddable":true,"href":"https:\/\/manantialdelasflores.com\/en\/wp-json\/wp\/v2\/product_tag?post=660"}],"curies":[{"name":"wp","href":"https:\/\/api.w.org\/{rel}","templated":true}]}}