{"id":67,"date":"2022-11-10T19:57:58","date_gmt":"2022-11-10T19:57:58","guid":{"rendered":"https:\/\/manantialdelasflores.com\/?post_type=product&#038;p=67"},"modified":"2025-03-19T21:35:06","modified_gmt":"2025-03-19T21:35:06","slug":"jabon-canela-y-salvia","status":"publish","type":"product","link":"https:\/\/manantialdelasflores.com\/en\/shop\/jabon-canela-y-salvia\/","title":{"rendered":"Jab\u00f3n canela y salvia"},"content":{"rendered":"<div class=\"short-description\">\n<div class=\"std\">\n<p>Hecho con corteza de canela y salvia, astringente, antibacteriano, antiv\u00edrico. Cualidad arom\u00e1tica: estimulante, afrodis\u00edaco. Es rico, suave y envolvente, deja una espuma densa y penetrante en la piel. <strong>No usar en zonas \u00edntimas.<\/strong><\/p>\n<p><strong>Ingredientes:<\/strong> Aceite de oliva prensado en fr\u00edo, aceite de coco, aceite de girasol, canela y salvia cultivadas agroecol\u00f3gicamente por nosotros y aceite esencial de canela.<\/p>\n<p><strong>Presentaci\u00f3n:<\/strong> Barra de 90g envuelta en papel kraft reciclado y biodegradable.<\/p>\n<\/div>\n<\/div>\n","protected":false},"excerpt":{"rendered":"<p>Reafirma la piel y mejora la circulaci\u00f3n. Ideal para rasurarse. 100% vegano y natural.<\/p>\n","protected":false},"featured_media":60,"comment_status":"open","ping_status":"closed","template":"","meta":[],"product_brand":[],"product_cat":[18,17],"product_tag":[156,151,77,19,168,169,146],"class_list":{"0":"post-67","1":"product","2":"type-product","3":"status-publish","4":"has-post-thumbnail","6":"product_cat-cuidado-corporal","7":"product_cat-jabones-artesanales","8":"product_tag-antibacteriano","9":"product_tag-artesanal","10":"product_tag-canela","11":"product_tag-jabon","12":"product_tag-organico","13":"product_tag-para-rasurar","14":"product_tag-salvia","16":"first","17":"instock","18":"shipping-taxable","19":"purchasable","20":"product-type-simple"},"_links":{"self":[{"href":"https:\/\/manantialdelasflores.com\/en\/wp-json\/wp\/v2\/product\/67","targetHints":{"allow":["GET"]}}],"collection":[{"href":"https:\/\/manantialdelasflores.com\/en\/wp-json\/wp\/v2\/product"}],"about":[{"href":"https:\/\/manantialdelasflores.com\/en\/wp-json\/wp\/v2\/types\/product"}],"replies":[{"embeddable":true,"href":"https:\/\/manantialdelasflores.com\/en\/wp-json\/wp\/v2\/comments?post=67"}],"wp:featuredmedia":[{"embeddable":true,"href":"https:\/\/manantialdelasflores.com\/en\/wp-json\/wp\/v2\/media\/60"}],"wp:attachment":[{"href":"https:\/\/manantialdelasflores.com\/en\/wp-json\/wp\/v2\/media?parent=67"}],"wp:term":[{"taxonomy":"product_brand","embeddable":true,"href":"https:\/\/manantialdelasflores.com\/en\/wp-json\/wp\/v2\/product_brand?post=67"},{"taxonomy":"product_cat","embeddable":true,"href":"https:\/\/manantialdelasflores.com\/en\/wp-json\/wp\/v2\/product_cat?post=67"},{"taxonomy":"product_tag","embeddable":true,"href":"https:\/\/manantialdelasflores.com\/en\/wp-json\/wp\/v2\/product_tag?post=67"}],"curies":[{"name":"wp","href":"https:\/\/api.w.org\/{rel}","templated":true}]}}