{"id":671,"date":"2023-05-23T00:21:58","date_gmt":"2023-05-23T00:21:58","guid":{"rendered":"https:\/\/manantialdelasflores.com\/?post_type=product&#038;p=671"},"modified":"2025-03-19T21:34:29","modified_gmt":"2025-03-19T21:34:29","slug":"pomada-de-arbol-del-te","status":"publish","type":"product","link":"https:\/\/manantialdelasflores.com\/en\/shop\/pomada-de-arbol-del-te\/","title":{"rendered":"Pomada de \u00e1rbol del t\u00e9"},"content":{"rendered":"<p class=\"p1\"><span class=\"s1\">Esta pomada es \u00fatil para el cuidado de la piel en general ya que es limpiadora, antibacteriana, nutritiva, cicatrizante, regeneradora y suavizante. Ayuda a mantener la piel tersa y sedosa. El \u00e1rbol del t\u00e9 desinflama y suaviza las marcas producidas por el virus del herpes o la varicela y coadyuva en la regeneraci\u00f3n de las pieles afectadas con psoriasis o todo tipo de piel agrietada. Tambi\u00e9n es muy buena para aliviar quemaduras de la piel sobre todo las causadas por el sol y es inmejorable para combatir las manchas de la piel. Aplicar sobre la piel limpia y seca.<br \/>\n<\/span><strong><br \/>\nIngredientes<\/strong>: Aceite de ajonjol\u00ed, aceite de macadamia, aceite de ricino, Melaleuca alternifolia (\u00e1rbol del t\u00e9), Sambucus nigra (flor de sa<span class=\"s1\">\u00faco) y Zingiber officinale (jengibre) cultivados por nosotros mismos,<\/span>\u00a0cera de candelilla, aceite de semilla de toronja y aceite esencial de \u00e1rbol del t\u00e9.<\/p>\n<p><strong>Presentaci\u00f3n:<\/strong> Tarro de cristal con 60g<\/p>\n","protected":false},"excerpt":{"rendered":"<p class=\"p1\"><span class=\"s1\">Para piel delicada, madura y sensible. Es limpiadora, antibacteriana y \u00fatil en tratamientos contra hongos, ulceras varicosas, pie de atleta y sana peque\u00f1as cicatrices. 100% vegana y natural.<\/span><\/p>\n<p>&nbsp;<\/p>\n","protected":false},"featured_media":662,"comment_status":"open","ping_status":"closed","template":"","meta":[],"product_brand":[],"product_cat":[259,18],"product_tag":[264,38,268,292,305,319,54,320,265],"class_list":{"0":"post-671","1":"product","2":"type-product","3":"status-publish","4":"has-post-thumbnail","6":"product_cat-botiquin-natural","7":"product_cat-cuidado-corporal","8":"product_tag-antibacteriana","9":"product_tag-arbol-del-te","10":"product_tag-botiquin-natural","11":"product_tag-pie-de-atleta","12":"product_tag-piel-delicada","13":"product_tag-piel-madura","14":"product_tag-pomada","15":"product_tag-ulceras-varicosas","16":"product_tag-vegana","18":"first","19":"instock","20":"shipping-taxable","21":"purchasable","22":"product-type-simple"},"_links":{"self":[{"href":"https:\/\/manantialdelasflores.com\/en\/wp-json\/wp\/v2\/product\/671","targetHints":{"allow":["GET"]}}],"collection":[{"href":"https:\/\/manantialdelasflores.com\/en\/wp-json\/wp\/v2\/product"}],"about":[{"href":"https:\/\/manantialdelasflores.com\/en\/wp-json\/wp\/v2\/types\/product"}],"replies":[{"embeddable":true,"href":"https:\/\/manantialdelasflores.com\/en\/wp-json\/wp\/v2\/comments?post=671"}],"wp:featuredmedia":[{"embeddable":true,"href":"https:\/\/manantialdelasflores.com\/en\/wp-json\/wp\/v2\/media\/662"}],"wp:attachment":[{"href":"https:\/\/manantialdelasflores.com\/en\/wp-json\/wp\/v2\/media?parent=671"}],"wp:term":[{"taxonomy":"product_brand","embeddable":true,"href":"https:\/\/manantialdelasflores.com\/en\/wp-json\/wp\/v2\/product_brand?post=671"},{"taxonomy":"product_cat","embeddable":true,"href":"https:\/\/manantialdelasflores.com\/en\/wp-json\/wp\/v2\/product_cat?post=671"},{"taxonomy":"product_tag","embeddable":true,"href":"https:\/\/manantialdelasflores.com\/en\/wp-json\/wp\/v2\/product_tag?post=671"}],"curies":[{"name":"wp","href":"https:\/\/api.w.org\/{rel}","templated":true}]}}