{"id":672,"date":"2023-05-23T00:23:55","date_gmt":"2023-05-23T00:23:55","guid":{"rendered":"https:\/\/manantialdelasflores.com\/?post_type=product&#038;p=672"},"modified":"2025-03-19T21:34:29","modified_gmt":"2025-03-19T21:34:29","slug":"pomada-de-arnica-60g","status":"publish","type":"product","link":"https:\/\/manantialdelasflores.com\/en\/shop\/pomada-de-arnica-60g\/","title":{"rendered":"Pomada de \u00e1rnica 60g"},"content":{"rendered":"<p>Esta pomada combina las propiedades de plantas que tradicionalmente se han considerado eficaces por su acci\u00f3n desinflamatoria: \u00e1rnica, ra\u00edz de vetiver, romero y mejorana que junto con el aceite de ajonjol\u00ed, ricino y cera candelilla logran su consistencia. El aceite esencial de romero refuerza las cualidades curativas de esta pomada convirti\u00e9ndola en un coadyuvante de alta calidad. Es un remedio natural para lesiones menores y dolores musculares. Ofrece alivio y apoyo para la recuperaci\u00f3n natural del cuerpo. Aplicar sobre la piel limpia y seca.<\/p>\n<p><strong>Ingredientes:<\/strong> Aceite de ajonjol\u00ed, aceite de ricino, cera de candelilla, Arnica montana (\u00e1rnica), Vetiveria zizanioides (vetiver) y Rosmarinus officinalis (romero) cultivados por nosotros mismos; aceite de semilla de toronja y aceite esencial de romero.<\/p>\n<p><strong>Presentaci\u00f3n:<\/strong> Tarro de cristal con 60g<\/p>\n","protected":false},"excerpt":{"rendered":"<p class=\"p1\"><span class=\"s1\">Para golpes, moretones, torceduras, inflamaciones, esguinces, dolores musculares, reum\u00e1ticos o artr\u00edticos. 100% vegana<\/span><span class=\"s1\">\u00a0y natural.<\/span><\/p>\n<p>&nbsp;<\/p>\n","protected":false},"featured_media":664,"comment_status":"open","ping_status":"closed","template":"","meta":[],"product_brand":[],"product_cat":[259,18],"product_tag":[269,268,316,317,313,318,314,54,315],"class_list":{"0":"post-672","1":"product","2":"type-product","3":"status-publish","4":"has-post-thumbnail","6":"product_cat-botiquin-natural","7":"product_cat-cuidado-corporal","8":"product_tag-arnica","9":"product_tag-botiquin-natural","10":"product_tag-dolores-musculares","11":"product_tag-esguinces","12":"product_tag-golpes","13":"product_tag-inflamaciones","14":"product_tag-moretones","15":"product_tag-pomada","16":"product_tag-torceduras","18":"first","19":"instock","20":"shipping-taxable","21":"purchasable","22":"product-type-simple"},"_links":{"self":[{"href":"https:\/\/manantialdelasflores.com\/en\/wp-json\/wp\/v2\/product\/672","targetHints":{"allow":["GET"]}}],"collection":[{"href":"https:\/\/manantialdelasflores.com\/en\/wp-json\/wp\/v2\/product"}],"about":[{"href":"https:\/\/manantialdelasflores.com\/en\/wp-json\/wp\/v2\/types\/product"}],"replies":[{"embeddable":true,"href":"https:\/\/manantialdelasflores.com\/en\/wp-json\/wp\/v2\/comments?post=672"}],"wp:featuredmedia":[{"embeddable":true,"href":"https:\/\/manantialdelasflores.com\/en\/wp-json\/wp\/v2\/media\/664"}],"wp:attachment":[{"href":"https:\/\/manantialdelasflores.com\/en\/wp-json\/wp\/v2\/media?parent=672"}],"wp:term":[{"taxonomy":"product_brand","embeddable":true,"href":"https:\/\/manantialdelasflores.com\/en\/wp-json\/wp\/v2\/product_brand?post=672"},{"taxonomy":"product_cat","embeddable":true,"href":"https:\/\/manantialdelasflores.com\/en\/wp-json\/wp\/v2\/product_cat?post=672"},{"taxonomy":"product_tag","embeddable":true,"href":"https:\/\/manantialdelasflores.com\/en\/wp-json\/wp\/v2\/product_tag?post=672"}],"curies":[{"name":"wp","href":"https:\/\/api.w.org\/{rel}","templated":true}]}}