{"id":673,"date":"2023-05-23T00:25:23","date_gmt":"2023-05-23T00:25:23","guid":{"rendered":"https:\/\/manantialdelasflores.com\/?post_type=product&#038;p=673"},"modified":"2025-03-19T21:34:28","modified_gmt":"2025-03-19T21:34:28","slug":"pomada-de-consuelda","status":"publish","type":"product","link":"https:\/\/manantialdelasflores.com\/en\/shop\/pomada-de-consuelda\/","title":{"rendered":"Pomada de consuelda"},"content":{"rendered":"<p class=\"p1\"><span class=\"s1\">Esta magn\u00edfica pomada hecha a base de ra\u00edz de consuelda y s\u00e1bila, rica en alanto\u00edna; es una regeneradora celular y cicatrizante de heridas. Tambi\u00e9n se usa para mantener las manos suaves, para proteger la piel de los rayos solares y para despu\u00e9s de tomar el sol. Es parte de nuestro botiqu\u00edn natural, productos que se basan en remedios naturales obtenidos de plantas cultivadas por nosotros con tradici\u00f3n terap\u00e9utica. <\/span><span class=\"s1\">Aplicar sobre la piel limpia.<\/span><\/p>\n<p><strong>Ingredientes<\/strong>: Aceite de ajonjoli, aceite de almendras dulces, aceite de ricino, Symphytum officinalis (consuelda), Aloe barbadensis (s\u00e1bila) y Lavandula angustifolia (lavanda), cultivadas por nosotros mismos, extracto de consuelda, cera de candelilla, aceite de semilla de toronja y aceites esenciales de lavanda y hierba de San Juan.<\/p>\n<p><strong>Presentaci\u00f3n:<\/strong>\u00a0Tarro de cristal biodegradable con 60g<\/p>\n","protected":false},"excerpt":{"rendered":"<p class=\"p1\"><span class=\"s1\">Regeneradora celular, protector solar, cicatrizante de heridas y suavizante. <\/span><span class=\"s1\">100% natural y vegana.<\/span><\/p>\n","protected":false},"featured_media":666,"comment_status":"open","ping_status":"closed","template":"","meta":[],"product_brand":[],"product_cat":[259,18],"product_tag":[268,108,54,249,286],"class_list":{"0":"post-673","1":"product","2":"type-product","3":"status-publish","4":"has-post-thumbnail","6":"product_cat-botiquin-natural","7":"product_cat-cuidado-corporal","8":"product_tag-botiquin-natural","9":"product_tag-consuelda","10":"product_tag-pomada","11":"product_tag-protector-solar","12":"product_tag-regeneradora","14":"first","15":"instock","16":"shipping-taxable","17":"purchasable","18":"product-type-simple"},"_links":{"self":[{"href":"https:\/\/manantialdelasflores.com\/en\/wp-json\/wp\/v2\/product\/673","targetHints":{"allow":["GET"]}}],"collection":[{"href":"https:\/\/manantialdelasflores.com\/en\/wp-json\/wp\/v2\/product"}],"about":[{"href":"https:\/\/manantialdelasflores.com\/en\/wp-json\/wp\/v2\/types\/product"}],"replies":[{"embeddable":true,"href":"https:\/\/manantialdelasflores.com\/en\/wp-json\/wp\/v2\/comments?post=673"}],"wp:featuredmedia":[{"embeddable":true,"href":"https:\/\/manantialdelasflores.com\/en\/wp-json\/wp\/v2\/media\/666"}],"wp:attachment":[{"href":"https:\/\/manantialdelasflores.com\/en\/wp-json\/wp\/v2\/media?parent=673"}],"wp:term":[{"taxonomy":"product_brand","embeddable":true,"href":"https:\/\/manantialdelasflores.com\/en\/wp-json\/wp\/v2\/product_brand?post=673"},{"taxonomy":"product_cat","embeddable":true,"href":"https:\/\/manantialdelasflores.com\/en\/wp-json\/wp\/v2\/product_cat?post=673"},{"taxonomy":"product_tag","embeddable":true,"href":"https:\/\/manantialdelasflores.com\/en\/wp-json\/wp\/v2\/product_tag?post=673"}],"curies":[{"name":"wp","href":"https:\/\/api.w.org\/{rel}","templated":true}]}}