{"id":68,"date":"2022-11-10T19:59:37","date_gmt":"2022-11-10T19:59:37","guid":{"rendered":"https:\/\/manantialdelasflores.com\/?post_type=product&#038;p=68"},"modified":"2025-03-19T21:35:05","modified_gmt":"2025-03-19T21:35:05","slug":"jabon-de-calendula-y-curcuma","status":"publish","type":"product","link":"https:\/\/manantialdelasflores.com\/en\/shop\/jabon-de-calendula-y-curcuma\/","title":{"rendered":"Jab\u00f3n de cal\u00e9ndula y c\u00farcuma"},"content":{"rendered":"<div class=\"short-description\">\n<div class=\"std\">\n<p>Hecho con flores de cal\u00e9ndula y c\u00farcuma, es suavizante, cicatrizante, antis\u00e9ptico y desinflamante. Estimulador del sistema inmunol\u00f3gico. Es suave y envolvente, logramos su textura con flores y ra\u00edces cultivadas por nosotros mismos. Cualidad arom\u00e1tica: relajante.<\/p>\n<p><strong>Ingredientes:<\/strong> Aceite de oliva prensado en fr\u00edo, aceite de coco, aceite de girasol, c\u00farcuma, cal\u00e9ndula y lavanda cultivadas agroecol\u00f3gicamente por nosotros y aceite esencial de lavanda.<\/p>\n<\/div>\n<\/div>\n<div class=\"sku\">\n<p><strong>Presentaci\u00f3n:<\/strong> Barra de 90g envuelta en papel kraft reciclado y biodegradable.<\/p>\n<\/div>\n","protected":false},"excerpt":{"rendered":"<div class=\"short-description\">\n<div class=\"std\">Para todo tipo de cutis sensible, ni\u00f1os, ancianos, pieles delicadas e infecciones. Especial para las rozaduras de beb\u00e9. 100% vegano y natural.<\/div>\n<div><\/div>\n<div class=\"std\"><\/div>\n<\/div>\n","protected":false},"featured_media":62,"comment_status":"open","ping_status":"closed","template":"","meta":[],"product_brand":[],"product_cat":[18,17],"product_tag":[159,151,48,157,36,166,19,168],"class_list":{"0":"post-68","1":"product","2":"type-product","3":"status-publish","4":"has-post-thumbnail","6":"product_cat-cuidado-corporal","7":"product_cat-jabones-artesanales","8":"product_tag-antiseptico","9":"product_tag-artesanal","10":"product_tag-calendula","11":"product_tag-cicatrizante","12":"product_tag-curcuma","13":"product_tag-desinflamante","14":"product_tag-jabon","15":"product_tag-organico","17":"first","18":"instock","19":"shipping-taxable","20":"purchasable","21":"product-type-simple"},"_links":{"self":[{"href":"https:\/\/manantialdelasflores.com\/en\/wp-json\/wp\/v2\/product\/68","targetHints":{"allow":["GET"]}}],"collection":[{"href":"https:\/\/manantialdelasflores.com\/en\/wp-json\/wp\/v2\/product"}],"about":[{"href":"https:\/\/manantialdelasflores.com\/en\/wp-json\/wp\/v2\/types\/product"}],"replies":[{"embeddable":true,"href":"https:\/\/manantialdelasflores.com\/en\/wp-json\/wp\/v2\/comments?post=68"}],"wp:featuredmedia":[{"embeddable":true,"href":"https:\/\/manantialdelasflores.com\/en\/wp-json\/wp\/v2\/media\/62"}],"wp:attachment":[{"href":"https:\/\/manantialdelasflores.com\/en\/wp-json\/wp\/v2\/media?parent=68"}],"wp:term":[{"taxonomy":"product_brand","embeddable":true,"href":"https:\/\/manantialdelasflores.com\/en\/wp-json\/wp\/v2\/product_brand?post=68"},{"taxonomy":"product_cat","embeddable":true,"href":"https:\/\/manantialdelasflores.com\/en\/wp-json\/wp\/v2\/product_cat?post=68"},{"taxonomy":"product_tag","embeddable":true,"href":"https:\/\/manantialdelasflores.com\/en\/wp-json\/wp\/v2\/product_tag?post=68"}],"curies":[{"name":"wp","href":"https:\/\/api.w.org\/{rel}","templated":true}]}}