{"id":693,"date":"2022-12-18T03:30:06","date_gmt":"2022-12-18T03:30:06","guid":{"rendered":"https:\/\/manantialdelasflores.com\/?post_type=product&#038;p=693"},"modified":"2025-03-19T21:34:55","modified_gmt":"2025-03-19T21:34:55","slug":"cafe-molido-espresso-250g","status":"publish","type":"product","link":"https:\/\/manantialdelasflores.com\/en\/shop\/cafe-molido-espresso-250g\/","title":{"rendered":"Caf\u00e9 Sostenible para Espresso 250g"},"content":{"rendered":"<p><strong>Ingredientes:<\/strong> Caf\u00e9 (Coffea arabica) cultivado en el \u201cRancho Agroecol\u00f3gico Agua Escondida\u201d utilizando la antigua t\u00e9cnica de secado de la pulpa al sol, sin usar agua, para obtener un caf\u00e9 de alta calidad, con mejor sabor y realmente ecol\u00f3gico.<\/p>\n<p>Fragancia: Intensa, cacao y malta tostada<br \/>\nAroma: Pronunciado, evoca a las especias dulces<br \/>\nCuerpo: Espeso (Sensaci\u00f3n t\u00e1ctil al paladar)<br \/>\nAcidez: Buena, sensaci\u00f3n completa y c\u00edtrica<br \/>\nSabor: Fragante, dulzor de caramelo<br \/>\nRegusto: Persistente, mantiene su distinci\u00f3n varietal<br \/>\nCalidad: Altura<br \/>\nAltura: 1150 msnm<br \/>\nEspecie: Coffea arabica<br \/>\nVariedades: Bourbon Rojo, Mundo Nuevo, Typica y Garnica<\/p>\n<p><strong>Presentaci\u00f3n:<\/strong> Bolsa de 250 g.<\/p>\n","protected":false},"excerpt":{"rendered":"<p>Presentaci\u00f3n molido express para disfrutar de un delicioso express. 100% natural y agreocol\u00f3gico.<\/p>\n","protected":false},"featured_media":1676,"comment_status":"open","ping_status":"closed","template":"","meta":[],"product_brand":[],"product_cat":[72,73],"product_tag":[279,486,281],"class_list":{"0":"post-693","1":"product","2":"type-product","3":"status-publish","4":"has-post-thumbnail","6":"product_cat-alimentacion","7":"product_cat-tes-y-cafes","8":"product_tag-cafe","9":"product_tag-espresso","10":"product_tag-molido","12":"first","13":"instock","14":"shipping-taxable","15":"purchasable","16":"product-type-simple"},"_links":{"self":[{"href":"https:\/\/manantialdelasflores.com\/en\/wp-json\/wp\/v2\/product\/693","targetHints":{"allow":["GET"]}}],"collection":[{"href":"https:\/\/manantialdelasflores.com\/en\/wp-json\/wp\/v2\/product"}],"about":[{"href":"https:\/\/manantialdelasflores.com\/en\/wp-json\/wp\/v2\/types\/product"}],"replies":[{"embeddable":true,"href":"https:\/\/manantialdelasflores.com\/en\/wp-json\/wp\/v2\/comments?post=693"}],"wp:featuredmedia":[{"embeddable":true,"href":"https:\/\/manantialdelasflores.com\/en\/wp-json\/wp\/v2\/media\/1676"}],"wp:attachment":[{"href":"https:\/\/manantialdelasflores.com\/en\/wp-json\/wp\/v2\/media?parent=693"}],"wp:term":[{"taxonomy":"product_brand","embeddable":true,"href":"https:\/\/manantialdelasflores.com\/en\/wp-json\/wp\/v2\/product_brand?post=693"},{"taxonomy":"product_cat","embeddable":true,"href":"https:\/\/manantialdelasflores.com\/en\/wp-json\/wp\/v2\/product_cat?post=693"},{"taxonomy":"product_tag","embeddable":true,"href":"https:\/\/manantialdelasflores.com\/en\/wp-json\/wp\/v2\/product_tag?post=693"}],"curies":[{"name":"wp","href":"https:\/\/api.w.org\/{rel}","templated":true}]}}