{"id":72,"date":"2022-11-14T19:14:48","date_gmt":"2022-11-14T19:14:48","guid":{"rendered":"https:\/\/manantialdelasflores.com\/?post_type=product&#038;p=72"},"modified":"2025-05-25T12:52:59","modified_gmt":"2025-05-25T12:52:59","slug":"champu-artesanal-ortiga-en-barra","status":"publish","type":"product","link":"https:\/\/manantialdelasflores.com\/en\/shop\/champu-artesanal-ortiga-en-barra\/","title":{"rendered":"Champ\u00fa artesanal ortiga en barra"},"content":{"rendered":"<div class=\"short-description\">\n<div class=\"std\">\n<p><span class=\"s1\">Hecho con las hojas de la ortiga, es p<\/span>ara prevenir y reducir la ca\u00edda del cabello de cualquier tipo \u00f3 color. <span class=\"s1\">P<\/span><span class=\"s1\">roduce una espuma suave y natural que el cabello y el cuero cabelludo necesitan para limpiarse adecuadamente. <\/span>Cualidad arom\u00e1tica: energ\u00e9tico, reforzador del sistema nervioso, agudiza la inteligencia, mantiene el estado de alerta. Frotar directamente sobre el cabello mojado y extender, dar un buen masaje y enjuagar abundantemente. Para mejores resultados utilizar la <em>Loci\u00f3n Capilar Artesanal Ortiga<\/em> Manantial de las Flores.<\/p>\n<\/div>\n<\/div>\n<div class=\"sku\">\n<p><strong>Ingredientes:<\/strong> Agua de manantial, aceite de oliva prensado en fr\u00edo, aceite de coco, aceite de ricino, ortiga, albahaca, mastuerzo, cola de caballo y s\u00e1bila cultivados por nosotros y aceite esencial de romero.<\/p>\n<\/div>\n<div><strong>Presentaci\u00f3n:<\/strong> \u00a0Barra de 90g envuelta en papel kraft reciclado y biodegradable.<\/div>\n","protected":false},"excerpt":{"rendered":"<p class=\"p1\"><span class=\"s1\">Especial para el cabello fr\u00e1gil, para evitar la ca\u00edda del cabello, apoyar su crecimiento y mantener sanas sus ra\u00edces.<\/span><span class=\"s1\">\u00a0100% vegano y natural.<\/span><\/p>\n","protected":false},"featured_media":75,"comment_status":"open","ping_status":"closed","template":"","meta":[],"product_brand":[],"product_cat":[27,18,28],"product_tag":[151,179,178,30,29,31],"class_list":{"0":"post-72","1":"product","2":"type-product","3":"status-publish","4":"has-post-thumbnail","6":"product_cat-champu-artesanales","7":"product_cat-cuidado-corporal","8":"product_cat-cuidado-del-cabello","9":"product_tag-artesanal","10":"product_tag-cabello-fragil","11":"product_tag-caida-de-cabello","12":"product_tag-champu","13":"product_tag-cuidado-del-cabello","14":"product_tag-ortiga","16":"first","17":"instock","18":"shipping-taxable","19":"purchasable","20":"product-type-simple"},"_links":{"self":[{"href":"https:\/\/manantialdelasflores.com\/en\/wp-json\/wp\/v2\/product\/72","targetHints":{"allow":["GET"]}}],"collection":[{"href":"https:\/\/manantialdelasflores.com\/en\/wp-json\/wp\/v2\/product"}],"about":[{"href":"https:\/\/manantialdelasflores.com\/en\/wp-json\/wp\/v2\/types\/product"}],"replies":[{"embeddable":true,"href":"https:\/\/manantialdelasflores.com\/en\/wp-json\/wp\/v2\/comments?post=72"}],"wp:featuredmedia":[{"embeddable":true,"href":"https:\/\/manantialdelasflores.com\/en\/wp-json\/wp\/v2\/media\/75"}],"wp:attachment":[{"href":"https:\/\/manantialdelasflores.com\/en\/wp-json\/wp\/v2\/media?parent=72"}],"wp:term":[{"taxonomy":"product_brand","embeddable":true,"href":"https:\/\/manantialdelasflores.com\/en\/wp-json\/wp\/v2\/product_brand?post=72"},{"taxonomy":"product_cat","embeddable":true,"href":"https:\/\/manantialdelasflores.com\/en\/wp-json\/wp\/v2\/product_cat?post=72"},{"taxonomy":"product_tag","embeddable":true,"href":"https:\/\/manantialdelasflores.com\/en\/wp-json\/wp\/v2\/product_tag?post=72"}],"curies":[{"name":"wp","href":"https:\/\/api.w.org\/{rel}","templated":true}]}}