{"id":79,"date":"2022-11-14T19:19:04","date_gmt":"2022-11-14T19:19:04","guid":{"rendered":"https:\/\/manantialdelasflores.com\/?post_type=product&#038;p=79"},"modified":"2025-09-18T19:36:38","modified_gmt":"2025-09-18T19:36:38","slug":"champu-artesanal-romero-en-barra","status":"publish","type":"product","link":"https:\/\/manantialdelasflores.com\/en\/shop\/champu-artesanal-romero-en-barra\/","title":{"rendered":"Champ\u00fa artesanal romero en barra"},"content":{"rendered":"<div class=\"short-description\">\n<div class=\"std\">\n<p class=\"p1\"><span class=\"s1\">Para cabello normal oscuro. <\/span>Cualidad arom\u00e1tica: estimulante, energ\u00e9tico y afrodisiaco. P<span class=\"s1\">roduce una espuma suave y natural que <\/span><span class=\"s1\">mantiene el cabello sano, brillante, suave y manejable. <\/span>Frotar directamente sobre el cabello mojado y extender, dar un buen masaje y enjuagar abundantemente. Para mejores resultados utilizar con el <em>Enjuague Acondicionador Artesanal Romero<\/em> Manantial de las Flores.<\/p>\n<\/div>\n<\/div>\n<div class=\"sku\">\n<p><strong>Ingredientes:<\/strong> Agua de manantial, aceite de oliva prensado en fr\u00edo, aceite de coco, aceite de ricino, romero, zacate lim\u00f3n, hiedra, cola de caballo, salvia y s\u00e1bila cultivados agroecol\u00f3gicamente y aceite esencial de romero.<\/p>\n<p><strong>Presentaci\u00f3n:<\/strong>\u00a0\u00a0Barra de 90g envuelta en papel kraft reciclado y biodegradable.<\/p>\n<\/div>\n","protected":false},"excerpt":{"rendered":"<p><span class=\"s1\">Especial p<\/span><span class=\"s1\">ara conservar brillante, suave y sano el cabello oscuro, as\u00ed como para prevenir las canas.<\/span><span class=\"s1\">\u00a0<\/span><span class=\"s1\">100% vegano y natural.<\/span><\/p>\n","protected":false},"featured_media":76,"comment_status":"open","ping_status":"closed","template":"","meta":[],"product_brand":[],"product_cat":[27,18,28],"product_tag":[151,181,180,30,29,175,32,182,150],"class_list":{"0":"post-79","1":"product","2":"type-product","3":"status-publish","4":"has-post-thumbnail","6":"product_cat-champu-artesanales","7":"product_cat-cuidado-corporal","8":"product_cat-cuidado-del-cabello","9":"product_tag-artesanal","10":"product_tag-brillante","11":"product_tag-cabello-oscuro","12":"product_tag-champu","13":"product_tag-cuidado-del-cabello","14":"product_tag-natural","15":"product_tag-romero","16":"product_tag-sano","17":"product_tag-vegano","19":"first","20":"outofstock","21":"shipping-taxable","22":"purchasable","23":"product-type-simple"},"_links":{"self":[{"href":"https:\/\/manantialdelasflores.com\/en\/wp-json\/wp\/v2\/product\/79","targetHints":{"allow":["GET"]}}],"collection":[{"href":"https:\/\/manantialdelasflores.com\/en\/wp-json\/wp\/v2\/product"}],"about":[{"href":"https:\/\/manantialdelasflores.com\/en\/wp-json\/wp\/v2\/types\/product"}],"replies":[{"embeddable":true,"href":"https:\/\/manantialdelasflores.com\/en\/wp-json\/wp\/v2\/comments?post=79"}],"wp:featuredmedia":[{"embeddable":true,"href":"https:\/\/manantialdelasflores.com\/en\/wp-json\/wp\/v2\/media\/76"}],"wp:attachment":[{"href":"https:\/\/manantialdelasflores.com\/en\/wp-json\/wp\/v2\/media?parent=79"}],"wp:term":[{"taxonomy":"product_brand","embeddable":true,"href":"https:\/\/manantialdelasflores.com\/en\/wp-json\/wp\/v2\/product_brand?post=79"},{"taxonomy":"product_cat","embeddable":true,"href":"https:\/\/manantialdelasflores.com\/en\/wp-json\/wp\/v2\/product_cat?post=79"},{"taxonomy":"product_tag","embeddable":true,"href":"https:\/\/manantialdelasflores.com\/en\/wp-json\/wp\/v2\/product_tag?post=79"}],"curies":[{"name":"wp","href":"https:\/\/api.w.org\/{rel}","templated":true}]}}