{"id":80,"date":"2022-11-14T19:21:19","date_gmt":"2022-11-14T19:21:19","guid":{"rendered":"https:\/\/manantialdelasflores.com\/?post_type=product&#038;p=80"},"modified":"2025-05-25T12:53:05","modified_gmt":"2025-05-25T12:53:05","slug":"champu-artesanal-de-perejil-y-menta-en-barra","status":"publish","type":"product","link":"https:\/\/manantialdelasflores.com\/en\/shop\/champu-artesanal-de-perejil-y-menta-en-barra\/","title":{"rendered":"Champ\u00fa artesanal perejil y menta en barra"},"content":{"rendered":"<div class=\"short-description\">\n<div class=\"std\"><span class=\"s1\">Hecho con hojas de menta y perejil. <\/span>Cualidad arom\u00e1tica: energ\u00e9tico, antidepresivo, refrescante y reconfortante. Frotar directamente sobre el cabello mojado y extender, dar un buen masaje y enjuagar abundantemente. Para mejores resultados utilizar la <em>Loci\u00f3n Capilar Artesanal Ortiga<\/em> Manantial de las Flores. <span class=\"s1\">El color de nuestro champ\u00fa se logra con las plantas que a\u00f1adimos para reforzar sus cualidades y su aroma.<\/span><span class=\"s1\">\u00a0<\/span><\/div>\n<div><strong><br \/>\nIngredientes:<\/strong> Agua de manantial, aceite de oliva prensado en fr\u00edo, aceite de coco, aceite de ricino, perejil, pimienta negra, menta, cola de caballo y s\u00e1bila cultivados agroecol\u00f3gicamente y aceite esencial de menta.<\/div>\n<\/div>\n<div class=\"sku\">\n<p><strong>Presentaci\u00f3n:<\/strong>\u00a0\u00a0Barra de 90g envuelta en papel kraft reciclado y biodegradable.<\/p>\n<\/div>\n","protected":false},"excerpt":{"rendered":"<section class=\"main-container col1-layout\">\n<div class=\"main\">\n<article class=\"col-main\">\n<div class=\"product-view\">\n<div class=\"product-collateral\">\n<div class=\"padder\">\n<div id=\"product_tabs_description_tabbed_contents\">\n<div class=\"std\"><span class=\"s1\">Para cabello delgado, puntas estropeadas o con crecimiento lento.\u00a0especial p<\/span><span class=\"s1\"><span class=\"s1\">ara fortalecer el cabello d\u00e9bil o fr\u00e1gil de cualquier tono y para estimular su crecimiento. <\/span><\/span><span class=\"s1\">100% vegano y natural.<\/span><\/div>\n<div class=\"std\"><\/div>\n<\/div>\n<\/div>\n<\/div>\n<\/div>\n<\/article>\n<\/div>\n<\/section>\n","protected":false},"featured_media":78,"comment_status":"open","ping_status":"closed","template":"","meta":[],"product_brand":[],"product_cat":[27,18,28],"product_tag":[186,30,29,184,183,185,34,33],"class_list":{"0":"post-80","1":"product","2":"type-product","3":"status-publish","4":"has-post-thumbnail","6":"product_cat-champu-artesanales","7":"product_cat-cuidado-corporal","8":"product_cat-cuidado-del-cabello","9":"product_tag-cabello-debil","10":"product_tag-champu","11":"product_tag-cuidado-del-cabello","12":"product_tag-delgado","13":"product_tag-fragil","14":"product_tag-fresco","15":"product_tag-menta","16":"product_tag-perejil","18":"first","19":"instock","20":"shipping-taxable","21":"purchasable","22":"product-type-simple"},"_links":{"self":[{"href":"https:\/\/manantialdelasflores.com\/en\/wp-json\/wp\/v2\/product\/80","targetHints":{"allow":["GET"]}}],"collection":[{"href":"https:\/\/manantialdelasflores.com\/en\/wp-json\/wp\/v2\/product"}],"about":[{"href":"https:\/\/manantialdelasflores.com\/en\/wp-json\/wp\/v2\/types\/product"}],"replies":[{"embeddable":true,"href":"https:\/\/manantialdelasflores.com\/en\/wp-json\/wp\/v2\/comments?post=80"}],"wp:featuredmedia":[{"embeddable":true,"href":"https:\/\/manantialdelasflores.com\/en\/wp-json\/wp\/v2\/media\/78"}],"wp:attachment":[{"href":"https:\/\/manantialdelasflores.com\/en\/wp-json\/wp\/v2\/media?parent=80"}],"wp:term":[{"taxonomy":"product_brand","embeddable":true,"href":"https:\/\/manantialdelasflores.com\/en\/wp-json\/wp\/v2\/product_brand?post=80"},{"taxonomy":"product_cat","embeddable":true,"href":"https:\/\/manantialdelasflores.com\/en\/wp-json\/wp\/v2\/product_cat?post=80"},{"taxonomy":"product_tag","embeddable":true,"href":"https:\/\/manantialdelasflores.com\/en\/wp-json\/wp\/v2\/product_tag?post=80"}],"curies":[{"name":"wp","href":"https:\/\/api.w.org\/{rel}","templated":true}]}}