{"id":81,"date":"2022-11-14T19:24:04","date_gmt":"2022-11-14T19:24:04","guid":{"rendered":"https:\/\/manantialdelasflores.com\/?post_type=product&#038;p=81"},"modified":"2025-05-25T12:53:02","modified_gmt":"2025-05-25T12:53:02","slug":"champu-artesanal-manzanilla-y-curcuma-en-barra","status":"publish","type":"product","link":"https:\/\/manantialdelasflores.com\/en\/shop\/champu-artesanal-manzanilla-y-curcuma-en-barra\/","title":{"rendered":"Champ\u00fa artesanal manzanilla en barra"},"content":{"rendered":"<div class=\"short-description\">\n<div class=\"std\">\n<p><span class=\"s1\">Hecho con flores de manzanilla, es un p<\/span>oderoso antioxidante, protege el cabello del sol, aire y otras agresiones externas. Antis\u00e9ptico. Cualidad arom\u00e1tica: equilibrador y purificante. <span class=\"s1\">P<\/span><span class=\"s1\">roduce una espuma suave y natural que\u00a0<\/span><span class=\"s1\">mantiene el cabello sano, brillante, suave y manejable. <\/span>Frotar directamente sobre el cabello mojado y extender, dar un buen masaje y enjuagar abundantemente. Para mejores resultados utilizar con el <em>Enjuague Acondicionador Artesanal Manzanilla y C\u00farcuma<\/em> Manantial de las Flores.<\/p>\n<p><strong>Ingredientes:<\/strong> Agua de manantial, aceite de oliva prensado en fr\u00edo, aceite de coco, aceite de ricino, c\u00farcuma, manzanilla, c\u00e1scara de lim\u00f3n, cola de caballo y s\u00e1bila cultivados agroecol\u00f3gicamente y aceite esencial de lim\u00f3n.<\/p>\n<p><strong>Presentaci\u00f3n:<\/strong> Barra de 90g envuelta en papel kraft reciclado y biodegradable.<\/p>\n<\/div>\n<\/div>\n","protected":false},"excerpt":{"rendered":"<p><span class=\"s1\">Especial para mantener claro, luminoso, suave y sano el cabello rubio y casta\u00f1o claro.<\/span><span class=\"s1\">\u00a0<\/span><span class=\"s1\">100% vegano y natural.<\/span><\/p>\n","protected":false},"featured_media":74,"comment_status":"open","ping_status":"closed","template":"","meta":[],"product_brand":[],"product_cat":[27,18,28],"product_tag":[151,187,189,30,29,36,35,175,188],"class_list":{"0":"post-81","1":"product","2":"type-product","3":"status-publish","4":"has-post-thumbnail","6":"product_cat-champu-artesanales","7":"product_cat-cuidado-corporal","8":"product_cat-cuidado-del-cabello","9":"product_tag-artesanal","10":"product_tag-cabello-claro","11":"product_tag-castano","12":"product_tag-champu","13":"product_tag-cuidado-del-cabello","14":"product_tag-curcuma","15":"product_tag-manzanilla","16":"product_tag-natural","17":"product_tag-rubio","19":"first","20":"instock","21":"shipping-taxable","22":"purchasable","23":"product-type-simple"},"_links":{"self":[{"href":"https:\/\/manantialdelasflores.com\/en\/wp-json\/wp\/v2\/product\/81","targetHints":{"allow":["GET"]}}],"collection":[{"href":"https:\/\/manantialdelasflores.com\/en\/wp-json\/wp\/v2\/product"}],"about":[{"href":"https:\/\/manantialdelasflores.com\/en\/wp-json\/wp\/v2\/types\/product"}],"replies":[{"embeddable":true,"href":"https:\/\/manantialdelasflores.com\/en\/wp-json\/wp\/v2\/comments?post=81"}],"wp:featuredmedia":[{"embeddable":true,"href":"https:\/\/manantialdelasflores.com\/en\/wp-json\/wp\/v2\/media\/74"}],"wp:attachment":[{"href":"https:\/\/manantialdelasflores.com\/en\/wp-json\/wp\/v2\/media?parent=81"}],"wp:term":[{"taxonomy":"product_brand","embeddable":true,"href":"https:\/\/manantialdelasflores.com\/en\/wp-json\/wp\/v2\/product_brand?post=81"},{"taxonomy":"product_cat","embeddable":true,"href":"https:\/\/manantialdelasflores.com\/en\/wp-json\/wp\/v2\/product_cat?post=81"},{"taxonomy":"product_tag","embeddable":true,"href":"https:\/\/manantialdelasflores.com\/en\/wp-json\/wp\/v2\/product_tag?post=81"}],"curies":[{"name":"wp","href":"https:\/\/api.w.org\/{rel}","templated":true}]}}