{"id":818,"date":"2023-12-29T20:24:17","date_gmt":"2023-12-29T20:24:17","guid":{"rendered":"https:\/\/manantialdelasflores.com\/?post_type=product&#038;p=818"},"modified":"2025-03-19T21:34:25","modified_gmt":"2025-03-19T21:34:25","slug":"pomada-para-contorno-de-ojos-2","status":"publish","type":"product","link":"https:\/\/manantialdelasflores.com\/en\/shop\/pomada-para-contorno-de-ojos-2\/","title":{"rendered":"Pomada para contorno de ojos"},"content":{"rendered":"<p>Para el cuidado especial que requiere la zona de alrededor de los ojos, elaboramos nuestra pomada para contorno de ojos que es conveniente usar desde los 30 a\u00f1os para retardar la aparici\u00f3n de l\u00edneas de expresi\u00f3n lo m\u00e1s posible. Aplicar suavemente alrededor de los ojos despu\u00e9s de limpiarlos.<\/p>\n<p><strong>Ingredientes: <\/strong>Aceites de rosa mosqueta, aceite de aguacate, aceite de jojoba, aceite de almendras dulces, aceite de germen de trigo prensado en fr\u00edo, aceite de ricino, manteca de cacao, cera de candelilla, extracto de Calendula officinalis (cal\u00e9ndula) cultivada por nosotros y aceite esencial de manzanilla.<\/p>\n<p><strong>Presentaci\u00f3n: <\/strong>Tarro de cristal con 30g<\/p>\n<p>&nbsp;<\/p>\n","protected":false},"excerpt":{"rendered":"<p class=\"p1\"><span class=\"s1\">Suaviza y mantiene el\u00e1stica el \u00e1rea alrededor de los ojos. Previene l\u00edneas de expresi\u00f3n. 100% natural y vegana.<\/span><\/p>\n","protected":false},"featured_media":819,"comment_status":"open","ping_status":"closed","template":"","meta":[],"product_brand":[],"product_cat":[50,18],"product_tag":[60,324,299,54,265],"class_list":{"0":"post-818","1":"product","2":"type-product","3":"status-publish","4":"has-post-thumbnail","6":"product_cat-cremas","7":"product_cat-cuidado-corporal","8":"product_tag-contorno-de-ojos","9":"product_tag-lineas-de-expression","10":"product_tag-ojos","11":"product_tag-pomada","12":"product_tag-vegana","14":"first","15":"instock","16":"shipping-taxable","17":"purchasable","18":"product-type-simple"},"_links":{"self":[{"href":"https:\/\/manantialdelasflores.com\/en\/wp-json\/wp\/v2\/product\/818","targetHints":{"allow":["GET"]}}],"collection":[{"href":"https:\/\/manantialdelasflores.com\/en\/wp-json\/wp\/v2\/product"}],"about":[{"href":"https:\/\/manantialdelasflores.com\/en\/wp-json\/wp\/v2\/types\/product"}],"replies":[{"embeddable":true,"href":"https:\/\/manantialdelasflores.com\/en\/wp-json\/wp\/v2\/comments?post=818"}],"wp:featuredmedia":[{"embeddable":true,"href":"https:\/\/manantialdelasflores.com\/en\/wp-json\/wp\/v2\/media\/819"}],"wp:attachment":[{"href":"https:\/\/manantialdelasflores.com\/en\/wp-json\/wp\/v2\/media?parent=818"}],"wp:term":[{"taxonomy":"product_brand","embeddable":true,"href":"https:\/\/manantialdelasflores.com\/en\/wp-json\/wp\/v2\/product_brand?post=818"},{"taxonomy":"product_cat","embeddable":true,"href":"https:\/\/manantialdelasflores.com\/en\/wp-json\/wp\/v2\/product_cat?post=818"},{"taxonomy":"product_tag","embeddable":true,"href":"https:\/\/manantialdelasflores.com\/en\/wp-json\/wp\/v2\/product_tag?post=818"}],"curies":[{"name":"wp","href":"https:\/\/api.w.org\/{rel}","templated":true}]}}