{"id":82,"date":"2022-11-14T19:26:09","date_gmt":"2022-11-14T19:26:09","guid":{"rendered":"https:\/\/manantialdelasflores.com\/?post_type=product&#038;p=82"},"modified":"2025-12-22T18:57:15","modified_gmt":"2025-12-22T18:57:15","slug":"champu-artesanal-henna-en-barra","status":"publish","type":"product","link":"https:\/\/manantialdelasflores.com\/en\/shop\/champu-artesanal-henna-en-barra\/","title":{"rendered":"Champ\u00fa artesanal henna en barra"},"content":{"rendered":"<div class=\"short-description\">\n<div class=\"std\">\n<p class=\"p1\"><span class=\"s1\">Hecho con polvo de henna, es para cabello pelirrojo y\/o te\u00f1ido con henna. <\/span><span class=\"s1\">P<\/span><span class=\"s1\">roduce una espuma suave y natural que\u00a0<\/span><span class=\"s1\">mantienen el cabello sano, brillante, suave y manejable. <\/span>Cualidad arom\u00e1tica: antidepresivo, refrescante y reconfortante. Frotar directamente sobre el cabello mojado y extender, dar un buen masaje y enjuagar abundantemente. Para mejores resultados utilizar el <em>Enjuague Acondicionador Artesanal Romero<\/em> Manantial de las Flores.<\/p>\n<\/div>\n<\/div>\n<div class=\"sku\"><strong>Ingredientes:<\/strong> Agua de manantial, aceite de oliva prensado en fr\u00edo, aceite de coco, aceite de ricino, c\u00e1scara de naranja, salvia, mastuerzo, cola de caballo y s\u00e1bila cultivados org\u00e1nicamente, henna y aceite esencial de naranja prensado en fr\u00edo.<br \/>\n<strong><br \/>\nPresentaci\u00f3n:<\/strong> Barra de 90g envuelta en papel kraft reciclado y biodegradable.<\/div>\n","protected":false},"excerpt":{"rendered":"<div class=\"short-description\">\n<div class=\"std\"><span class=\"s1\">Especial para dar cuerpo al cabello de cualquier tono y para mantener el tono pelirrojo y cobrizo ya sea natural o te\u00f1ido. <\/span><span class=\"s1\">100% vegano y natural.<\/span><\/div>\n<\/div>\n<div class=\"sku\"><\/div>\n","protected":false},"featured_media":73,"comment_status":"open","ping_status":"closed","template":"","meta":[],"product_brand":[],"product_cat":[27,18,28],"product_tag":[151,30,192,117,29,37,191,190],"class_list":{"0":"post-82","1":"product","2":"type-product","3":"status-publish","4":"has-post-thumbnail","6":"product_cat-champu-artesanales","7":"product_cat-cuidado-corporal","8":"product_cat-cuidado-del-cabello","9":"product_tag-artesanal","10":"product_tag-champu","11":"product_tag-cobrizo","12":"product_tag-cobrizo-claro","13":"product_tag-cuidado-del-cabello","14":"product_tag-henna","15":"product_tag-pelirrojo","16":"product_tag-tenido","18":"first","19":"outofstock","20":"shipping-taxable","21":"purchasable","22":"product-type-simple"},"_links":{"self":[{"href":"https:\/\/manantialdelasflores.com\/en\/wp-json\/wp\/v2\/product\/82","targetHints":{"allow":["GET"]}}],"collection":[{"href":"https:\/\/manantialdelasflores.com\/en\/wp-json\/wp\/v2\/product"}],"about":[{"href":"https:\/\/manantialdelasflores.com\/en\/wp-json\/wp\/v2\/types\/product"}],"replies":[{"embeddable":true,"href":"https:\/\/manantialdelasflores.com\/en\/wp-json\/wp\/v2\/comments?post=82"}],"wp:featuredmedia":[{"embeddable":true,"href":"https:\/\/manantialdelasflores.com\/en\/wp-json\/wp\/v2\/media\/73"}],"wp:attachment":[{"href":"https:\/\/manantialdelasflores.com\/en\/wp-json\/wp\/v2\/media?parent=82"}],"wp:term":[{"taxonomy":"product_brand","embeddable":true,"href":"https:\/\/manantialdelasflores.com\/en\/wp-json\/wp\/v2\/product_brand?post=82"},{"taxonomy":"product_cat","embeddable":true,"href":"https:\/\/manantialdelasflores.com\/en\/wp-json\/wp\/v2\/product_cat?post=82"},{"taxonomy":"product_tag","embeddable":true,"href":"https:\/\/manantialdelasflores.com\/en\/wp-json\/wp\/v2\/product_tag?post=82"}],"curies":[{"name":"wp","href":"https:\/\/api.w.org\/{rel}","templated":true}]}}