{"id":83,"date":"2022-11-14T19:28:43","date_gmt":"2022-11-14T19:28:43","guid":{"rendered":"https:\/\/manantialdelasflores.com\/?post_type=product&#038;p=83"},"modified":"2025-05-25T12:53:04","modified_gmt":"2025-05-25T12:53:04","slug":"champu-artesanal-de-arbol-del-te-y-tomillo-en-barra","status":"publish","type":"product","link":"https:\/\/manantialdelasflores.com\/en\/shop\/champu-artesanal-de-arbol-del-te-y-tomillo-en-barra\/","title":{"rendered":"Champ\u00fa artesanal de \u00e1rbol del t\u00e9 en barra"},"content":{"rendered":"<div class=\"short-description\">\n<div class=\"std\">Cualidad arom\u00e1tica: estimulante, refrescante y vigorizante. <span class=\"s1\">Produce una espuma suave y natural que el cabello y el cuero cabelludo necesitan para limpiarse adecuadamente<\/span><span class=\"s1\">. <\/span>Frotar directamente sobre el cabello mojado y extender, dar un buen masaje y enjuagar abundantemente. Para mejores resultados recomendamos el <em>Enjuague Acondicionador Artesanal \u00c1rbol del T\u00e9<\/em> Manantial de las Flores.<\/div>\n<\/div>\n<div class=\"sku\">\n<p><strong>Ingredientes:<\/strong> Agua de manantial, aceite de oliva prensado en fr\u00edo, aceite de coco, aceite de ricino, Hojas de \u00c1rbol del t\u00e9, tomillo, Cola de caballo y s\u00e1bila cultivados org\u00e1nicamente y aceite esencial de \u00c1rbol del t\u00e9.<\/p>\n<p><strong>Presentaci\u00f3n:<\/strong> Barra de 90g envuelta en papel kraft reciclado y biodegradable.<\/p>\n<\/div>\n","protected":false},"excerpt":{"rendered":"<div class=\"short-description\">\n<div class=\"std\"><span class=\"s1\">Especial p<\/span><span class=\"s1\">ara cabello graso, con problemas de caspa, seborrea, infecciones u hongos en el cuero cabelludo.<\/span><span class=\"s1\"> Es bactericida, antis\u00e9ptico y cicatrizante. <\/span><span class=\"s1\">100% vegano y natural.<\/span><\/div>\n<\/div>\n","protected":false},"featured_media":77,"comment_status":"open","ping_status":"closed","template":"","meta":[],"product_brand":[],"product_cat":[27,18,28],"product_tag":[38,301,194,30,29,302,195,39],"class_list":{"0":"post-83","1":"product","2":"type-product","3":"status-publish","4":"has-post-thumbnail","6":"product_cat-champu-artesanales","7":"product_cat-cuidado-corporal","8":"product_cat-cuidado-del-cabello","9":"product_tag-arbol-del-te","10":"product_tag-cabello-graso","11":"product_tag-caspa","12":"product_tag-champu","13":"product_tag-cuidado-del-cabello","14":"product_tag-hongos-en-cuero-cabelludo","15":"product_tag-seborrea","16":"product_tag-tomillo","18":"first","19":"instock","20":"shipping-taxable","21":"purchasable","22":"product-type-simple"},"_links":{"self":[{"href":"https:\/\/manantialdelasflores.com\/en\/wp-json\/wp\/v2\/product\/83","targetHints":{"allow":["GET"]}}],"collection":[{"href":"https:\/\/manantialdelasflores.com\/en\/wp-json\/wp\/v2\/product"}],"about":[{"href":"https:\/\/manantialdelasflores.com\/en\/wp-json\/wp\/v2\/types\/product"}],"replies":[{"embeddable":true,"href":"https:\/\/manantialdelasflores.com\/en\/wp-json\/wp\/v2\/comments?post=83"}],"wp:featuredmedia":[{"embeddable":true,"href":"https:\/\/manantialdelasflores.com\/en\/wp-json\/wp\/v2\/media\/77"}],"wp:attachment":[{"href":"https:\/\/manantialdelasflores.com\/en\/wp-json\/wp\/v2\/media?parent=83"}],"wp:term":[{"taxonomy":"product_brand","embeddable":true,"href":"https:\/\/manantialdelasflores.com\/en\/wp-json\/wp\/v2\/product_brand?post=83"},{"taxonomy":"product_cat","embeddable":true,"href":"https:\/\/manantialdelasflores.com\/en\/wp-json\/wp\/v2\/product_cat?post=83"},{"taxonomy":"product_tag","embeddable":true,"href":"https:\/\/manantialdelasflores.com\/en\/wp-json\/wp\/v2\/product_tag?post=83"}],"curies":[{"name":"wp","href":"https:\/\/api.w.org\/{rel}","templated":true}]}}