{"id":874,"date":"2023-12-29T22:21:56","date_gmt":"2023-12-29T22:21:56","guid":{"rendered":"https:\/\/manantialdelasflores.com\/?post_type=product&#038;p=874"},"modified":"2025-03-19T21:34:25","modified_gmt":"2025-03-19T21:34:25","slug":"semilla-de-cilantro","status":"publish","type":"product","link":"https:\/\/manantialdelasflores.com\/en\/shop\/semilla-de-cilantro\/","title":{"rendered":"Semilla de cilantro"},"content":{"rendered":"<p><span class=\"s1\">Hierba anual de r\u00e1pido crecimiento de amplio uso culinario sobre todo en la cocina mexicana. Sus semillas secas (coriandro) se usan mucho en la cocina asi\u00e1tica. Mientras m\u00e1s se coseche su hoja m\u00e1s tiempo dura produci\u00e9ndola pues una vez que florea ya no tienen las hojas el mismo sabor y pronto se va a semilla para luego morir.<\/span><\/p>\n<p>Uso:\u00a0Sembrar directo y cuidar que no le falte humedad; se puede sembrar durante todo el a\u00f1o aunque cuando hace mucho calor con un poco de sombra. Abonar bien cuando se siembra y mantener aterrado y acochado. Las plantas que se desean para hojas sembrar a 20 cm y las que se queden para semilla a 40cm.<\/p>\n<p><strong>Ingredientes:<\/strong> Coriandrum sativum<\/p>\n<p><strong>Contenido:<\/strong> 50 semillas<\/p>\n","protected":false},"excerpt":{"rendered":"<p class=\"p1\"><span class=\"s1\">Se utilizan sus hojas frescas y sus flores para salsas, quesos y sopas. <\/span><\/p>\n","protected":false},"featured_media":875,"comment_status":"open","ping_status":"closed","template":"","meta":[],"product_brand":[],"product_cat":[464,325,326],"product_tag":[328,327],"class_list":{"0":"post-874","1":"product","2":"type-product","3":"status-publish","4":"has-post-thumbnail","6":"product_cat-hierbas-culinarias","7":"product_cat-jardin","8":"product_cat-semillas","9":"product_tag-cilantro","10":"product_tag-semillas","12":"first","13":"instock","14":"shipping-taxable","15":"purchasable","16":"product-type-simple"},"_links":{"self":[{"href":"https:\/\/manantialdelasflores.com\/en\/wp-json\/wp\/v2\/product\/874","targetHints":{"allow":["GET"]}}],"collection":[{"href":"https:\/\/manantialdelasflores.com\/en\/wp-json\/wp\/v2\/product"}],"about":[{"href":"https:\/\/manantialdelasflores.com\/en\/wp-json\/wp\/v2\/types\/product"}],"replies":[{"embeddable":true,"href":"https:\/\/manantialdelasflores.com\/en\/wp-json\/wp\/v2\/comments?post=874"}],"wp:featuredmedia":[{"embeddable":true,"href":"https:\/\/manantialdelasflores.com\/en\/wp-json\/wp\/v2\/media\/875"}],"wp:attachment":[{"href":"https:\/\/manantialdelasflores.com\/en\/wp-json\/wp\/v2\/media?parent=874"}],"wp:term":[{"taxonomy":"product_brand","embeddable":true,"href":"https:\/\/manantialdelasflores.com\/en\/wp-json\/wp\/v2\/product_brand?post=874"},{"taxonomy":"product_cat","embeddable":true,"href":"https:\/\/manantialdelasflores.com\/en\/wp-json\/wp\/v2\/product_cat?post=874"},{"taxonomy":"product_tag","embeddable":true,"href":"https:\/\/manantialdelasflores.com\/en\/wp-json\/wp\/v2\/product_tag?post=874"}],"curies":[{"name":"wp","href":"https:\/\/api.w.org\/{rel}","templated":true}]}}