{"id":883,"date":"2023-12-30T18:16:10","date_gmt":"2023-12-30T18:16:10","guid":{"rendered":"https:\/\/manantialdelasflores.com\/?post_type=product&#038;p=883"},"modified":"2026-04-15T00:31:21","modified_gmt":"2026-04-15T00:31:21","slug":"doble-extracto-fluido-de-ashwaganda","status":"publish","type":"product","link":"https:\/\/manantialdelasflores.com\/en\/shop\/doble-extracto-fluido-de-ashwaganda\/","title":{"rendered":"Doble extracto fluido de ashwaganda"},"content":{"rendered":"<p><strong>Modo de uso:<\/strong>\u00a0Agitar y tomar 1\/2 cucharadita en agua tres veces al d\u00eda.\u00a0<strong>No administrar a menores de 16 a\u00f1os o durante el embarazo.<\/strong>\u00a0Este producto no es un medicamento, su consumo es responsabilidad de quien lo recomienda y de quien lo toma. Conservar el frasco bien cerrado.<\/p>\n<p><strong>Ingredientes: <\/strong>Raiz de Withania somnifera (ashwagandha) cultivada en el Rancho agroecologico Agua Escondida y 30% de Vodka pura de grano.<\/p>\n<p><strong>Presentaci\u00f3n: <\/strong>Frasco de cristal con 50ml.<\/p>\n","protected":false},"excerpt":{"rendered":"<p>Adapt\u00f3geno, t\u00f3nico, revitalizante, ayuda a reducir estr\u00e9s, a conciliar el sue\u00f1o, depresi\u00f3n, ansiedad e hiperactividad nerviosa. 100% vegano y natural.<\/p>\n","protected":false},"featured_media":639,"comment_status":"open","ping_status":"closed","template":"","meta":[],"product_brand":[],"product_cat":[72,132,134],"product_tag":[356,347,253,355,251,284,357],"class_list":{"0":"post-883","1":"product","2":"type-product","3":"status-publish","4":"has-post-thumbnail","6":"product_cat-alimentacion","7":"product_cat-suplementos-alimenticios","8":"product_cat-tintura-y-extractos","9":"product_tag-adaptageno","10":"product_tag-ansiedad","11":"product_tag-ashwagandha","12":"product_tag-depresion","13":"product_tag-doble-extracto-fluido","14":"product_tag-extracto","15":"product_tag-hiperactividad","17":"first","18":"instock","19":"featured","20":"shipping-taxable","21":"purchasable","22":"product-type-simple"},"_links":{"self":[{"href":"https:\/\/manantialdelasflores.com\/en\/wp-json\/wp\/v2\/product\/883","targetHints":{"allow":["GET"]}}],"collection":[{"href":"https:\/\/manantialdelasflores.com\/en\/wp-json\/wp\/v2\/product"}],"about":[{"href":"https:\/\/manantialdelasflores.com\/en\/wp-json\/wp\/v2\/types\/product"}],"replies":[{"embeddable":true,"href":"https:\/\/manantialdelasflores.com\/en\/wp-json\/wp\/v2\/comments?post=883"}],"wp:featuredmedia":[{"embeddable":true,"href":"https:\/\/manantialdelasflores.com\/en\/wp-json\/wp\/v2\/media\/639"}],"wp:attachment":[{"href":"https:\/\/manantialdelasflores.com\/en\/wp-json\/wp\/v2\/media?parent=883"}],"wp:term":[{"taxonomy":"product_brand","embeddable":true,"href":"https:\/\/manantialdelasflores.com\/en\/wp-json\/wp\/v2\/product_brand?post=883"},{"taxonomy":"product_cat","embeddable":true,"href":"https:\/\/manantialdelasflores.com\/en\/wp-json\/wp\/v2\/product_cat?post=883"},{"taxonomy":"product_tag","embeddable":true,"href":"https:\/\/manantialdelasflores.com\/en\/wp-json\/wp\/v2\/product_tag?post=883"}],"curies":[{"name":"wp","href":"https:\/\/api.w.org\/{rel}","templated":true}]}}