{"id":885,"date":"2022-11-16T21:56:31","date_gmt":"2022-11-16T21:56:31","guid":{"rendered":"https:\/\/manantialdelasflores.com\/?post_type=product&#038;p=885"},"modified":"2026-04-06T19:05:25","modified_gmt":"2026-04-06T19:05:25","slug":"champu-artesanal-ortiga","status":"publish","type":"product","link":"https:\/\/manantialdelasflores.com\/en\/shop\/champu-artesanal-ortiga\/","title":{"rendered":"Champ\u00fa artesanal ortiga"},"content":{"rendered":"<div class=\"short-description\">\n<div class=\"std\">\n<p><span class=\"s1\">Hecho con las hojas de la ortiga, es p<\/span>ara prevenir y reducir la ca\u00edda del cabello de cualquier tipo \u00f3 color.\u00a0<span class=\"s1\">P<\/span><span class=\"s1\">roduce una espuma suave y natural que el cabello y el cuero cabelludo necesitan para limpiarse adecuadamente.\u00a0<\/span>Cualidad arom\u00e1tica: energ\u00e9tico, reforzador del sistema nervioso, agudiza la inteligencia, mantiene el estado de alerta. Frotar directamente sobre el cabello mojado y extender, dar un buen masaje y enjuagar abundantemente. Para mejores resultados utilizar la <em>Loci\u00f3n Capilar Artesanal Ortiga<\/em>\u00a0Manantial de las Flores.<\/p>\n<p><strong>Ingredientes:<\/strong> Agua de manantial, aceite de oliva prensado en fr\u00edo, aceite de coco, aceite de ricino, ortiga, albahaca, mastuerzo, cola de caballo y s\u00e1bila cultivados por nosotros y aceite esencial de romero.<\/p>\n<\/div>\n<\/div>\n<div class=\"sku\">\n<p><strong>Presentaci\u00f3n:\u00a0<\/strong>Botella PET reciclable de 500ml con dispensador.<\/p>\n<\/div>\n","protected":false},"excerpt":{"rendered":"<p><span class=\"s1\">Especial para el cabello fr\u00e1gil, para evitar la ca\u00edda del cabello, apoyar su crecimiento y mantener sanas sus ra\u00edces.<\/span><span class=\"s1\">\u00a0100% vegano y natural.<\/span><\/p>\n","protected":false},"featured_media":94,"comment_status":"open","ping_status":"closed","template":"","meta":[],"product_brand":[],"product_cat":[27,18,28],"product_tag":[151,179,178,30,29,198,31],"class_list":{"0":"post-885","1":"product","2":"type-product","3":"status-publish","4":"has-post-thumbnail","6":"product_cat-champu-artesanales","7":"product_cat-cuidado-corporal","8":"product_cat-cuidado-del-cabello","9":"product_tag-artesanal","10":"product_tag-cabello-fragil","11":"product_tag-caida-de-cabello","12":"product_tag-champu","13":"product_tag-cuidado-del-cabello","14":"product_tag-debil","15":"product_tag-ortiga","17":"first","18":"instock","19":"featured","20":"shipping-taxable","21":"purchasable","22":"product-type-simple"},"_links":{"self":[{"href":"https:\/\/manantialdelasflores.com\/en\/wp-json\/wp\/v2\/product\/885","targetHints":{"allow":["GET"]}}],"collection":[{"href":"https:\/\/manantialdelasflores.com\/en\/wp-json\/wp\/v2\/product"}],"about":[{"href":"https:\/\/manantialdelasflores.com\/en\/wp-json\/wp\/v2\/types\/product"}],"replies":[{"embeddable":true,"href":"https:\/\/manantialdelasflores.com\/en\/wp-json\/wp\/v2\/comments?post=885"}],"wp:featuredmedia":[{"embeddable":true,"href":"https:\/\/manantialdelasflores.com\/en\/wp-json\/wp\/v2\/media\/94"}],"wp:attachment":[{"href":"https:\/\/manantialdelasflores.com\/en\/wp-json\/wp\/v2\/media?parent=885"}],"wp:term":[{"taxonomy":"product_brand","embeddable":true,"href":"https:\/\/manantialdelasflores.com\/en\/wp-json\/wp\/v2\/product_brand?post=885"},{"taxonomy":"product_cat","embeddable":true,"href":"https:\/\/manantialdelasflores.com\/en\/wp-json\/wp\/v2\/product_cat?post=885"},{"taxonomy":"product_tag","embeddable":true,"href":"https:\/\/manantialdelasflores.com\/en\/wp-json\/wp\/v2\/product_tag?post=885"}],"curies":[{"name":"wp","href":"https:\/\/api.w.org\/{rel}","templated":true}]}}