{"id":914,"date":"2024-01-11T00:08:03","date_gmt":"2024-01-11T00:08:03","guid":{"rendered":"https:\/\/manantialdelasflores.com\/?post_type=product&#038;p=914"},"modified":"2025-03-19T21:34:24","modified_gmt":"2025-03-19T21:34:24","slug":"pomada-de-calendula-30g","status":"publish","type":"product","link":"https:\/\/manantialdelasflores.com\/en\/shop\/pomada-de-calendula-30g\/","title":{"rendered":"Pomada de cal\u00e9ndula 30g"},"content":{"rendered":"<p>Pomada suave y curativa, \u00fatil para heridas, rozaduras de beb\u00e9 y cortes ayudando a prevenir infecciones. Elaborada con las propiedades calmantes y cicatrizadoras de las flores de cal\u00e9ndula. Le a\u00f1adimos c\u00farcuma por sus propiedades desinflamantes y antivirales, y aceite esencial de lim\u00f3n prensado en fr\u00edo por sus propiedades antis\u00e9pticas. Promueve el proceso de curaci\u00f3n natural. Aplicar sobre la piel limpia y seca.<\/p>\n<p><strong>Ingredientes:<\/strong> Aceite de ajonjol\u00ed, aceite de ricino, cera de candelilla, Calendula officinalis (cal\u00e9ndula), Curcuma longa (c\u00farcuma), Aquillea millefolium (milenrama) y Melia azederach (para\u00edso) cultivados por nosotros mismos; aceite de semilla de toronja y aceite esencial de lim\u00f3n.<\/p>\n<p><strong>Presentaci\u00f3n:<\/strong> Tarro de cristal con 30g<\/p>\n","protected":false},"excerpt":{"rendered":"<p class=\"p1\"><span class=\"s1\">Para heridas, rozaduras, cortadas, quemaduras, piquetes de insecto, hongos y cicatrices de enfermedades eruptivas. 100% vegano y natural.<\/span><\/p>\n","protected":false},"featured_media":894,"comment_status":"open","ping_status":"closed","template":"","meta":[],"product_brand":[],"product_cat":[259,18],"product_tag":[268,48,309,312,54,311,310],"class_list":{"0":"post-914","1":"product","2":"type-product","3":"status-publish","4":"has-post-thumbnail","6":"product_cat-botiquin-natural","7":"product_cat-cuidado-corporal","8":"product_tag-botiquin-natural","9":"product_tag-calendula","10":"product_tag-cortadas","11":"product_tag-heridas","12":"product_tag-pomada","13":"product_tag-quemaduras","14":"product_tag-rozaduras","16":"first","17":"instock","18":"shipping-taxable","19":"purchasable","20":"product-type-simple"},"_links":{"self":[{"href":"https:\/\/manantialdelasflores.com\/en\/wp-json\/wp\/v2\/product\/914","targetHints":{"allow":["GET"]}}],"collection":[{"href":"https:\/\/manantialdelasflores.com\/en\/wp-json\/wp\/v2\/product"}],"about":[{"href":"https:\/\/manantialdelasflores.com\/en\/wp-json\/wp\/v2\/types\/product"}],"replies":[{"embeddable":true,"href":"https:\/\/manantialdelasflores.com\/en\/wp-json\/wp\/v2\/comments?post=914"}],"wp:featuredmedia":[{"embeddable":true,"href":"https:\/\/manantialdelasflores.com\/en\/wp-json\/wp\/v2\/media\/894"}],"wp:attachment":[{"href":"https:\/\/manantialdelasflores.com\/en\/wp-json\/wp\/v2\/media?parent=914"}],"wp:term":[{"taxonomy":"product_brand","embeddable":true,"href":"https:\/\/manantialdelasflores.com\/en\/wp-json\/wp\/v2\/product_brand?post=914"},{"taxonomy":"product_cat","embeddable":true,"href":"https:\/\/manantialdelasflores.com\/en\/wp-json\/wp\/v2\/product_cat?post=914"},{"taxonomy":"product_tag","embeddable":true,"href":"https:\/\/manantialdelasflores.com\/en\/wp-json\/wp\/v2\/product_tag?post=914"}],"curies":[{"name":"wp","href":"https:\/\/api.w.org\/{rel}","templated":true}]}}