{"id":942,"date":"2023-04-23T23:00:08","date_gmt":"2023-04-23T23:00:08","guid":{"rendered":"https:\/\/manantialdelasflores.com\/?post_type=product&#038;p=942"},"modified":"2025-03-19T21:34:41","modified_gmt":"2025-03-19T21:34:41","slug":"harina-de-trigo-integral","status":"publish","type":"product","link":"https:\/\/manantialdelasflores.com\/en\/shop\/harina-de-trigo-integral\/","title":{"rendered":"Harina de trigo integral"},"content":{"rendered":"<p>Con trigo sembrado agroecol\u00f3gicamente por campesinos del Cofre de Perote, molemos nuestra rica harina integral para elaborar panader\u00eda cl\u00e1sica tiene un contenido alto de prote\u00ednas y gluten.<\/p>\n<p><strong>Ingredientes:<\/strong> Triticum aestivum (trigo de pan) molido en el Rancho Agroecol\u00f3gico Agua Escondida<\/p>\n<p><strong>Presentaci\u00f3n:<\/strong> Bolsa de 500g<\/p>\n","protected":false},"excerpt":{"rendered":"<p>De la harina de trigo se elaboran panes, galletas y bases de pizza.<\/p>\n","protected":false},"featured_media":438,"comment_status":"open","ping_status":"closed","template":"","meta":[],"product_brand":[],"product_cat":[72,128],"product_tag":[129,138],"class_list":{"0":"post-942","1":"product","2":"type-product","3":"status-publish","4":"has-post-thumbnail","6":"product_cat-alimentacion","7":"product_cat-harinas-y-cereales","8":"product_tag-harina","9":"product_tag-sorgo-integral","11":"first","12":"instock","13":"shipping-taxable","14":"purchasable","15":"product-type-simple"},"_links":{"self":[{"href":"https:\/\/manantialdelasflores.com\/en\/wp-json\/wp\/v2\/product\/942","targetHints":{"allow":["GET"]}}],"collection":[{"href":"https:\/\/manantialdelasflores.com\/en\/wp-json\/wp\/v2\/product"}],"about":[{"href":"https:\/\/manantialdelasflores.com\/en\/wp-json\/wp\/v2\/types\/product"}],"replies":[{"embeddable":true,"href":"https:\/\/manantialdelasflores.com\/en\/wp-json\/wp\/v2\/comments?post=942"}],"wp:featuredmedia":[{"embeddable":true,"href":"https:\/\/manantialdelasflores.com\/en\/wp-json\/wp\/v2\/media\/438"}],"wp:attachment":[{"href":"https:\/\/manantialdelasflores.com\/en\/wp-json\/wp\/v2\/media?parent=942"}],"wp:term":[{"taxonomy":"product_brand","embeddable":true,"href":"https:\/\/manantialdelasflores.com\/en\/wp-json\/wp\/v2\/product_brand?post=942"},{"taxonomy":"product_cat","embeddable":true,"href":"https:\/\/manantialdelasflores.com\/en\/wp-json\/wp\/v2\/product_cat?post=942"},{"taxonomy":"product_tag","embeddable":true,"href":"https:\/\/manantialdelasflores.com\/en\/wp-json\/wp\/v2\/product_tag?post=942"}],"curies":[{"name":"wp","href":"https:\/\/api.w.org\/{rel}","templated":true}]}}