{"id":959,"date":"2024-01-24T00:21:39","date_gmt":"2024-01-24T00:21:39","guid":{"rendered":"https:\/\/manantialdelasflores.com\/?post_type=product&#038;p=959"},"modified":"2025-03-19T21:34:21","modified_gmt":"2025-03-19T21:34:21","slug":"arruruz-en-polvo","status":"publish","type":"product","link":"https:\/\/manantialdelasflores.com\/en\/shop\/arruruz-en-polvo\/","title":{"rendered":"Arruruz en polvo"},"content":{"rendered":"<p>Del sag\u00fa, planta tropical americana, cosechamos sus ra\u00edces y las procesamos para obtener el almid\u00f3n \"arrurruz\". Es muy ligera para el est\u00f3mago por lo que es ideal para ni\u00f1os, personas de la 3ra edad y para problemas de \u00falcera y gastritis.<br \/>\nSustituye a la maizena en partes id\u00e9nticas en cualquier receta.<br \/>\n<strong><br \/>\nIngredientes: <\/strong>Arrurruz (Maranta arundinacea).<\/p>\n<p><strong>Presentaci\u00f3n:\u00a0<\/strong>Frasco de cristal con 100 g.<\/p>\n","protected":false},"excerpt":{"rendered":"<p>El almid\u00f3n \"arrurruz\" es una harina sedosa que se utiliza para espesar sopas, salsas y atoles y para hornear panes y reposter\u00eda sin gluten.<\/p>\n","protected":false},"featured_media":956,"comment_status":"open","ping_status":"closed","template":"","meta":[],"product_brand":[],"product_cat":[72,128],"product_tag":[244,213],"class_list":{"0":"post-959","1":"product","2":"type-product","3":"status-publish","4":"has-post-thumbnail","6":"product_cat-alimentacion","7":"product_cat-harinas-y-cereales","8":"product_tag-arruruz","9":"product_tag-polvo","11":"first","12":"instock","13":"shipping-taxable","14":"purchasable","15":"product-type-simple"},"_links":{"self":[{"href":"https:\/\/manantialdelasflores.com\/en\/wp-json\/wp\/v2\/product\/959","targetHints":{"allow":["GET"]}}],"collection":[{"href":"https:\/\/manantialdelasflores.com\/en\/wp-json\/wp\/v2\/product"}],"about":[{"href":"https:\/\/manantialdelasflores.com\/en\/wp-json\/wp\/v2\/types\/product"}],"replies":[{"embeddable":true,"href":"https:\/\/manantialdelasflores.com\/en\/wp-json\/wp\/v2\/comments?post=959"}],"wp:featuredmedia":[{"embeddable":true,"href":"https:\/\/manantialdelasflores.com\/en\/wp-json\/wp\/v2\/media\/956"}],"wp:attachment":[{"href":"https:\/\/manantialdelasflores.com\/en\/wp-json\/wp\/v2\/media?parent=959"}],"wp:term":[{"taxonomy":"product_brand","embeddable":true,"href":"https:\/\/manantialdelasflores.com\/en\/wp-json\/wp\/v2\/product_brand?post=959"},{"taxonomy":"product_cat","embeddable":true,"href":"https:\/\/manantialdelasflores.com\/en\/wp-json\/wp\/v2\/product_cat?post=959"},{"taxonomy":"product_tag","embeddable":true,"href":"https:\/\/manantialdelasflores.com\/en\/wp-json\/wp\/v2\/product_tag?post=959"}],"curies":[{"name":"wp","href":"https:\/\/api.w.org\/{rel}","templated":true}]}}