{"id":963,"date":"2024-01-24T00:45:19","date_gmt":"2024-01-24T00:45:19","guid":{"rendered":"https:\/\/manantialdelasflores.com\/?post_type=product&#038;p=963"},"modified":"2025-03-19T21:34:20","modified_gmt":"2025-03-19T21:34:20","slug":"mezcla-deshidratada-de-verduras","status":"publish","type":"product","link":"https:\/\/manantialdelasflores.com\/en\/shop\/mezcla-deshidratada-de-verduras\/","title":{"rendered":"Mezcla deshidratada de verduras"},"content":{"rendered":"<p>Una rica mezcla de verduras que no comemos siempre<\/p>\n<p><strong>Ingredientes: <\/strong>Br\u00f3coli, espinaca, pack choi, cebolleta, nabo, colinabo, kale, apio, ortiga, zanahoria, lechuga, chayote, verdolaga, ch\u00edcharo, ejote, eneldo, perejil, romero y ajo todo cultivado en el Rancho Agroecol\u00f3gico Agua Escondida.<\/p>\n<p><strong>Presentaci\u00f3n:\u00a0<\/strong>Frasco de cristal con 60 g.<\/p>\n","protected":false},"excerpt":{"rendered":"<p>\u00dasala para condimentar cualquier platillo a la hora de cocinarlo \u00f3 ya en la mesa y prepara un caldo de verduras instant\u00e1neo hirviendo un litro de agua con una cucharadita de las hierbas y verduras deshidratadas.<\/p>\n","protected":false},"featured_media":958,"comment_status":"open","ping_status":"closed","template":"","meta":[],"product_brand":[],"product_cat":[72,136,227],"product_tag":[228,240,241],"class_list":{"0":"post-963","1":"product","2":"type-product","3":"status-publish","4":"has-post-thumbnail","6":"product_cat-alimentacion","7":"product_cat-condimentos","8":"product_cat-hierbas-y-especias","9":"product_tag-hierbas-y-especias","10":"product_tag-hojuelas-de-pimiento","11":"product_tag-rojo","13":"first","14":"instock","15":"shipping-taxable","16":"purchasable","17":"product-type-simple"},"_links":{"self":[{"href":"https:\/\/manantialdelasflores.com\/en\/wp-json\/wp\/v2\/product\/963","targetHints":{"allow":["GET"]}}],"collection":[{"href":"https:\/\/manantialdelasflores.com\/en\/wp-json\/wp\/v2\/product"}],"about":[{"href":"https:\/\/manantialdelasflores.com\/en\/wp-json\/wp\/v2\/types\/product"}],"replies":[{"embeddable":true,"href":"https:\/\/manantialdelasflores.com\/en\/wp-json\/wp\/v2\/comments?post=963"}],"wp:featuredmedia":[{"embeddable":true,"href":"https:\/\/manantialdelasflores.com\/en\/wp-json\/wp\/v2\/media\/958"}],"wp:attachment":[{"href":"https:\/\/manantialdelasflores.com\/en\/wp-json\/wp\/v2\/media?parent=963"}],"wp:term":[{"taxonomy":"product_brand","embeddable":true,"href":"https:\/\/manantialdelasflores.com\/en\/wp-json\/wp\/v2\/product_brand?post=963"},{"taxonomy":"product_cat","embeddable":true,"href":"https:\/\/manantialdelasflores.com\/en\/wp-json\/wp\/v2\/product_cat?post=963"},{"taxonomy":"product_tag","embeddable":true,"href":"https:\/\/manantialdelasflores.com\/en\/wp-json\/wp\/v2\/product_tag?post=963"}],"curies":[{"name":"wp","href":"https:\/\/api.w.org\/{rel}","templated":true}]}}