{"id":98,"date":"2022-11-16T22:39:52","date_gmt":"2022-11-16T22:39:52","guid":{"rendered":"https:\/\/manantialdelasflores.com\/?post_type=product&#038;p=98"},"modified":"2025-09-18T19:40:09","modified_gmt":"2025-09-18T19:40:09","slug":"champu-artesanal-de-romero","status":"publish","type":"product","link":"https:\/\/manantialdelasflores.com\/en\/shop\/champu-artesanal-de-romero\/","title":{"rendered":"Champ\u00fa artesanal de romero"},"content":{"rendered":"<div class=\"short-description\">\n<div class=\"std\">\n<p><span class=\"s1\">Champ\u00fa l\u00edquido hecho con hojas de romero, es para cabello normal oscuro. <\/span>Cualidad arom\u00e1tica: estimulante, energ\u00e9tico y afrodisiaco. <span class=\"s1\">P<\/span><span class=\"s1\">roduce una espuma suave y natural que\u00a0<\/span><span class=\"s1\">mantiene el cabello sano, brillante, suave y manejable.<\/span> Frotar directamente sobre el cabello mojado y extender, dar un buen masaje y enjuagar abundantemente. Para mejores resultados utilizar con el <em>Enjuague Acondicionador Artesanal Romero<\/em> Manantial de las Flores.<\/p>\n<p><strong>Ingredientes:<\/strong> Agua de manantial, aceite de oliva prensado en fr\u00edo, aceite de coco, aceite de ricino, romero, zacate lim\u00f3n, cola de caballo, hiedra y s\u00e1bila cultivados agroecol\u00f3gicamente y aceite esencial de romero.<\/p>\n<p><strong>Presentaci\u00f3n: <\/strong>Botella PET reciclable de 500ml con dispensador.<\/p>\n<\/div>\n<\/div>\n","protected":false},"excerpt":{"rendered":"<p><span class=\"s1\">Especial p<\/span><span class=\"s1\">ara conservar brillante, suave y sano el cabello oscuro, as\u00ed como para prevenir las canas.<\/span><span class=\"s1\">\u00a0<\/span><span class=\"s1\">100% vegano y natural.<\/span><\/p>\n<p>&nbsp;<\/p>\n","protected":false},"featured_media":95,"comment_status":"open","ping_status":"closed","template":"","meta":[],"product_brand":[],"product_cat":[27,18,28],"product_tag":[151,180,30,29,197,32],"class_list":{"0":"post-98","1":"product","2":"type-product","3":"status-publish","4":"has-post-thumbnail","6":"product_cat-champu-artesanales","7":"product_cat-cuidado-corporal","8":"product_cat-cuidado-del-cabello","9":"product_tag-artesanal","10":"product_tag-cabello-oscuro","11":"product_tag-champu","12":"product_tag-cuidado-del-cabello","13":"product_tag-estimulante","14":"product_tag-romero","16":"first","17":"instock","18":"shipping-taxable","19":"purchasable","20":"product-type-simple"},"_links":{"self":[{"href":"https:\/\/manantialdelasflores.com\/en\/wp-json\/wp\/v2\/product\/98","targetHints":{"allow":["GET"]}}],"collection":[{"href":"https:\/\/manantialdelasflores.com\/en\/wp-json\/wp\/v2\/product"}],"about":[{"href":"https:\/\/manantialdelasflores.com\/en\/wp-json\/wp\/v2\/types\/product"}],"replies":[{"embeddable":true,"href":"https:\/\/manantialdelasflores.com\/en\/wp-json\/wp\/v2\/comments?post=98"}],"wp:featuredmedia":[{"embeddable":true,"href":"https:\/\/manantialdelasflores.com\/en\/wp-json\/wp\/v2\/media\/95"}],"wp:attachment":[{"href":"https:\/\/manantialdelasflores.com\/en\/wp-json\/wp\/v2\/media?parent=98"}],"wp:term":[{"taxonomy":"product_brand","embeddable":true,"href":"https:\/\/manantialdelasflores.com\/en\/wp-json\/wp\/v2\/product_brand?post=98"},{"taxonomy":"product_cat","embeddable":true,"href":"https:\/\/manantialdelasflores.com\/en\/wp-json\/wp\/v2\/product_cat?post=98"},{"taxonomy":"product_tag","embeddable":true,"href":"https:\/\/manantialdelasflores.com\/en\/wp-json\/wp\/v2\/product_tag?post=98"}],"curies":[{"name":"wp","href":"https:\/\/api.w.org\/{rel}","templated":true}]}}