{"id":1010,"date":"2024-02-23T16:34:33","date_gmt":"2024-02-23T16:34:33","guid":{"rendered":"https:\/\/manantialdelasflores.com\/?post_type=product&#038;p=1010"},"modified":"2025-03-19T21:34:19","modified_gmt":"2025-03-19T21:34:19","slug":"galletas-integrales-de-semillas-y-chocolate","status":"publish","type":"product","link":"https:\/\/manantialdelasflores.com\/es\/shop\/galletas-integrales-de-semillas-y-chocolate\/","title":{"rendered":"Galletas integrales de semillas y chocolate"},"content":{"rendered":"<p>Nuestras galletas realmente son integrales, est\u00e1n elaboradas con granos completos, semillas, buenas grasas, moscabado o piloncillo, huevo de rancho, sal del Himalaya y polvo de hornear Manantial de las Flores. Sin aluminio y con arrurruz cultivado por nosotros mismos en el Rancho Agroecol\u00f3gico Agua Escondida. No contiene ni aditivos ni qu\u00edmicos, ni transg\u00e9nicos. Cons\u00famase de inmediato o refrig\u00e9rese.<\/p>\n<p><strong>Ingredientes: <\/strong>Harina integral de trigo, mantequilla pura de vaca, chispas de chocolate, semillas de girasol, nuez pecana, ajonjol\u00ed, az\u00facar moscabado, huevo de rancho, polvo de hornear Manantial de las Flores y sal del Himalaya.<\/p>\n<p><strong>Presentaci\u00f3n: <\/strong>Bolsa reciclable con 4 piezas (120 g).<\/p>","protected":false},"excerpt":{"rendered":"<p>Deliciosas y muy nutritivas. Ideales para acompa\u00f1ar el caf\u00e9. 100% integrales y naturales.<\/p>","protected":false},"featured_media":945,"comment_status":"open","ping_status":"closed","template":"","meta":[],"product_brand":[],"product_cat":[72,409],"product_tag":[415,410,411,175,414,416,327],"class_list":{"0":"post-1010","1":"product","2":"type-product","3":"status-publish","4":"has-post-thumbnail","6":"product_cat-alimentacion","7":"product_cat-panaderia","8":"product_tag-chocolate","9":"product_tag-galletas","10":"product_tag-integrales","11":"product_tag-natural","12":"product_tag-nueces","13":"product_tag-nuez-pecana","14":"product_tag-semillas","16":"first","17":"instock","18":"shipping-taxable","19":"purchasable","20":"product-type-simple"},"_links":{"self":[{"href":"https:\/\/manantialdelasflores.com\/es\/wp-json\/wp\/v2\/product\/1010","targetHints":{"allow":["GET"]}}],"collection":[{"href":"https:\/\/manantialdelasflores.com\/es\/wp-json\/wp\/v2\/product"}],"about":[{"href":"https:\/\/manantialdelasflores.com\/es\/wp-json\/wp\/v2\/types\/product"}],"replies":[{"embeddable":true,"href":"https:\/\/manantialdelasflores.com\/es\/wp-json\/wp\/v2\/comments?post=1010"}],"wp:featuredmedia":[{"embeddable":true,"href":"https:\/\/manantialdelasflores.com\/es\/wp-json\/wp\/v2\/media\/945"}],"wp:attachment":[{"href":"https:\/\/manantialdelasflores.com\/es\/wp-json\/wp\/v2\/media?parent=1010"}],"wp:term":[{"taxonomy":"product_brand","embeddable":true,"href":"https:\/\/manantialdelasflores.com\/es\/wp-json\/wp\/v2\/product_brand?post=1010"},{"taxonomy":"product_cat","embeddable":true,"href":"https:\/\/manantialdelasflores.com\/es\/wp-json\/wp\/v2\/product_cat?post=1010"},{"taxonomy":"product_tag","embeddable":true,"href":"https:\/\/manantialdelasflores.com\/es\/wp-json\/wp\/v2\/product_tag?post=1010"}],"curies":[{"name":"wp","href":"https:\/\/api.w.org\/{rel}","templated":true}]}}